{"id":9275,"date":"2023-08-10T14:02:16","date_gmt":"2023-08-10T12:02:16","guid":{"rendered":"https:\/\/monalashop.com\/?post_type=product&#038;p=9275"},"modified":"2026-02-21T19:25:19","modified_gmt":"2026-02-21T17:25:19","slug":"baltos-merino-vilnos-neriniuotos-kelnes","status":"publish","type":"product","link":"https:\/\/monalashop.com\/lt\/produktas\/baltos-merino-vilnos-neriniuotos-kelnes\/","title":{"rendered":"Kiaurara\u0161\u010diu ra\u0161tu megztos merino vilnos keln\u0117s"},"content":{"rendered":"<p>\u0160is kostiumas gaminamas pagal u\u017esakym\u0105, tod\u0117l gamybos procese u\u017etikrinama kokyb\u0117 ir tvarumas. Trikota\u017eo gamyba trunka 5-6 dienas, ta\u010diau \u0161is terminas gali skirtis priklausomai nuo bendro u\u017esakymo kiekio.<\/p>\n<ul>\n<li>Elastinis juosmuo<\/li>\n<li>Plat\u0117jantis siluetas<\/li>\n<li>Kiaurara\u0161\u010diu megztas ra\u0161tas<\/li>\n<li>Sud\u0117tis: 100% merino vilna.<\/li>\n<\/ul>\n<p>Tvarumas<\/p>\n<ul>\n<li>Med\u017eiagos: 100% atsakingai i\u0161gaunama merino vilna.<\/li>\n<li>Biologi\u0161kai suyranti: merinos\u0173 vilna yra nat\u016brali ir biologi\u0161kai suyranti.s<\/li>\n<li>Rank\u0173 darbas: daug darbo reikalaujanti gamyba ma\u017eina energijos naudojim\u0105 ir i\u0161metam\u0173j\u0173 ter\u0161al\u0173 kiek\u012f.<\/li>\n<li>Patvarumas: ilgalaikis, auk\u0161tos kokyb\u0117s meistri\u0161kumas.<\/li>\n<li>Ma\u017eos partijos: gaminama pagal u\u017esakym\u0105, kad b\u016bt\u0173 i\u0161vengta atliek\u0173.<\/li>\n<\/ul>\n<p>Pagaminta Lietuvoje<\/p>","protected":false},"excerpt":{"rendered":"<p>Eleganti\u0161kos ir lengvai krentan\u010dios pla\u010dios keln\u0117s yra prabangus garderobo elementas, kur\u012f galima d\u0117v\u0117ti vis\u0105 sezon\u0105. \u017davus n\u0117rini\u0173 ra\u0161tas suteikia \u0161iam siluetui eleganti\u0161kumo, o \u0161\u012f trikota\u017e\u0105 galite pasipuo\u0161ti prie jo derindami n\u0117riniuot\u0105 vir\u0161utin\u0119 dal\u012f. Elastingas liemuo prisitaiko prie \u012fvairi\u0173 liemens dyd\u017ei\u0173 ir padeda jaustis laisvai. Rinkit\u0117s \u0161ias trikota\u017eines kelnes patogiam keliavimui, ils\u0117jimuisi ir smagiai veiklai su \u0161eima.<\/p>","protected":false},"featured_media":8904,"comment_status":"open","ping_status":"closed","template":"","meta":{"_gspb_post_css":""},"product_brand":[],"product_cat":[337,338,246,54],"product_tag":[333],"class_list":{"0":"post-9275","1":"product","2":"type-product","3":"status-publish","4":"has-post-thumbnail","6":"product_cat-fabric","7":"product_cat-merino-wool","8":"product_cat-pants","9":"product_cat-women","10":"product_tag-merino","12":"first","13":"instock","14":"shipping-taxable","15":"purchasable","16":"product-type-variable"},"_links":{"self":[{"href":"https:\/\/monalashop.com\/lt\/wp-json\/wp\/v2\/product\/9275","targetHints":{"allow":["GET"]}}],"collection":[{"href":"https:\/\/monalashop.com\/lt\/wp-json\/wp\/v2\/product"}],"about":[{"href":"https:\/\/monalashop.com\/lt\/wp-json\/wp\/v2\/types\/product"}],"replies":[{"embeddable":true,"href":"https:\/\/monalashop.com\/lt\/wp-json\/wp\/v2\/comments?post=9275"}],"wp:featuredmedia":[{"embeddable":true,"href":"https:\/\/monalashop.com\/lt\/wp-json\/wp\/v2\/media\/8904"}],"wp:attachment":[{"href":"https:\/\/monalashop.com\/lt\/wp-json\/wp\/v2\/media?parent=9275"}],"wp:term":[{"taxonomy":"product_brand","embeddable":true,"href":"https:\/\/monalashop.com\/lt\/wp-json\/wp\/v2\/product_brand?post=9275"},{"taxonomy":"product_cat","embeddable":true,"href":"https:\/\/monalashop.com\/lt\/wp-json\/wp\/v2\/product_cat?post=9275"},{"taxonomy":"product_tag","embeddable":true,"href":"https:\/\/monalashop.com\/lt\/wp-json\/wp\/v2\/product_tag?post=9275"}],"curies":[{"name":"wp","href":"https:\/\/api.w.org\/{rel}","templated":true}]}}