{"id":8862,"date":"2023-08-09T21:36:54","date_gmt":"2023-08-09T19:36:54","guid":{"rendered":"https:\/\/monalashop.com\/?post_type=product&#038;p=8862"},"modified":"2026-02-21T19:27:00","modified_gmt":"2026-02-21T17:27:00","slug":"balti-megzti-marskineliai-su-neriniais","status":"publish","type":"product","link":"https:\/\/monalashop.com\/lt\/produktas\/balti-megzti-marskineliai-su-neriniais\/","title":{"rendered":"Megzti merino vilnos mar\u0161kiniai"},"content":{"rendered":"<p>\u0160is kostiumas gaminamas pagal u\u017esakym\u0105, tod\u0117l gamybos procese u\u017etikrinama kokyb\u0117 ir tvarumas. Trikota\u017eo gamyba trunka 5-6 dienas, ta\u010diau \u0161is terminas gali skirtis priklausomai nuo bendro u\u017esakymo kiekio.<\/p>\n<ul>\n<li>Klasikin\u0117 apykakl\u0117<\/li>\n<li>Kiaurara\u0161\u010diu megztas ra\u0161tas<\/li>\n<li>\u0160onuose skeltukai<\/li>\n<li>Ilgos rankov\u0117s<\/li>\n<li>Sud\u0117tis: 100% merino vilna.<\/li>\n<\/ul>\n<p>Tvarumas<\/p>\n<ul>\n<li>Med\u017eiagos: 100% atsakingai i\u0161gaunama merino vilna.<\/li>\n<li>Biologi\u0161kai suyranti: merinos\u0173 vilna yra nat\u016brali ir biologi\u0161kai suyranti.s<\/li>\n<li>Rank\u0173 darbas: daug darbo reikalaujanti gamyba ma\u017eina energijos naudojim\u0105 ir i\u0161metam\u0173j\u0173 ter\u0161al\u0173 kiek\u012f.<\/li>\n<li>Patvarumas: ilgalaikis, auk\u0161tos kokyb\u0117s meistri\u0161kumas.<\/li>\n<li>Ma\u017eos partijos: gaminama pagal u\u017esakym\u0105, kad b\u016bt\u0173 i\u0161vengta atliek\u0173.<\/li>\n<\/ul>\n<p>Pagaminta Lietuvoje<\/p>\n<p>&nbsp;<\/p>","protected":false},"excerpt":{"rendered":"<div class=\"l60d2q6s d1544ag0 sj5x9vvc tw6a2znq l9j0dhe7 ni8dbmo4 stjgntxs e72ty7fz qlfml3jp inkptoze qmr60zad jm1wdb64 qv66sw1b ljqsnud1 odn2s2vf tkr6xdv7\" role=\"none\">\n<div class=\"rq0escxv l9j0dhe7 du4w35lb __fb-light-mode\" role=\"none\">\n<div class=\"oo9gr5id ii04i59q\" dir=\"auto\" role=\"none\">\n<p><span style=\"font-size: 16px;\">\u0160i megzta palaidin\u0117 ilgomis rankov\u0117mis, pagaminta i\u0161 100 % merino vilnos, pasi\u017eymi subtiliu kiaurara\u0161\u010dio ra\u0161tu ir minimalistiniu siluetu. Banguoti kra\u0161tai ir \u0161velni tekst\u016bra suteikia moteri\u0161kumo bei lengvumo, o klasikin\u0117 apykakl\u0117 suteikia i\u0161laikytos elegancijos. Universalus drabu\u017eis, tinkantis \u012fvairioms progoms \u2013 nuo kasdienos iki ypating\u0173 akimirk\u0173<\/span><\/p>\n<\/div>\n<\/div>\n<\/div>","protected":false},"featured_media":8903,"comment_status":"open","ping_status":"closed","template":"","meta":{"_gspb_post_css":""},"product_brand":[],"product_cat":[337,338,247,54],"product_tag":[333],"class_list":{"0":"post-8862","1":"product","2":"type-product","3":"status-publish","4":"has-post-thumbnail","6":"product_cat-fabric","7":"product_cat-merino-wool","8":"product_cat-tops","9":"product_cat-women","10":"product_tag-merino","12":"first","13":"instock","14":"shipping-taxable","15":"purchasable","16":"product-type-variable"},"_links":{"self":[{"href":"https:\/\/monalashop.com\/lt\/wp-json\/wp\/v2\/product\/8862","targetHints":{"allow":["GET"]}}],"collection":[{"href":"https:\/\/monalashop.com\/lt\/wp-json\/wp\/v2\/product"}],"about":[{"href":"https:\/\/monalashop.com\/lt\/wp-json\/wp\/v2\/types\/product"}],"replies":[{"embeddable":true,"href":"https:\/\/monalashop.com\/lt\/wp-json\/wp\/v2\/comments?post=8862"}],"wp:featuredmedia":[{"embeddable":true,"href":"https:\/\/monalashop.com\/lt\/wp-json\/wp\/v2\/media\/8903"}],"wp:attachment":[{"href":"https:\/\/monalashop.com\/lt\/wp-json\/wp\/v2\/media?parent=8862"}],"wp:term":[{"taxonomy":"product_brand","embeddable":true,"href":"https:\/\/monalashop.com\/lt\/wp-json\/wp\/v2\/product_brand?post=8862"},{"taxonomy":"product_cat","embeddable":true,"href":"https:\/\/monalashop.com\/lt\/wp-json\/wp\/v2\/product_cat?post=8862"},{"taxonomy":"product_tag","embeddable":true,"href":"https:\/\/monalashop.com\/lt\/wp-json\/wp\/v2\/product_tag?post=8862"}],"curies":[{"name":"wp","href":"https:\/\/api.w.org\/{rel}","templated":true}]}}