{"id":8669,"date":"2023-08-09T11:39:14","date_gmt":"2023-08-09T09:39:14","guid":{"rendered":"https:\/\/monalashop.com\/?post_type=product&#038;p=8669"},"modified":"2026-02-21T19:27:36","modified_gmt":"2026-02-21T17:27:36","slug":"naturalus-baltas-merino-vilnos-megztinis","status":"publish","type":"product","link":"https:\/\/monalashop.com\/lt\/produktas\/naturalus-baltas-merino-vilnos-megztinis\/","title":{"rendered":"Merino vilnos megztinis su apvalia apykakle"},"content":{"rendered":"<p>\u0160is gaminys megzamas pagal u\u017esakym\u0105, tod\u0117l gamybos procese u\u017etikrinama kokyb\u0117 ir tvarumas. Trikota\u017eo gamyba trunka 3-4 dienas, ta\u010diau \u0161is terminas gali skirtis priklausomai nuo bendro u\u017esakymo kiekio.<\/p>\n<ul>\n<li>Apvali kaklo i\u0161kirpt\u0117s<\/li>\n<li>Briaunota kaklo i\u0161kirpt\u0117, rankogaliai ir apa\u010dia<\/li>\n<li>Statytos rankov\u0117s<\/li>\n<li>Rank\u0173 darbo<\/li>\n<li>Pagamintas i\u0161 100% merino vilnos<\/li>\n<\/ul>\n<p>Tvarumas<\/p>\n<ul>\n<li>Med\u017eiagos: 100% atsakingai i\u0161gaunama merino vilna.<\/li>\n<li>Biologi\u0161kai suyranti: merinos\u0173 vilna yra nat\u016brali ir biologi\u0161kai suyranti.s<\/li>\n<li>Rank\u0173 darbas: daug darbo reikalaujanti gamyba ma\u017eina energijos naudojim\u0105 ir i\u0161metam\u0173j\u0173 ter\u0161al\u0173 kiek\u012f.<\/li>\n<li>Patvarumas: ilgalaikis, auk\u0161tos kokyb\u0117s meistri\u0161kumas.<\/li>\n<li>Ma\u017eos partijos: gaminama pagal u\u017esakym\u0105, kad b\u016bt\u0173 i\u0161vengta atliek\u0173.<\/li>\n<\/ul>\n<p>Pagaminta Lietuvoje<\/p>","protected":false},"excerpt":{"rendered":"<p>Niekada nesuklysite pasirink\u0119 klasikinius siluetus, o \u0161is merino vilnos megztinis yra vienas i\u0161 t\u0173, kuriuos galite \u012ftraukti \u012f savo drabu\u017ei\u0173 spint\u0105. Jo paprastas siluetas puikiai tiks dienai biure ar \u0161eimos renginiui.<\/p>","protected":false},"featured_media":8683,"comment_status":"open","ping_status":"closed","template":"","meta":{"_gspb_post_css":""},"product_brand":[],"product_cat":[337,338,67,54],"product_tag":[333],"class_list":{"0":"post-8669","1":"product","2":"type-product","3":"status-publish","4":"has-post-thumbnail","6":"product_cat-fabric","7":"product_cat-merino-wool","8":"product_cat-sweaters","9":"product_cat-women","10":"product_tag-merino","12":"first","13":"instock","14":"shipping-taxable","15":"purchasable","16":"product-type-variable"},"_links":{"self":[{"href":"https:\/\/monalashop.com\/lt\/wp-json\/wp\/v2\/product\/8669","targetHints":{"allow":["GET"]}}],"collection":[{"href":"https:\/\/monalashop.com\/lt\/wp-json\/wp\/v2\/product"}],"about":[{"href":"https:\/\/monalashop.com\/lt\/wp-json\/wp\/v2\/types\/product"}],"replies":[{"embeddable":true,"href":"https:\/\/monalashop.com\/lt\/wp-json\/wp\/v2\/comments?post=8669"}],"wp:featuredmedia":[{"embeddable":true,"href":"https:\/\/monalashop.com\/lt\/wp-json\/wp\/v2\/media\/8683"}],"wp:attachment":[{"href":"https:\/\/monalashop.com\/lt\/wp-json\/wp\/v2\/media?parent=8669"}],"wp:term":[{"taxonomy":"product_brand","embeddable":true,"href":"https:\/\/monalashop.com\/lt\/wp-json\/wp\/v2\/product_brand?post=8669"},{"taxonomy":"product_cat","embeddable":true,"href":"https:\/\/monalashop.com\/lt\/wp-json\/wp\/v2\/product_cat?post=8669"},{"taxonomy":"product_tag","embeddable":true,"href":"https:\/\/monalashop.com\/lt\/wp-json\/wp\/v2\/product_tag?post=8669"}],"curies":[{"name":"wp","href":"https:\/\/api.w.org\/{rel}","templated":true}]}}