{"id":7700,"date":"2023-08-07T21:35:57","date_gmt":"2023-08-07T19:35:57","guid":{"rendered":"https:\/\/monalashop.com\/?post_type=product&#038;p=7700"},"modified":"2026-02-21T19:30:01","modified_gmt":"2026-02-21T17:30:01","slug":"moteriskos-neriniuotos-kelnes","status":"publish","type":"product","link":"https:\/\/monalashop.com\/lt\/produktas\/moteriskos-neriniuotos-kelnes\/","title":{"rendered":"N\u0117riniuotos keln\u0117s su elastingu liemeniu"},"content":{"rendered":"<p>\u0160is kostiumas gaminamas pagal u\u017esakym\u0105, tod\u0117l gamybos procese u\u017etikrinama kokyb\u0117 ir tvarumas. Trikota\u017eo gamyba trunka 5-6 dienas, ta\u010diau \u0161is terminas gali skirtis priklausomai nuo bendro u\u017esakymo kiekio.<\/p>\n<ul>\n<li>Elastinis juosmuo<\/li>\n<li>I\u0161skleista tinka<\/li>\n<li>Kiaurara\u0161\u010diu megztas ra\u0161tas<\/li>\n<li>Sud\u0117tis: 100% merino vilna.<\/li>\n<\/ul>\n<p>Tvarumas<\/p>\n<ul>\n<li>Med\u017eiagos: 100% atsakingai i\u0161gaunama merino vilna.<\/li>\n<li>Biologi\u0161kai suyranti: merinos\u0173 vilna yra nat\u016brali ir biologi\u0161kai suyranti.s<\/li>\n<li>Rank\u0173 darbas: daug darbo reikalaujanti gamyba ma\u017eina energijos naudojim\u0105 ir i\u0161metam\u0173j\u0173 ter\u0161al\u0173 kiek\u012f.<\/li>\n<li>Patvarumas: ilgalaikis, auk\u0161tos kokyb\u0117s meistri\u0161kumas.<\/li>\n<li>Ma\u017eos partijos: gaminama pagal u\u017esakym\u0105, kad b\u016bt\u0173 i\u0161vengta atliek\u0173.<\/li>\n<\/ul>\n<p>Pagaminta Lietuvoje<\/p>","protected":false},"excerpt":{"rendered":"<p>\u0160iose minimalistin\u0117se ir lengvose plat\u0117jan\u010dio silueto trikota\u017ein\u0117se keln\u0117se su akut\u0117mis dera patogumas ir stilius. Subtilus mezgimo ra\u0161tas suteikia rafinuotumo, o elastin\u0117 juosta prisitaiko prie \u012fvairi\u0173 liemens dyd\u017ei\u0173, tod\u0117l gal\u0117site jaustis laisvai, kad ir k\u0105 veiktum\u0117te. Sukurkite laisv\u0105 arba prabang\u0173 \u012fvaizd\u012f, derindami \u0161ias vietos kelnes su skirtingomis palaidin\u0117mis ir aksesuarais.<\/p>","protected":false},"featured_media":7560,"comment_status":"open","ping_status":"closed","template":"","meta":{"_gspb_post_css":""},"product_brand":[],"product_cat":[337,338,246,54],"product_tag":[333],"class_list":{"0":"post-7700","1":"product","2":"type-product","3":"status-publish","4":"has-post-thumbnail","6":"product_cat-fabric","7":"product_cat-merino-wool","8":"product_cat-pants","9":"product_cat-women","10":"product_tag-merino","12":"first","13":"instock","14":"shipping-taxable","15":"purchasable","16":"product-type-variable"},"_links":{"self":[{"href":"https:\/\/monalashop.com\/lt\/wp-json\/wp\/v2\/product\/7700","targetHints":{"allow":["GET"]}}],"collection":[{"href":"https:\/\/monalashop.com\/lt\/wp-json\/wp\/v2\/product"}],"about":[{"href":"https:\/\/monalashop.com\/lt\/wp-json\/wp\/v2\/types\/product"}],"replies":[{"embeddable":true,"href":"https:\/\/monalashop.com\/lt\/wp-json\/wp\/v2\/comments?post=7700"}],"wp:featuredmedia":[{"embeddable":true,"href":"https:\/\/monalashop.com\/lt\/wp-json\/wp\/v2\/media\/7560"}],"wp:attachment":[{"href":"https:\/\/monalashop.com\/lt\/wp-json\/wp\/v2\/media?parent=7700"}],"wp:term":[{"taxonomy":"product_brand","embeddable":true,"href":"https:\/\/monalashop.com\/lt\/wp-json\/wp\/v2\/product_brand?post=7700"},{"taxonomy":"product_cat","embeddable":true,"href":"https:\/\/monalashop.com\/lt\/wp-json\/wp\/v2\/product_cat?post=7700"},{"taxonomy":"product_tag","embeddable":true,"href":"https:\/\/monalashop.com\/lt\/wp-json\/wp\/v2\/product_tag?post=7700"}],"curies":[{"name":"wp","href":"https:\/\/api.w.org\/{rel}","templated":true}]}}