{"id":6944,"date":"2022-09-12T21:16:00","date_gmt":"2022-09-12T19:16:00","guid":{"rendered":"https:\/\/monalashop.com\/?post_type=product&#038;p=6944"},"modified":"2026-02-21T19:30:32","modified_gmt":"2026-02-21T17:30:32","slug":"merino-vilnos-koju-sildykles-naturalios-baltos-spalvos","status":"publish","type":"product","link":"https:\/\/monalashop.com\/lt\/produktas\/merino-vilnos-koju-sildykles-naturalios-baltos-spalvos\/","title":{"rendered":"Megztos 100% merino vilnos koj\u0173 movos"},"content":{"rendered":"<p>Mink\u0161to trikota\u017eo merino vilnos koj\u0173 \u0161ildykl\u0117s, kad b\u016bt\u0173 \u0161ilta ir jauku.<\/p>\n<ul>\n<li>Vienas dydis<\/li>\n<li>Ilgis 70 cm<\/li>\n<li>Pagaminta i\u0161 100% merino vilnos<\/li>\n<li>Rank\u0173 darbo<\/li>\n<li>Briaunuotas modelis<\/li>\n<li>Ply\u0161io detal\u0117<\/li>\n<\/ul>\n<p>&nbsp;<\/p>","protected":false},"excerpt":{"rendered":"<p>\u0160ie ilgi merino vilnos koj\u0173 movai suteiks \u0161ilumos ir jaukumo v\u0117siomis dienomis. Mink\u0161ti, malon\u016bs d\u0117v\u0117ti ir lengvai derinami prie \u012fvairi\u0173 aprangos stili\u0173. Briaunuotas ra\u0161tas ir prapjovos nugaroje suteikia i\u0161skirtinumo bei leid\u017eia patogiai sluoksniuoti ant bat\u0173. Puikus aksesuaras prie suknel\u0117s, sijono ar kasdienio megzto derinio.<\/p>","protected":false},"featured_media":7409,"comment_status":"open","ping_status":"closed","template":"","meta":{"_gspb_post_css":""},"product_brand":[],"product_cat":[57,337,338],"product_tag":[333],"class_list":{"0":"post-6944","1":"product","2":"type-product","3":"status-publish","4":"has-post-thumbnail","6":"product_cat-accessories","7":"product_cat-fabric","8":"product_cat-merino-wool","9":"product_tag-merino","11":"first","12":"instock","13":"shipping-taxable","14":"purchasable","15":"product-type-variable"},"_links":{"self":[{"href":"https:\/\/monalashop.com\/lt\/wp-json\/wp\/v2\/product\/6944","targetHints":{"allow":["GET"]}}],"collection":[{"href":"https:\/\/monalashop.com\/lt\/wp-json\/wp\/v2\/product"}],"about":[{"href":"https:\/\/monalashop.com\/lt\/wp-json\/wp\/v2\/types\/product"}],"replies":[{"embeddable":true,"href":"https:\/\/monalashop.com\/lt\/wp-json\/wp\/v2\/comments?post=6944"}],"wp:featuredmedia":[{"embeddable":true,"href":"https:\/\/monalashop.com\/lt\/wp-json\/wp\/v2\/media\/7409"}],"wp:attachment":[{"href":"https:\/\/monalashop.com\/lt\/wp-json\/wp\/v2\/media?parent=6944"}],"wp:term":[{"taxonomy":"product_brand","embeddable":true,"href":"https:\/\/monalashop.com\/lt\/wp-json\/wp\/v2\/product_brand?post=6944"},{"taxonomy":"product_cat","embeddable":true,"href":"https:\/\/monalashop.com\/lt\/wp-json\/wp\/v2\/product_cat?post=6944"},{"taxonomy":"product_tag","embeddable":true,"href":"https:\/\/monalashop.com\/lt\/wp-json\/wp\/v2\/product_tag?post=6944"}],"curies":[{"name":"wp","href":"https:\/\/api.w.org\/{rel}","templated":true}]}}