{"id":6924,"date":"2022-09-12T20:51:44","date_gmt":"2022-09-12T18:51:44","guid":{"rendered":"https:\/\/monalashop.com\/?post_type=product&#038;p=6924"},"modified":"2026-02-21T19:31:02","modified_gmt":"2026-02-21T17:31:02","slug":"neriniu-galvos-apdangalas-baltas","status":"publish","type":"product","link":"https:\/\/monalashop.com\/lt\/produktas\/neriniu-galvos-apdangalas-baltas\/","title":{"rendered":"Moteri\u0161ka n\u0117riniuota galvos skarel\u0117"},"content":{"rendered":"<ul>\n<li>Megzta kiaurara\u0161\u010diu<\/li>\n<li>Trikampio forma<\/li>\n<li>Rank\u0173 darbo<\/li>\n<li>Sud\u0117tis: 100% merino vilna.<\/li>\n<\/ul>","protected":false},"excerpt":{"rendered":"<p>U\u017esidenkite galv\u0105 megzta n\u0117riniuota skarele, kai per daug v\u0117juota arba kai jau\u010diate, kad saul\u0117s spinduliai per stipriai veikia j\u016bs\u0173 plaukus. \u0160is merino vilnos n\u0117riniuotas galvos apdangalas yra vertas mezginio, kuris nusipelno vietos minimalistiniame garderobe. Tai klasikinis ir laikui nepavaldus aksesuaras, kur\u012f visus metus gal\u0117site derinti prie \u012fvairios aprangos. N\u0117rini\u0173 ra\u0161tas suteikia \u0161iai skarelei \u0161iek tiek moteri\u0161kumo, ta\u010diau tai nerei\u0161kia, kad ji negali b\u016bti sportinio \u012fvaizd\u017eio dalis, jau nekalbant apie tuos atvejus, kai t\u0105 pa\u010di\u0105 dien\u0105 tenka pereiti nuo vieno \u012fvaizd\u017eio prie kito, kad priderintum\u0117te skirtingas aprangas.<\/p>","protected":false},"featured_media":6455,"comment_status":"open","ping_status":"closed","template":"","meta":{"_gspb_post_css":""},"product_brand":[],"product_cat":[57,337,338],"product_tag":[333],"class_list":{"0":"post-6924","1":"product","2":"type-product","3":"status-publish","4":"has-post-thumbnail","6":"product_cat-accessories","7":"product_cat-fabric","8":"product_cat-merino-wool","9":"product_tag-merino","11":"first","12":"instock","13":"shipping-taxable","14":"purchasable","15":"product-type-variable"},"_links":{"self":[{"href":"https:\/\/monalashop.com\/lt\/wp-json\/wp\/v2\/product\/6924","targetHints":{"allow":["GET"]}}],"collection":[{"href":"https:\/\/monalashop.com\/lt\/wp-json\/wp\/v2\/product"}],"about":[{"href":"https:\/\/monalashop.com\/lt\/wp-json\/wp\/v2\/types\/product"}],"replies":[{"embeddable":true,"href":"https:\/\/monalashop.com\/lt\/wp-json\/wp\/v2\/comments?post=6924"}],"wp:featuredmedia":[{"embeddable":true,"href":"https:\/\/monalashop.com\/lt\/wp-json\/wp\/v2\/media\/6455"}],"wp:attachment":[{"href":"https:\/\/monalashop.com\/lt\/wp-json\/wp\/v2\/media?parent=6924"}],"wp:term":[{"taxonomy":"product_brand","embeddable":true,"href":"https:\/\/monalashop.com\/lt\/wp-json\/wp\/v2\/product_brand?post=6924"},{"taxonomy":"product_cat","embeddable":true,"href":"https:\/\/monalashop.com\/lt\/wp-json\/wp\/v2\/product_cat?post=6924"},{"taxonomy":"product_tag","embeddable":true,"href":"https:\/\/monalashop.com\/lt\/wp-json\/wp\/v2\/product_tag?post=6924"}],"curies":[{"name":"wp","href":"https:\/\/api.w.org\/{rel}","templated":true}]}}