{"id":6913,"date":"2022-09-12T20:41:28","date_gmt":"2022-09-12T18:41:28","guid":{"rendered":"https:\/\/monalashop.com\/?post_type=product&#038;p=6913"},"modified":"2026-03-01T00:02:13","modified_gmt":"2026-02-28T22:02:13","slug":"neriniu-galvos-apdangalas-juodas","status":"publish","type":"product","link":"https:\/\/monalashop.com\/lt\/produktas\/neriniu-galvos-apdangalas-juodas\/","title":{"rendered":"Moteri\u0161ka n\u0117riniuota galvos skarel\u0117"},"content":{"rendered":"<ul>\n<li>Megzta kiaurara\u0161\u010diu<\/li>\n<li>Trikampio forma<\/li>\n<li>Rank\u0173 darbo<\/li>\n<li>Sud\u0117tis: 100% merino vilna.<\/li>\n<\/ul>","protected":false},"excerpt":{"rendered":"<p>Kiaurara\u0161t\u0117 merino vilnos skarel\u0117 \u2013 universali detal\u0117, kuri gali b\u016bti d\u0117vima kaip galvos apdangalas, \u0161alikas ar pe\u010di\u0173 u\u017edangalas. Lengva, \u0161velni ir eleganti\u0161ka \u2013 puikiai dera tiek prie megzt\u0173, tiek prie lengvesni\u0173 drabu\u017ei\u0173.<\/p>","protected":false},"featured_media":6441,"comment_status":"open","ping_status":"closed","template":"","meta":{"_gspb_post_css":""},"product_brand":[],"product_cat":[57,337,338],"product_tag":[333],"class_list":{"0":"post-6913","1":"product","2":"type-product","3":"status-publish","4":"has-post-thumbnail","6":"product_cat-accessories","7":"product_cat-fabric","8":"product_cat-merino-wool","9":"product_tag-merino","11":"first","12":"instock","13":"shipping-taxable","14":"purchasable","15":"product-type-variable"},"_links":{"self":[{"href":"https:\/\/monalashop.com\/lt\/wp-json\/wp\/v2\/product\/6913","targetHints":{"allow":["GET"]}}],"collection":[{"href":"https:\/\/monalashop.com\/lt\/wp-json\/wp\/v2\/product"}],"about":[{"href":"https:\/\/monalashop.com\/lt\/wp-json\/wp\/v2\/types\/product"}],"replies":[{"embeddable":true,"href":"https:\/\/monalashop.com\/lt\/wp-json\/wp\/v2\/comments?post=6913"}],"wp:featuredmedia":[{"embeddable":true,"href":"https:\/\/monalashop.com\/lt\/wp-json\/wp\/v2\/media\/6441"}],"wp:attachment":[{"href":"https:\/\/monalashop.com\/lt\/wp-json\/wp\/v2\/media?parent=6913"}],"wp:term":[{"taxonomy":"product_brand","embeddable":true,"href":"https:\/\/monalashop.com\/lt\/wp-json\/wp\/v2\/product_brand?post=6913"},{"taxonomy":"product_cat","embeddable":true,"href":"https:\/\/monalashop.com\/lt\/wp-json\/wp\/v2\/product_cat?post=6913"},{"taxonomy":"product_tag","embeddable":true,"href":"https:\/\/monalashop.com\/lt\/wp-json\/wp\/v2\/product_tag?post=6913"}],"curies":[{"name":"wp","href":"https:\/\/api.w.org\/{rel}","templated":true}]}}