{"id":6479,"date":"2022-09-05T20:30:04","date_gmt":"2022-09-05T18:30:04","guid":{"rendered":"https:\/\/monalashop.com\/?post_type=product&#038;p=6479"},"modified":"2026-02-21T19:34:41","modified_gmt":"2026-02-21T17:34:41","slug":"neriniuota-merino-vilnos-suknele-balta","status":"publish","type":"product","link":"https:\/\/monalashop.com\/lt\/produktas\/neriniuota-merino-vilnos-suknele-balta\/","title":{"rendered":"Kiaurara\u0161\u010dio ra\u0161to suknel\u0117 i\u0161 100 % merino vilnos"},"content":{"rendered":"<p>\u0160i suknel\u0117 gaminamas pagal u\u017esakym\u0105, tod\u0117l gamybos procese u\u017etikrinama kokyb\u0117 ir tvarumas. Trikota\u017eo gamyba trunka 4-5 dienas, ta\u010diau \u0161is terminas gali skirtis priklausomai nuo bendro u\u017esakymo kiekio.<\/p>\n<ul>\n<li>Apvali kaklo i\u0161kirpt\u0117s<\/li>\n<li>Ilgos rankov\u0117s<\/li>\n<li>Kiaurara\u0161\u010diu megztas ra\u0161tas<\/li>\n<li>Briaunuotas juosmuo<\/li>\n<li>Sud\u0117tis: 100% merino vilna.<\/li>\n<\/ul>\n<p>Tvarumas<\/p>\n<ul>\n<li>Med\u017eiagos: 100% atsakingai i\u0161gaunama merino vilna.<\/li>\n<li>Biologi\u0161kai suyranti: merinos\u0173 vilna yra nat\u016brali ir biologi\u0161kai suyranti.s<\/li>\n<li>Rank\u0173 darbas: daug darbo reikalaujanti gamyba ma\u017eina energijos naudojim\u0105 ir i\u0161metam\u0173j\u0173 ter\u0161al\u0173 kiek\u012f.<\/li>\n<li>Patvarumas: ilgalaikis, auk\u0161tos kokyb\u0117s meistri\u0161kumas.<\/li>\n<li>Ma\u017eos partijos: gaminama pagal u\u017esakym\u0105, kad b\u016bt\u0173 i\u0161vengta atliek\u0173.<\/li>\n<\/ul>\n<p>Pagaminta Lietuvoje<\/p>","protected":false},"excerpt":{"rendered":"<p>\u0160i eleganti\u0161ka megzta suknel\u0117 su n\u0117riniuotu ra\u0161tu, pagaminta i\u0161 itin mink\u0161tos merino vilnos, spinduliuoja moteri\u0161kumu ir lengvumu. A formos siluetas bei subtil\u016bs n\u0117rini\u0173 ra\u0161tai vir\u0161utin\u0117je ir apatin\u0117je dalyje suteikia i\u0161skirtin\u0117s elegancijos. Banguoti kra\u0161tai ir rankogaliai \u012fne\u0161a \u0161velnaus \u017eaismingumo, o universalus dizainas leid\u017eia lengvai kurti tiek kasdienius, tiek ypatingus derinius.<\/p>","protected":false},"featured_media":6449,"comment_status":"open","ping_status":"closed","template":"","meta":{"_gspb_post_css":""},"product_brand":[],"product_cat":[69,337,338,54],"product_tag":[333],"class_list":{"0":"post-6479","1":"product","2":"type-product","3":"status-publish","4":"has-post-thumbnail","6":"product_cat-dresses","7":"product_cat-fabric","8":"product_cat-merino-wool","9":"product_cat-women","10":"product_tag-merino","12":"first","13":"instock","14":"shipping-taxable","15":"purchasable","16":"product-type-variable"},"_links":{"self":[{"href":"https:\/\/monalashop.com\/lt\/wp-json\/wp\/v2\/product\/6479","targetHints":{"allow":["GET"]}}],"collection":[{"href":"https:\/\/monalashop.com\/lt\/wp-json\/wp\/v2\/product"}],"about":[{"href":"https:\/\/monalashop.com\/lt\/wp-json\/wp\/v2\/types\/product"}],"replies":[{"embeddable":true,"href":"https:\/\/monalashop.com\/lt\/wp-json\/wp\/v2\/comments?post=6479"}],"wp:featuredmedia":[{"embeddable":true,"href":"https:\/\/monalashop.com\/lt\/wp-json\/wp\/v2\/media\/6449"}],"wp:attachment":[{"href":"https:\/\/monalashop.com\/lt\/wp-json\/wp\/v2\/media?parent=6479"}],"wp:term":[{"taxonomy":"product_brand","embeddable":true,"href":"https:\/\/monalashop.com\/lt\/wp-json\/wp\/v2\/product_brand?post=6479"},{"taxonomy":"product_cat","embeddable":true,"href":"https:\/\/monalashop.com\/lt\/wp-json\/wp\/v2\/product_cat?post=6479"},{"taxonomy":"product_tag","embeddable":true,"href":"https:\/\/monalashop.com\/lt\/wp-json\/wp\/v2\/product_tag?post=6479"}],"curies":[{"name":"wp","href":"https:\/\/api.w.org\/{rel}","templated":true}]}}