{"id":6218,"date":"2022-09-05T14:26:06","date_gmt":"2022-09-05T12:26:06","guid":{"rendered":"https:\/\/monalashop.com\/?post_type=product&#038;p=6218"},"modified":"2026-02-21T19:36:06","modified_gmt":"2026-02-21T17:36:06","slug":"merino-vilnos-dzemperio-suknele-juoda-2","status":"publish","type":"product","link":"https:\/\/monalashop.com\/lt\/produktas\/merino-vilnos-dzemperio-suknele-juoda-2\/","title":{"rendered":"Merino vilnos suknel\u0117 auk\u0161tu kaklu ir raglano rankov\u0117mis"},"content":{"rendered":"<p>\u0160is gaminys megzamas pagal u\u017esakym\u0105, tod\u0117l gamybos procese u\u017etikrinama kokyb\u0117 ir tvarumas. Trikota\u017eo gamyba trunka 3-4 dienas, ta\u010diau \u0161is terminas gali skirtis priklausomai nuo bendro u\u017esakymo kiekio.<\/p>\n<ul>\n<li>Briaunuotas golfas, rankogaliai ir apa\u010dias<\/li>\n<li>Ilgos rankov\u0117s<\/li>\n<li>Raglano rankov\u0117<\/li>\n<li><span style=\"font-size: 16px;\">Sud\u0117tis: 100% merino vilna.<\/span><\/li>\n<\/ul>\n<p>Tvarumas<\/p>\n<ul>\n<li>Med\u017eiagos: 100% atsakingai i\u0161gaunama merino vilna.<\/li>\n<li>Biologi\u0161kai suyranti: merinos\u0173 vilna yra nat\u016brali ir biologi\u0161kai suyranti.s<\/li>\n<li>Rank\u0173 darbas: daug darbo reikalaujanti gamyba ma\u017eina energijos naudojim\u0105 ir i\u0161metam\u0173j\u0173 ter\u0161al\u0173 kiek\u012f.<\/li>\n<li>Patvarumas: ilgalaikis, auk\u0161tos kokyb\u0117s meistri\u0161kumas.<\/li>\n<li>Ma\u017eos partijos: gaminama pagal u\u017esakym\u0105, kad b\u016bt\u0173 i\u0161vengta atliek\u0173.<\/li>\n<\/ul>\n<p>Pagaminta Lietuvoje<\/p>","protected":false},"excerpt":{"rendered":"<p>\u0160i minimalistin\u0117 megzta suknel\u0117 su auk\u0161tu kaklu \u2013 universalus garderobo pagrindas, kuriame dera jaukumas ir elegancija. Laisvai krentantis siluetas ir raglano rankov\u0117s suteikia jud\u0117jimo laisv\u0117s bei subtilaus moteri\u0161kumo. Megzta i\u0161 100 % merino vilnos, ji \u0161ildo \u0161altesn\u0117mis dienomis ir lengvai derinama su \u0161varku ar paltu.<\/p>","protected":false},"featured_media":6144,"comment_status":"open","ping_status":"closed","template":"","meta":{"_gspb_post_css":""},"product_brand":[],"product_cat":[69,337,338,54],"product_tag":[333],"class_list":{"0":"post-6218","1":"product","2":"type-product","3":"status-publish","4":"has-post-thumbnail","6":"product_cat-dresses","7":"product_cat-fabric","8":"product_cat-merino-wool","9":"product_cat-women","10":"product_tag-merino","12":"first","13":"instock","14":"shipping-taxable","15":"purchasable","16":"product-type-variable"},"_links":{"self":[{"href":"https:\/\/monalashop.com\/lt\/wp-json\/wp\/v2\/product\/6218","targetHints":{"allow":["GET"]}}],"collection":[{"href":"https:\/\/monalashop.com\/lt\/wp-json\/wp\/v2\/product"}],"about":[{"href":"https:\/\/monalashop.com\/lt\/wp-json\/wp\/v2\/types\/product"}],"replies":[{"embeddable":true,"href":"https:\/\/monalashop.com\/lt\/wp-json\/wp\/v2\/comments?post=6218"}],"wp:featuredmedia":[{"embeddable":true,"href":"https:\/\/monalashop.com\/lt\/wp-json\/wp\/v2\/media\/6144"}],"wp:attachment":[{"href":"https:\/\/monalashop.com\/lt\/wp-json\/wp\/v2\/media?parent=6218"}],"wp:term":[{"taxonomy":"product_brand","embeddable":true,"href":"https:\/\/monalashop.com\/lt\/wp-json\/wp\/v2\/product_brand?post=6218"},{"taxonomy":"product_cat","embeddable":true,"href":"https:\/\/monalashop.com\/lt\/wp-json\/wp\/v2\/product_cat?post=6218"},{"taxonomy":"product_tag","embeddable":true,"href":"https:\/\/monalashop.com\/lt\/wp-json\/wp\/v2\/product_tag?post=6218"}],"curies":[{"name":"wp","href":"https:\/\/api.w.org\/{rel}","templated":true}]}}