{"id":32720,"date":"2026-04-27T17:03:21","date_gmt":"2026-04-27T15:03:21","guid":{"rendered":"https:\/\/monalashop.com\/?post_type=product&#038;p=32720"},"modified":"2026-04-29T11:32:10","modified_gmt":"2026-04-29T09:32:10","slug":"knitted-cotton-lace-pants-and-top-set-in-sky","status":"publish","type":"product","link":"https:\/\/monalashop.com\/lt\/produktas\/knitted-cotton-lace-pants-and-top-set-in-sky\/","title":{"rendered":"Knitted Lace Pants and Top Set in Sky"},"content":{"rendered":"<p style=\"text-align: left;\">This knitted cotton lace set is made to order, ensuring both quality and mindful production. Each piece is individually knitted within 5\u20137 days, though production time may vary depending on order volume.<\/p>\n<p>Palaidin\u0117s detal\u0117s:<\/p>\n<ul>\n<li>Softly fitted silhouette<\/li>\n<li>Long, slightly flared sleeves<\/li>\n<li>Boat neckline<\/li>\n<li>Lightweight lace knit structure<\/li>\n<\/ul>\n<p>Pants details:<\/p>\n<ul>\n<li>Tiesus, laisvas siluetas<\/li>\n<li>Elastinis juosmuo<\/li>\n<li>Soft movement with a slightly sheer lace texture<\/li>\n<\/ul>\n<p>Sud\u0117tis: 100% ZERO\u00ae medviln\u0117<\/p>\n<p>Tvarumas<\/p>\n<ul>\n<li>Med\u017eiagos: Medvilniniai si\u016blai: pagaminti i\u0161 ZERO\u00ae medviln\u0117s - vieno i\u0161 tvariausi\u0173 medvilnini\u0173 si\u016bl\u0173, sukurt\u0173 naudojant pa\u017eangi\u0105, ma\u017e\u0105 poveik\u012f daran\u010di\u0105 da\u017eymo ir verpimo technologij\u0105.<\/li>\n<li>Taupiai naudojami i\u0161tekliai: ma\u017eesnis vandens ir energijos suvartojimas gamybos metu.<\/li>\n<li>Be atliek\u0173: kuriama ma\u017eomis partijomis ir pagal u\u017esakym\u0105, kad b\u016bt\u0173 i\u0161vengta perteklin\u0117s gamybos.<\/li>\n<li>Meistri\u0161kumas: gaminama naudojant buitines mezgimo ma\u0161inas, kurioms reikia ma\u017eiau \u012frangos ir energijos.<\/li>\n<\/ul>\n<p>Kiekviena detal\u0117 l\u0117tai mezgama rankine ma\u0161ina, paskui \u0161velniai siuvama ir u\u017ebaigiama rankomis.<\/p>\n<p>Pagaminta Lietuvoje<\/p>","protected":false},"excerpt":{"rendered":"<p>The top follows the body softly, while the pants are designed with a relaxed fit and an elastic waistband for comfort. If you\u2019re between sizes, choose the smaller size for a closer fit or the larger size for a more relaxed feel.<\/p>","protected":false},"featured_media":32751,"comment_status":"open","ping_status":"closed","template":"","meta":{"_gspb_post_css":""},"product_brand":[],"product_cat":[332,340,109,54],"product_tag":[334],"class_list":{"0":"post-32720","1":"product","2":"type-product","3":"status-publish","4":"has-post-thumbnail","6":"product_cat-cotton","7":"product_cat-new-arrivals","8":"product_cat-sets","9":"product_cat-women","10":"product_tag-cotton","12":"first","13":"instock","14":"shipping-taxable","15":"purchasable","16":"product-type-variable","17":"has-default-attributes"},"_links":{"self":[{"href":"https:\/\/monalashop.com\/lt\/wp-json\/wp\/v2\/product\/32720","targetHints":{"allow":["GET"]}}],"collection":[{"href":"https:\/\/monalashop.com\/lt\/wp-json\/wp\/v2\/product"}],"about":[{"href":"https:\/\/monalashop.com\/lt\/wp-json\/wp\/v2\/types\/product"}],"replies":[{"embeddable":true,"href":"https:\/\/monalashop.com\/lt\/wp-json\/wp\/v2\/comments?post=32720"}],"wp:featuredmedia":[{"embeddable":true,"href":"https:\/\/monalashop.com\/lt\/wp-json\/wp\/v2\/media\/32751"}],"wp:attachment":[{"href":"https:\/\/monalashop.com\/lt\/wp-json\/wp\/v2\/media?parent=32720"}],"wp:term":[{"taxonomy":"product_brand","embeddable":true,"href":"https:\/\/monalashop.com\/lt\/wp-json\/wp\/v2\/product_brand?post=32720"},{"taxonomy":"product_cat","embeddable":true,"href":"https:\/\/monalashop.com\/lt\/wp-json\/wp\/v2\/product_cat?post=32720"},{"taxonomy":"product_tag","embeddable":true,"href":"https:\/\/monalashop.com\/lt\/wp-json\/wp\/v2\/product_tag?post=32720"}],"curies":[{"name":"wp","href":"https:\/\/api.w.org\/{rel}","templated":true}]}}