{"id":32610,"date":"2026-02-14T17:44:14","date_gmt":"2026-02-14T15:44:14","guid":{"rendered":"https:\/\/monalashop.com\/?post_type=product&#038;p=32610"},"modified":"2026-02-18T17:51:14","modified_gmt":"2026-02-18T15:51:14","slug":"merino-wool-cardigan-with-crochet-flowers","status":"publish","type":"product","link":"https:\/\/monalashop.com\/lt\/produktas\/merino-wool-cardigan-with-crochet-flowers\/","title":{"rendered":"Merino Wool Cardigan with Crochet Flowers"},"content":{"rendered":"<p>This knitted merino wool cardigan is made to order, ensuring both quality and sustainability in the production process. Production time is 5\u20139 days, though it may vary depending on the total order volume.<\/p>\n<ul>\n<li>Round ribbed neckline<\/li>\n<li>U\u017esegamas sagomis<\/li>\n<li>Hand-crocheted floral appliqu\u00e9s<\/li>\n<li>Briaunuotas apa\u010dia ir rankogaliai<\/li>\n<li>Carefully hand-finished details<\/li>\n<li>Relaxed silhouette<\/li>\n<li>100% Merino vilna<\/li>\n<\/ul>\n<p>Available in a wide range of colours. The full colour palette can be viewed in the image gallery.<\/p>\n<p>Tvarumas<\/p>\n<ul>\n<li>Med\u017eiagos: 100% atsakingai i\u0161gaunama merino vilna.<\/li>\n<li>Biologi\u0161kai suyranti: merinos\u0173 vilna yra nat\u016brali ir biologi\u0161kai suyranti.s<\/li>\n<li>Rank\u0173 darbas: daug darbo reikalaujanti gamyba ma\u017eina energijos naudojim\u0105 ir i\u0161metam\u0173j\u0173 ter\u0161al\u0173 kiek\u012f.<\/li>\n<li>Patvarumas: ilgalaikis, auk\u0161tos kokyb\u0117s meistri\u0161kumas.<\/li>\n<li>Ma\u017eos partijos: gaminama pagal u\u017esakym\u0105, kad b\u016bt\u0173 i\u0161vengta atliek\u0173.<\/li>\n<\/ul>\n<p>Kiekviena detal\u0117 l\u0117tai mezgama rankine ma\u0161ina, paskui \u0161velniai siuvama ir u\u017ebaigiama rankomis.<\/p>\n<p>Pagaminta Lietuvoje<\/p>\n<p>&nbsp;<\/p>\n<p>&nbsp;<\/p>\n<p>&nbsp;<\/p>","protected":false},"excerpt":{"rendered":"<p data-start=\"519\" data-end=\"674\">A round-neck cardigan crafted from soft merino wool.<br data-start=\"571\" data-end=\"574\" \/>The classic silhouette is enriched with hand-crocheted flowers, adding texture and subtle character.<\/p>\n<p data-start=\"676\" data-end=\"861\">The proportions are gently relaxed, creating a naturally soft silhouette. Ribbed finishes and a button-down front balance structure with softness. Each piece is carefully hand-finished.<\/p>","protected":false},"featured_media":32655,"comment_status":"open","ping_status":"closed","template":"","meta":{"_gspb_post_css":""},"product_brand":[],"product_cat":[66,337,338,54],"product_tag":[333],"class_list":{"0":"post-32610","1":"product","2":"type-product","3":"status-publish","4":"has-post-thumbnail","6":"product_cat-cardigans","7":"product_cat-fabric","8":"product_cat-merino-wool","9":"product_cat-women","10":"product_tag-merino","12":"first","13":"instock","14":"shipping-taxable","15":"purchasable","16":"product-type-variable","17":"has-default-attributes"},"_links":{"self":[{"href":"https:\/\/monalashop.com\/lt\/wp-json\/wp\/v2\/product\/32610","targetHints":{"allow":["GET"]}}],"collection":[{"href":"https:\/\/monalashop.com\/lt\/wp-json\/wp\/v2\/product"}],"about":[{"href":"https:\/\/monalashop.com\/lt\/wp-json\/wp\/v2\/types\/product"}],"replies":[{"embeddable":true,"href":"https:\/\/monalashop.com\/lt\/wp-json\/wp\/v2\/comments?post=32610"}],"wp:featuredmedia":[{"embeddable":true,"href":"https:\/\/monalashop.com\/lt\/wp-json\/wp\/v2\/media\/32655"}],"wp:attachment":[{"href":"https:\/\/monalashop.com\/lt\/wp-json\/wp\/v2\/media?parent=32610"}],"wp:term":[{"taxonomy":"product_brand","embeddable":true,"href":"https:\/\/monalashop.com\/lt\/wp-json\/wp\/v2\/product_brand?post=32610"},{"taxonomy":"product_cat","embeddable":true,"href":"https:\/\/monalashop.com\/lt\/wp-json\/wp\/v2\/product_cat?post=32610"},{"taxonomy":"product_tag","embeddable":true,"href":"https:\/\/monalashop.com\/lt\/wp-json\/wp\/v2\/product_tag?post=32610"}],"curies":[{"name":"wp","href":"https:\/\/api.w.org\/{rel}","templated":true}]}}