{"id":30978,"date":"2025-09-02T10:31:29","date_gmt":"2025-09-02T08:31:29","guid":{"rendered":"https:\/\/monalashop.com\/?post_type=product&#038;p=30978"},"modified":"2026-03-03T13:04:28","modified_gmt":"2026-03-03T11:04:28","slug":"rudziu-spalvos-merino-vilnos-dvieju-daliu-komplektas-su-marskineliais-ir-sijonu","status":"publish","type":"product","link":"https:\/\/monalashop.com\/lt\/produktas\/rudziu-spalvos-merino-vilnos-dvieju-daliu-komplektas-su-marskineliais-ir-sijonu\/","title":{"rendered":"Merino vilnos dviej\u0173 dali\u0173, palaidin\u0117s ir sijono, kostiumas , raudona"},"content":{"rendered":"<p>\u0160is merino vilnos dviej\u0173 dali\u0173 komplektas, kur\u012f sudaro palaidin\u0117 ir sijonas, gaminamas pagal u\u017esakym\u0105 - taip u\u017etikrinama ir kokyb\u0117, ir gamybos proceso tvarumas. Gamybos trukm\u0117 - 4-8 dienos, ta\u010diau ji gali skirtis priklausomai nuo bendro u\u017esakymo kiekio.<\/p>\n<p>Palaidin\u0117s detal\u0117s:<\/p>\n<ul>\n<li>Briaunota i\u0161kirpt\u0117, apa\u010dia ir rankogaliai<\/li>\n<li>Trumpos rankov\u0117s<\/li>\n<li>Klasikinis apvalus kaklo dizainas<\/li>\n<li>Tiesus siluetas<\/li>\n<li>100% merino vilna<\/li>\n<\/ul>\n<p>Sijono detal\u0117s:<\/p>\n<ul>\n<li>\u0160velniai plat\u0117jantis varpo formos siluetas<\/li>\n<li>Briaunuotas kra\u0161tas<\/li>\n<li>Elastinis juosmuo<\/li>\n<li>100% merino vilna<\/li>\n<\/ul>\n<p>Tvarumas<\/p>\n<ul>\n<li>Med\u017eiagos: 100% atsakingai i\u0161gaunama merino vilna.<\/li>\n<li>Biologi\u0161kai suyranti: merinos\u0173 vilna yra nat\u016brali ir biologi\u0161kai suyranti.s<\/li>\n<li>Rank\u0173 darbas: daug darbo reikalaujanti gamyba ma\u017eina energijos naudojim\u0105 ir i\u0161metam\u0173j\u0173 ter\u0161al\u0173 kiek\u012f.<\/li>\n<li>Patvarumas: ilgalaikis, auk\u0161tos kokyb\u0117s meistri\u0161kumas.<\/li>\n<li>Ma\u017eos partijos: gaminama pagal u\u017esakym\u0105, kad b\u016bt\u0173 i\u0161vengta atliek\u0173.<\/li>\n<\/ul>\n<p>Kiekviena detal\u0117 l\u0117tai mezgama rankine ma\u0161ina, paskui \u0161velniai siuvama ir u\u017ebaigiama rankomis.<\/p>\n<p>Pagaminta Lietuvoje<\/p>\n<p>&nbsp;<\/p>\n<p>&nbsp;<\/p>\n<p>&nbsp;<\/p>","protected":false},"excerpt":{"rendered":"<p>Nat\u016bralios elegancijos derinys \u2013 100 % merino vilnos palaidin\u0117 ir sijonas, kuriuose susilieja paprastumas ir estetika.<\/p>","protected":false},"featured_media":30676,"comment_status":"open","ping_status":"closed","template":"","meta":{"_gspb_post_css":""},"product_brand":[],"product_cat":[337,338,109,54],"product_tag":[333],"class_list":{"0":"post-30978","1":"product","2":"type-product","3":"status-publish","4":"has-post-thumbnail","6":"product_cat-fabric","7":"product_cat-merino-wool","8":"product_cat-sets","9":"product_cat-women","10":"product_tag-merino","12":"first","13":"instock","14":"sale","15":"featured","16":"shipping-taxable","17":"purchasable","18":"product-type-variable","19":"has-default-attributes"},"_links":{"self":[{"href":"https:\/\/monalashop.com\/lt\/wp-json\/wp\/v2\/product\/30978","targetHints":{"allow":["GET"]}}],"collection":[{"href":"https:\/\/monalashop.com\/lt\/wp-json\/wp\/v2\/product"}],"about":[{"href":"https:\/\/monalashop.com\/lt\/wp-json\/wp\/v2\/types\/product"}],"replies":[{"embeddable":true,"href":"https:\/\/monalashop.com\/lt\/wp-json\/wp\/v2\/comments?post=30978"}],"wp:featuredmedia":[{"embeddable":true,"href":"https:\/\/monalashop.com\/lt\/wp-json\/wp\/v2\/media\/30676"}],"wp:attachment":[{"href":"https:\/\/monalashop.com\/lt\/wp-json\/wp\/v2\/media?parent=30978"}],"wp:term":[{"taxonomy":"product_brand","embeddable":true,"href":"https:\/\/monalashop.com\/lt\/wp-json\/wp\/v2\/product_brand?post=30978"},{"taxonomy":"product_cat","embeddable":true,"href":"https:\/\/monalashop.com\/lt\/wp-json\/wp\/v2\/product_cat?post=30978"},{"taxonomy":"product_tag","embeddable":true,"href":"https:\/\/monalashop.com\/lt\/wp-json\/wp\/v2\/product_tag?post=30978"}],"curies":[{"name":"wp","href":"https:\/\/api.w.org\/{rel}","templated":true}]}}