{"id":30912,"date":"2025-09-02T09:17:06","date_gmt":"2025-09-02T07:17:06","guid":{"rendered":"https:\/\/monalashop.com\/?post_type=product&#038;p=30912"},"modified":"2026-02-21T15:29:44","modified_gmt":"2026-02-21T13:29:44","slug":"rudziu-spalvos-merino-vilnos-triju-daliu-komplektas","status":"publish","type":"product","link":"https:\/\/monalashop.com\/lt\/produktas\/rudziu-spalvos-merino-vilnos-triju-daliu-komplektas\/","title":{"rendered":"Merino vilnos trij\u0173 dali\u0173, palaidin\u0117s, sijono ir kardigano, kostiumas, raudona"},"content":{"rendered":"<p>\u0160is trij\u0173 dali\u0173 megztas merino vilnoskostiumas gaminamas pagal u\u017esakym\u0105, tod\u0117l gamybos procese u\u017etikrinama kokyb\u0117 ir tvarumas. Gamybos trukm\u0117 - 5-9 dienos, ta\u010diau ji gali skirtis priklausomai nuo bendros u\u017esakymo apimties.<\/p>\n<p>Palaidin\u0117s detal\u0117s:<\/p>\n<ul>\n<li>Briaunota i\u0161kirpt\u0117, apa\u010dia ir rankogaliai<\/li>\n<li>Trumpos rankov\u0117s<\/li>\n<li>Klasikinis apvalus kaklo dizainas<\/li>\n<li>Tiesus siluetas<\/li>\n<li>100% merino vilna<\/li>\n<\/ul>\n<p>Sijono detal\u0117s:<\/p>\n<ul>\n<li>\u0160velniai plat\u0117jantis varpo formos siluetas<\/li>\n<li>Briaunuotas kra\u0161tas<\/li>\n<li>Elastinis juosmuo<\/li>\n<li>100% merino vilna<\/li>\n<\/ul>\n<p>Kardigano detal\u0117s:<\/p>\n<ul>\n<li>Dvi priekin\u0117s briaunuotos ki\u0161en\u0117s<\/li>\n<li>U\u017esegamas sagomis<\/li>\n<li>Briaunuotas apa\u010dia ir rankogaliai<\/li>\n<li>Nuleisti pe\u010diai<\/li>\n<li>Atsipalaidav\u0119s, oversized dyd\u017eio fasonas<\/li>\n<li>100% Merino vilna<\/li>\n<\/ul>\n<p>Tvarumas<\/p>\n<ul>\n<li>Med\u017eiagos: 100% atsakingai i\u0161gaunama merino vilna.<\/li>\n<li>Biologi\u0161kai suyranti: merinos\u0173 vilna yra nat\u016brali ir biologi\u0161kai suyranti.s<\/li>\n<li>Rank\u0173 darbas: daug darbo reikalaujanti gamyba ma\u017eina energijos naudojim\u0105 ir i\u0161metam\u0173j\u0173 ter\u0161al\u0173 kiek\u012f.<\/li>\n<li>Patvarumas: ilgalaikis, auk\u0161tos kokyb\u0117s meistri\u0161kumas.<\/li>\n<li>Ma\u017eos partijos: gaminama pagal u\u017esakym\u0105, kad b\u016bt\u0173 i\u0161vengta atliek\u0173.<\/li>\n<\/ul>\n<p>Kiekviena detal\u0117 l\u0117tai mezgama rankine ma\u0161ina, paskui \u0161velniai siuvama ir u\u017ebaigiama rankomis.<\/p>\n<p>Pagaminta Lietuvoje<\/p>\n<p>&nbsp;<\/p>\n<p>&nbsp;<\/p>\n<p>&nbsp;<\/p>","protected":false},"excerpt":{"rendered":"<p data-start=\"156\" data-end=\"322\">Paprastumo stipryb\u0117 - trys merino vilnos gaminiai, kuriuos galima d\u0117v\u0117ti kartu arba atskirai. Megztinis, sijonas ir palaidin\u0117 - tai laikui nepavaldus lengvumas ir rami elegancija.<\/p>","protected":false},"featured_media":30925,"comment_status":"open","ping_status":"closed","template":"","meta":{"_gspb_post_css":""},"product_brand":[],"product_cat":[337,338,109,54],"product_tag":[333],"class_list":{"0":"post-30912","1":"product","2":"type-product","3":"status-publish","4":"has-post-thumbnail","6":"product_cat-fabric","7":"product_cat-merino-wool","8":"product_cat-sets","9":"product_cat-women","10":"product_tag-merino","12":"first","13":"instock","14":"shipping-taxable","15":"purchasable","16":"product-type-variable","17":"has-default-attributes"},"_links":{"self":[{"href":"https:\/\/monalashop.com\/lt\/wp-json\/wp\/v2\/product\/30912","targetHints":{"allow":["GET"]}}],"collection":[{"href":"https:\/\/monalashop.com\/lt\/wp-json\/wp\/v2\/product"}],"about":[{"href":"https:\/\/monalashop.com\/lt\/wp-json\/wp\/v2\/types\/product"}],"replies":[{"embeddable":true,"href":"https:\/\/monalashop.com\/lt\/wp-json\/wp\/v2\/comments?post=30912"}],"wp:featuredmedia":[{"embeddable":true,"href":"https:\/\/monalashop.com\/lt\/wp-json\/wp\/v2\/media\/30925"}],"wp:attachment":[{"href":"https:\/\/monalashop.com\/lt\/wp-json\/wp\/v2\/media?parent=30912"}],"wp:term":[{"taxonomy":"product_brand","embeddable":true,"href":"https:\/\/monalashop.com\/lt\/wp-json\/wp\/v2\/product_brand?post=30912"},{"taxonomy":"product_cat","embeddable":true,"href":"https:\/\/monalashop.com\/lt\/wp-json\/wp\/v2\/product_cat?post=30912"},{"taxonomy":"product_tag","embeddable":true,"href":"https:\/\/monalashop.com\/lt\/wp-json\/wp\/v2\/product_tag?post=30912"}],"curies":[{"name":"wp","href":"https:\/\/api.w.org\/{rel}","templated":true}]}}