{"id":30892,"date":"2025-09-02T09:04:05","date_gmt":"2025-09-02T07:04:05","guid":{"rendered":"https:\/\/monalashop.com\/?post_type=product&#038;p=30892"},"modified":"2026-02-21T15:30:20","modified_gmt":"2026-02-21T13:30:20","slug":"tamsiai-melynos-spalvos-merino-vilnos-megztinis-su-sagomis","status":"publish","type":"product","link":"https:\/\/monalashop.com\/lt\/produktas\/tamsiai-melynos-spalvos-merino-vilnos-megztinis-su-sagomis\/","title":{"rendered":"Merino vilnos kardiganas su sagomis, tamsiai m\u0117lyna"},"content":{"rendered":"<p>\u0160is megztas merino vilnos megztinis gaminamas pagal u\u017esakym\u0105, tod\u0117l gamybos procese u\u017etikrinama kokyb\u0117 ir tvarumas. Pagaminimo trukm\u0117 - 3-4 dienos, ta\u010diau ji gali skirtis priklausomai nuo bendros u\u017esakymo apimties.<\/p>\n<ul>\n<li>Dvi priekin\u0117s briaunuotos ki\u0161en\u0117s<\/li>\n<li>U\u017esegamas sagomis<\/li>\n<li>Briaunuotas apa\u010dia ir rankogaliai<\/li>\n<li>Nuleisti pe\u010diai<\/li>\n<li>Atsipalaidav\u0119s, oversized dyd\u017eio fasonas<\/li>\n<li>100% Merino vilna<\/li>\n<\/ul>\n<p>Tvarumas<\/p>\n<ul>\n<li>Med\u017eiagos: 100% atsakingai i\u0161gaunama merino vilna.<\/li>\n<li>Biologi\u0161kai suyranti: merinos\u0173 vilna yra nat\u016brali ir biologi\u0161kai suyranti.s<\/li>\n<li>Rank\u0173 darbas: daug darbo reikalaujanti gamyba ma\u017eina energijos naudojim\u0105 ir i\u0161metam\u0173j\u0173 ter\u0161al\u0173 kiek\u012f.<\/li>\n<li>Patvarumas: ilgalaikis, auk\u0161tos kokyb\u0117s meistri\u0161kumas.<\/li>\n<li>Ma\u017eos partijos: gaminama pagal u\u017esakym\u0105, kad b\u016bt\u0173 i\u0161vengta atliek\u0173.<\/li>\n<\/ul>\n<p>Kiekviena detal\u0117 l\u0117tai mezgama rankine ma\u0161ina, paskui \u0161velniai siuvama ir u\u017ebaigiama rankomis.<\/p>\n<p>Pagaminta Lietuvoje<\/p>\n<p>&nbsp;<\/p>\n<p>&nbsp;<\/p>\n<p>&nbsp;<\/p>","protected":false},"excerpt":{"rendered":"<p>\u0160is megztinis su sagomis \u2013 laikui nepavaldus elegancijos ir patogumo derinys, kruop\u0161\u010diai pagamintas i\u0161 100 % merino vilnos. Minimalistinio dizaino modelis su klasikine saga priekyje \u2013 universalus bet kurio garderobo akcentas, puikiai tinkantis tiek laisvalaikiui, tiek puo\u0161nesnei aprangai. Megztinis \u0161iltas, patvarus ir lengvai pri\u017ei\u016brimas \u2013 b\u016btinas drabu\u017eis bet kuriuo sezonu.<\/p>","protected":false},"featured_media":30905,"comment_status":"open","ping_status":"closed","template":"","meta":{"_gspb_post_css":""},"product_brand":[],"product_cat":[66,337,338,248,54],"product_tag":[333],"class_list":{"0":"post-30892","1":"product","2":"type-product","3":"status-publish","4":"has-post-thumbnail","6":"product_cat-cardigans","7":"product_cat-fabric","8":"product_cat-merino-wool","9":"product_cat-ready-to-ship","10":"product_cat-women","11":"product_tag-merino","13":"first","14":"instock","15":"shipping-taxable","16":"purchasable","17":"product-type-variable","18":"has-default-attributes"},"_links":{"self":[{"href":"https:\/\/monalashop.com\/lt\/wp-json\/wp\/v2\/product\/30892","targetHints":{"allow":["GET"]}}],"collection":[{"href":"https:\/\/monalashop.com\/lt\/wp-json\/wp\/v2\/product"}],"about":[{"href":"https:\/\/monalashop.com\/lt\/wp-json\/wp\/v2\/types\/product"}],"replies":[{"embeddable":true,"href":"https:\/\/monalashop.com\/lt\/wp-json\/wp\/v2\/comments?post=30892"}],"wp:featuredmedia":[{"embeddable":true,"href":"https:\/\/monalashop.com\/lt\/wp-json\/wp\/v2\/media\/30905"}],"wp:attachment":[{"href":"https:\/\/monalashop.com\/lt\/wp-json\/wp\/v2\/media?parent=30892"}],"wp:term":[{"taxonomy":"product_brand","embeddable":true,"href":"https:\/\/monalashop.com\/lt\/wp-json\/wp\/v2\/product_brand?post=30892"},{"taxonomy":"product_cat","embeddable":true,"href":"https:\/\/monalashop.com\/lt\/wp-json\/wp\/v2\/product_cat?post=30892"},{"taxonomy":"product_tag","embeddable":true,"href":"https:\/\/monalashop.com\/lt\/wp-json\/wp\/v2\/product_tag?post=30892"}],"curies":[{"name":"wp","href":"https:\/\/api.w.org\/{rel}","templated":true}]}}