{"id":30618,"date":"2025-09-01T21:22:32","date_gmt":"2025-09-01T19:22:32","guid":{"rendered":"https:\/\/monalashop.com\/?post_type=product&#038;p=30618"},"modified":"2026-02-21T15:34:18","modified_gmt":"2026-02-21T13:34:18","slug":"megzta-merino-vilnos-a-line-midi-suknele-5","status":"publish","type":"product","link":"https:\/\/monalashop.com\/lt\/produktas\/megzta-merino-vilnos-a-line-midi-suknele-5\/","title":{"rendered":"A-formos merino vilnos megzta suknel\u0117, pilka"},"content":{"rendered":"<p>\u0160is gaminys megzamas pagal u\u017esakym\u0105, tod\u0117l gamybos procese u\u017etikrinama kokyb\u0117 ir tvarumas. Trikota\u017eo gamyba trunka 3-4 dienas, ta\u010diau \u0161is terminas gali skirtis priklausomai nuo bendro u\u017esakymo kiekio.<\/p>\n<ul>\n<li>Apvali kaklo i\u0161kirpt\u0117s<\/li>\n<li>Ilgos rankov\u0117s<\/li>\n<li>A linijos siluetas<\/li>\n<li>Sud\u0117tis: 100% merino vilna.<\/li>\n<\/ul>\n<p>Tvarumas<\/p>\n<ul>\n<li>Med\u017eiagos: 100% atsakingai i\u0161gaunama merino vilna.<\/li>\n<li>Biologi\u0161kai suyranti: merinos\u0173 vilna yra nat\u016brali ir biologi\u0161kai suyranti.s<\/li>\n<li>Rank\u0173 darbas: daug darbo reikalaujanti gamyba ma\u017eina energijos naudojim\u0105 ir i\u0161metam\u0173j\u0173 ter\u0161al\u0173 kiek\u012f.<\/li>\n<li>Patvarumas: ilgalaikis, auk\u0161tos kokyb\u0117s meistri\u0161kumas.<\/li>\n<li>Ma\u017eos partijos: gaminama pagal u\u017esakym\u0105, kad b\u016bt\u0173 i\u0161vengta atliek\u0173.<\/li>\n<\/ul>\n<p>Pagaminta Lietuvoje<\/p>","protected":false},"excerpt":{"rendered":"<p>Apsigaubkite prabanga su megzta merino vilnos midi suknele. <em>Pagaminta i\u0161 100 % merino vilnos, ji i\u0161siskiria \u0161velnumu, pralaidumu orui ir subtiliu stiliumi.<\/em>Plat\u0117jantis siluetas lengvai krinta, suteikdamas elegancijos bet kokiai progai. Nesvarbu, ar d\u0117v\u0117site sluoksniuodamos, ar vien\u0105, \u0161i nesenstanti suknel\u0117 u\u017etikrins komfort\u0105 visus metus. Tvariai pagaminta, ji atspindi Monala po\u017ei\u016br\u012f \u012f l\u0117t\u0105 mad\u0105 \u2013 k\u016brinius, vertinan\u010dius elegancij\u0105, kokyb\u0119 ir apgalvot\u0105 pasirinkim\u0105.<\/p>","protected":false},"featured_media":30639,"comment_status":"open","ping_status":"closed","template":"","meta":{"_gspb_post_css":""},"product_brand":[],"product_cat":[69,337,338,248,54],"product_tag":[333],"class_list":{"0":"post-30618","1":"product","2":"type-product","3":"status-publish","4":"has-post-thumbnail","6":"product_cat-dresses","7":"product_cat-fabric","8":"product_cat-merino-wool","9":"product_cat-ready-to-ship","10":"product_cat-women","11":"product_tag-merino","13":"first","14":"instock","15":"shipping-taxable","16":"purchasable","17":"product-type-variable","18":"has-default-attributes"},"_links":{"self":[{"href":"https:\/\/monalashop.com\/lt\/wp-json\/wp\/v2\/product\/30618","targetHints":{"allow":["GET"]}}],"collection":[{"href":"https:\/\/monalashop.com\/lt\/wp-json\/wp\/v2\/product"}],"about":[{"href":"https:\/\/monalashop.com\/lt\/wp-json\/wp\/v2\/types\/product"}],"replies":[{"embeddable":true,"href":"https:\/\/monalashop.com\/lt\/wp-json\/wp\/v2\/comments?post=30618"}],"wp:featuredmedia":[{"embeddable":true,"href":"https:\/\/monalashop.com\/lt\/wp-json\/wp\/v2\/media\/30639"}],"wp:attachment":[{"href":"https:\/\/monalashop.com\/lt\/wp-json\/wp\/v2\/media?parent=30618"}],"wp:term":[{"taxonomy":"product_brand","embeddable":true,"href":"https:\/\/monalashop.com\/lt\/wp-json\/wp\/v2\/product_brand?post=30618"},{"taxonomy":"product_cat","embeddable":true,"href":"https:\/\/monalashop.com\/lt\/wp-json\/wp\/v2\/product_cat?post=30618"},{"taxonomy":"product_tag","embeddable":true,"href":"https:\/\/monalashop.com\/lt\/wp-json\/wp\/v2\/product_tag?post=30618"}],"curies":[{"name":"wp","href":"https:\/\/api.w.org\/{rel}","templated":true}]}}