{"id":30530,"date":"2025-09-01T14:36:40","date_gmt":"2025-09-01T12:36:40","guid":{"rendered":"https:\/\/monalashop.com\/?post_type=product&#038;p=30530"},"modified":"2026-02-21T15:35:35","modified_gmt":"2026-02-21T13:35:35","slug":"megztas-juodos-spalvos-merino-vilnos-megztinis-su-kisenemis","status":"publish","type":"product","link":"https:\/\/monalashop.com\/lt\/produktas\/megztas-juodos-spalvos-merino-vilnos-megztinis-su-kisenemis\/","title":{"rendered":"Merino vilnos megztinis su ki\u0161en\u0117mis, juoda"},"content":{"rendered":"<p>\u0160is megztas merino vilnos megztinis su ki\u0161en\u0117mis gaminamas pagal u\u017esakym\u0105, tod\u0117l gamybos procese u\u017etikrinama kokyb\u0117 ir tvarumas. Pagaminimo trukm\u0117 - 3-4 dienos, ta\u010diau ji gali skirtis priklausomai nuo bendros u\u017esakymo apimties.<\/p>\n<ul>\n<li>Briaunuotas apa\u010dia, rankogaliai ir ki\u0161eni\u0173 angos<\/li>\n<li>Su ki\u0161en\u0117mis<\/li>\n<li>Atlenkiamos rankov\u0117s<\/li>\n<li>Atviros priekin\u0117s dalies dizainas<\/li>\n<li>100% merino vilna<\/li>\n<\/ul>\n<p>Tvarumas<\/p>\n<ul>\n<li>Med\u017eiagos: 100% atsakingai i\u0161gaunama merino vilna.<\/li>\n<li>Biologi\u0161kai suyranti: merinos\u0173 vilna yra nat\u016brali ir biologi\u0161kai suyranti.s<\/li>\n<li>Rank\u0173 darbas: daug darbo reikalaujanti gamyba ma\u017eina energijos naudojim\u0105 ir i\u0161metam\u0173j\u0173 ter\u0161al\u0173 kiek\u012f.<\/li>\n<li>Patvarumas: ilgalaikis, auk\u0161tos kokyb\u0117s meistri\u0161kumas.<\/li>\n<li>Ma\u017eos partijos: gaminama pagal u\u017esakym\u0105, kad b\u016bt\u0173 i\u0161vengta atliek\u0173.<\/li>\n<\/ul>\n<p>Kiekviena detal\u0117 l\u0117tai mezgama rankine ma\u0161ina, paskui \u0161velniai siuvama ir u\u017ebaigiama rankomis.<\/p>\n<p>Pagaminta Lietuvoje<\/p>","protected":false},"excerpt":{"rendered":"<p>Mink\u0161tas, \u0161iltas ir tyliai eleganti\u0161kas \u2013 \u0161is 100 % merino vilnos kardiganas sukurtas jaukumui, kuris niekada nei\u0161eina i\u0161 mados. Apsivilkite j\u012f vakarui namuose ar derinkite su baltiniais mar\u0161kiniais \u2013 kai norisi paprasto, bet i\u0161skirtinai rafinuoto stiliaus.<\/p>","protected":false},"featured_media":30537,"comment_status":"open","ping_status":"closed","template":"","meta":{"_gspb_post_css":""},"product_brand":[],"product_cat":[66,337,338,54],"product_tag":[333],"class_list":{"0":"post-30530","1":"product","2":"type-product","3":"status-publish","4":"has-post-thumbnail","6":"product_cat-cardigans","7":"product_cat-fabric","8":"product_cat-merino-wool","9":"product_cat-women","10":"product_tag-merino","12":"first","13":"instock","14":"shipping-taxable","15":"purchasable","16":"product-type-variable","17":"has-default-attributes"},"_links":{"self":[{"href":"https:\/\/monalashop.com\/lt\/wp-json\/wp\/v2\/product\/30530","targetHints":{"allow":["GET"]}}],"collection":[{"href":"https:\/\/monalashop.com\/lt\/wp-json\/wp\/v2\/product"}],"about":[{"href":"https:\/\/monalashop.com\/lt\/wp-json\/wp\/v2\/types\/product"}],"replies":[{"embeddable":true,"href":"https:\/\/monalashop.com\/lt\/wp-json\/wp\/v2\/comments?post=30530"}],"wp:featuredmedia":[{"embeddable":true,"href":"https:\/\/monalashop.com\/lt\/wp-json\/wp\/v2\/media\/30537"}],"wp:attachment":[{"href":"https:\/\/monalashop.com\/lt\/wp-json\/wp\/v2\/media?parent=30530"}],"wp:term":[{"taxonomy":"product_brand","embeddable":true,"href":"https:\/\/monalashop.com\/lt\/wp-json\/wp\/v2\/product_brand?post=30530"},{"taxonomy":"product_cat","embeddable":true,"href":"https:\/\/monalashop.com\/lt\/wp-json\/wp\/v2\/product_cat?post=30530"},{"taxonomy":"product_tag","embeddable":true,"href":"https:\/\/monalashop.com\/lt\/wp-json\/wp\/v2\/product_tag?post=30530"}],"curies":[{"name":"wp","href":"https:\/\/api.w.org\/{rel}","templated":true}]}}