{"id":30456,"date":"2025-09-01T11:54:34","date_gmt":"2025-09-01T09:54:34","guid":{"rendered":"https:\/\/monalashop.com\/?post_type=product&#038;p=30456"},"modified":"2026-02-21T15:36:05","modified_gmt":"2026-02-21T13:36:05","slug":"megztas-merino-vilnos-megztinis-su-v-formos-iskirpte-ir-sortai","status":"publish","type":"product","link":"https:\/\/monalashop.com\/lt\/produktas\/megztas-merino-vilnos-megztinis-su-v-formos-iskirpte-ir-sortai\/","title":{"rendered":"Megztas merino vilnos V-formos megztinio ir \u0161ort\u0173 komplektas"},"content":{"rendered":"<p>\u0160is megztas merino vilnos megztinis ir \u0161ortai gaminami pagal u\u017esakym\u0105, tod\u0117l u\u017etikrinama kokyb\u0117 ir kruop\u0161ti gamyba. Kiekviena detal\u0117 individualiai numegzta per 5-7 dienas, ta\u010diau gamybos laikas gali skirtis priklausomai nuo u\u017esakymo apimties.<\/p>\n<p>Megztinio detal\u0117s:<\/p>\n<ul>\n<li>V formos i\u0161kirpt\u0117<\/li>\n<li>Nuleisti pe\u010diai<\/li>\n<li>Briaunota kaklo i\u0161kirpt\u0117, rankogaliai ir apa\u010dia<\/li>\n<li>Vieno dyd\u017eio<\/li>\n<li>100% merino vilna<\/li>\n<\/ul>\n<p>\u0160ort\u0173 detal\u0117s:<\/p>\n<ul>\n<li>Reguliuojamas juosmuo su rai\u0161teliu<\/li>\n<li>Tiesus, laisvas siluetas<\/li>\n<li>Briaunoti apvadai<\/li>\n<li>100% merino vilna<\/li>\n<\/ul>\n<p>Tvarumas<\/p>\n<ul>\n<li>Med\u017eiagos: 100% atsakingai i\u0161gaunama merino vilna.<\/li>\n<li>Biologi\u0161kai suyranti: merinos\u0173 vilna yra nat\u016brali ir biologi\u0161kai suyranti.s<\/li>\n<li>Rank\u0173 darbas: daug darbo reikalaujanti gamyba ma\u017eina energijos naudojim\u0105 ir i\u0161metam\u0173j\u0173 ter\u0161al\u0173 kiek\u012f.<\/li>\n<li>Patvarumas: ilgalaikis, auk\u0161tos kokyb\u0117s meistri\u0161kumas.<\/li>\n<li>Ma\u017eos partijos: gaminama pagal u\u017esakym\u0105, kad b\u016bt\u0173 i\u0161vengta atliek\u0173.<\/li>\n<\/ul>\n<p>Pagaminta Lietuvoje<\/p>","protected":false},"excerpt":{"rendered":"<p>Modernus ir universalus komplektas, megztas i\u0161 100 % merino vilnos. Megztinis su V formos i\u0161kirpte, nuleistais pe\u010diais ir briaunuotais kra\u0161tais derinamas su \u0161ortais, turin\u010diais patogi\u0105 rai\u0161teli\u0173 juost\u0105 ir tokios pa\u010dios fakt\u016bros kra\u0161tus. Mink\u0161tas, kv\u0117puojantis ir nat\u016braliai prisitaikantis prie k\u016bno \u2013 tai eleganti\u0161kas pasirinkimas kasdienai ir ramioms gyvenimo akimirkoms.<\/p>","protected":false},"featured_media":30288,"comment_status":"open","ping_status":"closed","template":"","meta":{"_gspb_post_css":""},"product_brand":[],"product_cat":[337,338,109,54],"product_tag":[333],"class_list":{"0":"post-30456","1":"product","2":"type-product","3":"status-publish","4":"has-post-thumbnail","6":"product_cat-fabric","7":"product_cat-merino-wool","8":"product_cat-sets","9":"product_cat-women","10":"product_tag-merino","12":"first","13":"instock","14":"shipping-taxable","15":"purchasable","16":"product-type-variable"},"_links":{"self":[{"href":"https:\/\/monalashop.com\/lt\/wp-json\/wp\/v2\/product\/30456","targetHints":{"allow":["GET"]}}],"collection":[{"href":"https:\/\/monalashop.com\/lt\/wp-json\/wp\/v2\/product"}],"about":[{"href":"https:\/\/monalashop.com\/lt\/wp-json\/wp\/v2\/types\/product"}],"replies":[{"embeddable":true,"href":"https:\/\/monalashop.com\/lt\/wp-json\/wp\/v2\/comments?post=30456"}],"wp:featuredmedia":[{"embeddable":true,"href":"https:\/\/monalashop.com\/lt\/wp-json\/wp\/v2\/media\/30288"}],"wp:attachment":[{"href":"https:\/\/monalashop.com\/lt\/wp-json\/wp\/v2\/media?parent=30456"}],"wp:term":[{"taxonomy":"product_brand","embeddable":true,"href":"https:\/\/monalashop.com\/lt\/wp-json\/wp\/v2\/product_brand?post=30456"},{"taxonomy":"product_cat","embeddable":true,"href":"https:\/\/monalashop.com\/lt\/wp-json\/wp\/v2\/product_cat?post=30456"},{"taxonomy":"product_tag","embeddable":true,"href":"https:\/\/monalashop.com\/lt\/wp-json\/wp\/v2\/product_tag?post=30456"}],"curies":[{"name":"wp","href":"https:\/\/api.w.org\/{rel}","templated":true}]}}