{"id":30445,"date":"2025-08-31T22:33:15","date_gmt":"2025-08-31T20:33:15","guid":{"rendered":"https:\/\/monalashop.com\/?post_type=product&#038;p=30445"},"modified":"2026-02-21T15:36:24","modified_gmt":"2026-02-21T13:36:24","slug":"merino-vilnos-megztinis-su-v-formos-iskirpte-kopija","status":"publish","type":"product","link":"https:\/\/monalashop.com\/lt\/produktas\/merino-vilnos-megztinis-su-v-formos-iskirpte-kopija\/","title":{"rendered":"Merino vilnos megztinis su V formos i\u0161kirpte"},"content":{"rendered":"<p>\u0160is gaminys gaminamas pagal u\u017esakym\u0105, tod\u0117l gamybos procese u\u017etikrinama kokyb\u0117 ir tvarumas. Trikota\u017eo gamyba trunka 3-4 dienas, ta\u010diau gali skirtis priklausomai nuo bendro u\u017esakymo kiekio.<\/p>\n<ul>\n<li>V formos i\u0161kirpt\u0117<\/li>\n<li>Nuleisti pe\u010diai<\/li>\n<li>Briaunota kaklo i\u0161kirpt\u0117, rankogaliai ir apa\u010dia<\/li>\n<li>Vieno dyd\u017eio<\/li>\n<li>100% merino vilna<\/li>\n<\/ul>\n<p>Tvarumas<\/p>\n<ul>\n<li>Med\u017eiagos: 100% atsakingai i\u0161gaunama merino vilna.<\/li>\n<li>Biologi\u0161kai suyranti: merinos\u0173 vilna yra nat\u016brali ir biologi\u0161kai suyranti.s<\/li>\n<li>Rank\u0173 darbas: daug darbo reikalaujanti gamyba ma\u017eina energijos naudojim\u0105 ir i\u0161metam\u0173j\u0173 ter\u0161al\u0173 kiek\u012f.<\/li>\n<li>Patvarumas: ilgalaikis, auk\u0161tos kokyb\u0117s meistri\u0161kumas.<\/li>\n<li>Ma\u017eos partijos: gaminama pagal u\u017esakym\u0105, kad b\u016bt\u0173 i\u0161vengta atliek\u0173.<\/li>\n<\/ul>\n<p>Kiekviena detal\u0117 l\u0117tai mezgama rankine ma\u0161ina, paskui \u0161velniai siuvama ir u\u017ebaigiama rankomis.<\/p>\n<p>Pagaminta Lietuvoje<\/p>\n<p>&nbsp;<\/p>","protected":false},"excerpt":{"rendered":"<p data-start=\"504\" data-end=\"783\">Nesenstantis megztinis su laisva V formos i\u0161kirpte, briaunuotais rankogaliais ir apa\u010dia. Megztinis megztas i\u0161 100% merino vilnos, tod\u0117l jis pasi\u017eymi nat\u016bralia \u0161iluma, mink\u0161tumu ir patvarumu. Sukurtas vieno dyd\u017eio megztinis gra\u017eiai krinta ir lengvai prisitaiko prie \u012fvairi\u0173 k\u016bno form\u0173.<\/p>","protected":false},"featured_media":30292,"comment_status":"open","ping_status":"closed","template":"","meta":{"_gspb_post_css":""},"product_brand":[],"product_cat":[337,338,67,54],"product_tag":[333],"class_list":{"0":"post-30445","1":"product","2":"type-product","3":"status-publish","4":"has-post-thumbnail","6":"product_cat-fabric","7":"product_cat-merino-wool","8":"product_cat-sweaters","9":"product_cat-women","10":"product_tag-merino","12":"first","13":"instock","14":"shipping-taxable","15":"purchasable","16":"product-type-variable"},"_links":{"self":[{"href":"https:\/\/monalashop.com\/lt\/wp-json\/wp\/v2\/product\/30445","targetHints":{"allow":["GET"]}}],"collection":[{"href":"https:\/\/monalashop.com\/lt\/wp-json\/wp\/v2\/product"}],"about":[{"href":"https:\/\/monalashop.com\/lt\/wp-json\/wp\/v2\/types\/product"}],"replies":[{"embeddable":true,"href":"https:\/\/monalashop.com\/lt\/wp-json\/wp\/v2\/comments?post=30445"}],"wp:featuredmedia":[{"embeddable":true,"href":"https:\/\/monalashop.com\/lt\/wp-json\/wp\/v2\/media\/30292"}],"wp:attachment":[{"href":"https:\/\/monalashop.com\/lt\/wp-json\/wp\/v2\/media?parent=30445"}],"wp:term":[{"taxonomy":"product_brand","embeddable":true,"href":"https:\/\/monalashop.com\/lt\/wp-json\/wp\/v2\/product_brand?post=30445"},{"taxonomy":"product_cat","embeddable":true,"href":"https:\/\/monalashop.com\/lt\/wp-json\/wp\/v2\/product_cat?post=30445"},{"taxonomy":"product_tag","embeddable":true,"href":"https:\/\/monalashop.com\/lt\/wp-json\/wp\/v2\/product_tag?post=30445"}],"curies":[{"name":"wp","href":"https:\/\/api.w.org\/{rel}","templated":true}]}}