{"id":30423,"date":"2025-08-31T22:28:38","date_gmt":"2025-08-31T20:28:38","guid":{"rendered":"https:\/\/monalashop.com\/?post_type=product&#038;p=30423"},"modified":"2026-02-21T15:36:48","modified_gmt":"2026-02-21T13:36:48","slug":"merino-vilnos-megzti-sortai-2","status":"publish","type":"product","link":"https:\/\/monalashop.com\/lt\/produktas\/merino-vilnos-megzti-sortai-2\/","title":{"rendered":"Merino vilnos megzti \u0161ortai"},"content":{"rendered":"<p>\u0160ie \u0161ortai gaminamas pagal u\u017esakym\u0105, tod\u0117l gamybos procese u\u017etikrinama kokyb\u0117 ir tvarumas. Trikota\u017eo gamyba trunka 2-4 dienas, ta\u010diau \u0161is terminas gali skirtis priklausomai nuo bendro u\u017esakymo kiekio.<\/p>\n<ul>\n<li>Reguliuojamas juosmuo su rai\u0161teliu<\/li>\n<li>Tiesus, laisvas siluetas<\/li>\n<li>Briaunoti apvadai<\/li>\n<li>\u00a0100% merino vilna<\/li>\n<\/ul>\n<p>Tvarumas<\/p>\n<ul>\n<li>Med\u017eiagos: 100% atsakingai i\u0161gaunama merino vilna.<\/li>\n<li>Biologi\u0161kai suyranti: merinos\u0173 vilna yra nat\u016brali ir biologi\u0161kai suyranti.s<\/li>\n<li>Rank\u0173 darbas: daug darbo reikalaujanti gamyba ma\u017eina energijos naudojim\u0105 ir i\u0161metam\u0173j\u0173 ter\u0161al\u0173 kiek\u012f.<\/li>\n<li>Patvarumas: ilgalaikis, auk\u0161tos kokyb\u0117s meistri\u0161kumas.<\/li>\n<li>Ma\u017eos partijos: gaminama pagal u\u017esakym\u0105, kad b\u016bt\u0173 i\u0161vengta atliek\u0173.<\/li>\n<\/ul>\n<p>Kiekviena detal\u0117 l\u0117tai mezgama rankine ma\u0161ina, paskui \u0161velniai siuvama ir u\u017ebaigiama rankomis.<\/p>\n<p>Pagaminta Lietuvoje<\/p>","protected":false},"excerpt":{"rendered":"<p>Nesenstantis komfortas ir elegancija be pastang\u0173. \u0160ie lengvi ir orui pralaid\u016bs \u0161ortai, megzti i\u0161 100% merino vilnos, prisitaiko prie j\u016bs\u0173 k\u016bno poreiki\u0173, tod\u0117l v\u0117sesniu oru jums bus \u0161ilta, o pakilus temperat\u016brai - v\u0117su. J\u0173 mink\u0161ta, \u0161velni tekst\u016bra \u0161velniai priglunda prie odos, o minimalistinis dizainas ir reguliuojamas juosmuo u\u017etikrina puik\u0173 prigludim\u0105 ir nevar\u017eom\u0105 jud\u0117jim\u0105. Tai universal\u016bs ir tvar\u016bs drabu\u017eiai, b\u016btini l\u0117tam ir s\u0105moningam gyvenimui - tiek namuose, tiek mieste, tiek kelion\u0117se.<\/p>","protected":false},"featured_media":30294,"comment_status":"open","ping_status":"closed","template":"","meta":{"_gspb_post_css":""},"product_brand":[],"product_cat":[337,338,246,54],"product_tag":[333],"class_list":{"0":"post-30423","1":"product","2":"type-product","3":"status-publish","4":"has-post-thumbnail","6":"product_cat-fabric","7":"product_cat-merino-wool","8":"product_cat-pants","9":"product_cat-women","10":"product_tag-merino","12":"first","13":"instock","14":"shipping-taxable","15":"purchasable","16":"product-type-variable"},"_links":{"self":[{"href":"https:\/\/monalashop.com\/lt\/wp-json\/wp\/v2\/product\/30423","targetHints":{"allow":["GET"]}}],"collection":[{"href":"https:\/\/monalashop.com\/lt\/wp-json\/wp\/v2\/product"}],"about":[{"href":"https:\/\/monalashop.com\/lt\/wp-json\/wp\/v2\/types\/product"}],"replies":[{"embeddable":true,"href":"https:\/\/monalashop.com\/lt\/wp-json\/wp\/v2\/comments?post=30423"}],"wp:featuredmedia":[{"embeddable":true,"href":"https:\/\/monalashop.com\/lt\/wp-json\/wp\/v2\/media\/30294"}],"wp:attachment":[{"href":"https:\/\/monalashop.com\/lt\/wp-json\/wp\/v2\/media?parent=30423"}],"wp:term":[{"taxonomy":"product_brand","embeddable":true,"href":"https:\/\/monalashop.com\/lt\/wp-json\/wp\/v2\/product_brand?post=30423"},{"taxonomy":"product_cat","embeddable":true,"href":"https:\/\/monalashop.com\/lt\/wp-json\/wp\/v2\/product_cat?post=30423"},{"taxonomy":"product_tag","embeddable":true,"href":"https:\/\/monalashop.com\/lt\/wp-json\/wp\/v2\/product_tag?post=30423"}],"curies":[{"name":"wp","href":"https:\/\/api.w.org\/{rel}","templated":true}]}}