{"id":30321,"date":"2025-08-31T21:50:09","date_gmt":"2025-08-31T19:50:09","guid":{"rendered":"https:\/\/monalashop.com\/?post_type=product&#038;p=30321"},"modified":"2026-02-21T15:37:13","modified_gmt":"2026-02-21T13:37:13","slug":"megztas-merino-vilnos-oversized-megztinis-ir-sortai","status":"publish","type":"product","link":"https:\/\/monalashop.com\/lt\/produktas\/megztas-merino-vilnos-oversized-megztinis-ir-sortai\/","title":{"rendered":"Megztas 100% merino vilnos megztinio ir \u0161ort\u0173 komplektas"},"content":{"rendered":"<p>\u0160is megztas merino vilnos megztinis ir \u0161ortai gaminami pagal u\u017esakym\u0105, tod\u0117l u\u017etikrinama kokyb\u0117 ir kruop\u0161ti gamyba. Kiekviena detal\u0117 individualiai numegzta per 5-7 dienas, ta\u010diau gamybos laikas gali skirtis priklausomai nuo u\u017esakymo apimties.<\/p>\n<p>Megztinio detal\u0117s:<\/p>\n<ul>\n<li>Apvali kaklo i\u0161kirpt\u0117s<\/li>\n<li>Nuleisti pe\u010diai<\/li>\n<li>Briaunota kaklo i\u0161kirpt\u0117, rankogaliai ir apa\u010dia<\/li>\n<li>Vieno dyd\u017eio<\/li>\n<li>100% merino vilna<\/li>\n<\/ul>\n<p>\u0160ort\u0173 detal\u0117s:<\/p>\n<ul>\n<li>Reguliuojamas juosmuo su rai\u0161teliu<\/li>\n<li>Tiesus, laisvas siluetas<\/li>\n<li>Briaunoti apvadai<\/li>\n<li>100% merino vilna<\/li>\n<\/ul>\n<p>Tvarumas<\/p>\n<ul>\n<li>Med\u017eiagos: 100% atsakingai i\u0161gaunama merino vilna.<\/li>\n<li>Biologi\u0161kai suyranti: merinos\u0173 vilna yra nat\u016brali ir biologi\u0161kai suyranti.s<\/li>\n<li>Rank\u0173 darbas: daug darbo reikalaujanti gamyba ma\u017eina energijos naudojim\u0105 ir i\u0161metam\u0173j\u0173 ter\u0161al\u0173 kiek\u012f.<\/li>\n<li>Patvarumas: ilgalaikis, auk\u0161tos kokyb\u0117s meistri\u0161kumas.<\/li>\n<li>Ma\u017eos partijos: gaminama pagal u\u017esakym\u0105, kad b\u016bt\u0173 i\u0161vengta atliek\u0173.<\/li>\n<\/ul>\n<p>Pagaminta Lietuvoje<\/p>","protected":false},"excerpt":{"rendered":"<p>Jaukus ir \u0161iuolaiki\u0161kas komplektas, megztas i\u0161 100% merino vilnos. Laisvas megztinis su apvalia i\u0161kirpte, nuleistais pe\u010diais ir briaunuotais apvadais derinamas su \u0161ortais su reguliuojamu rai\u0161teliu juosmenyje ir briaunuotais kra\u0161tais. Mink\u0161ti, pralaid\u016bs orui ir universal\u016bs - puikiai tinka kasdieniam d\u0117v\u0117jimui ir l\u0117to gyvenimo akimirkoms.<\/p>","protected":false},"featured_media":30312,"comment_status":"open","ping_status":"closed","template":"","meta":{"_gspb_post_css":""},"product_brand":[],"product_cat":[337,338,109,54],"product_tag":[333],"class_list":{"0":"post-30321","1":"product","2":"type-product","3":"status-publish","4":"has-post-thumbnail","6":"product_cat-fabric","7":"product_cat-merino-wool","8":"product_cat-sets","9":"product_cat-women","10":"product_tag-merino","12":"first","13":"instock","14":"featured","15":"shipping-taxable","16":"purchasable","17":"product-type-variable"},"_links":{"self":[{"href":"https:\/\/monalashop.com\/lt\/wp-json\/wp\/v2\/product\/30321","targetHints":{"allow":["GET"]}}],"collection":[{"href":"https:\/\/monalashop.com\/lt\/wp-json\/wp\/v2\/product"}],"about":[{"href":"https:\/\/monalashop.com\/lt\/wp-json\/wp\/v2\/types\/product"}],"replies":[{"embeddable":true,"href":"https:\/\/monalashop.com\/lt\/wp-json\/wp\/v2\/comments?post=30321"}],"wp:featuredmedia":[{"embeddable":true,"href":"https:\/\/monalashop.com\/lt\/wp-json\/wp\/v2\/media\/30312"}],"wp:attachment":[{"href":"https:\/\/monalashop.com\/lt\/wp-json\/wp\/v2\/media?parent=30321"}],"wp:term":[{"taxonomy":"product_brand","embeddable":true,"href":"https:\/\/monalashop.com\/lt\/wp-json\/wp\/v2\/product_brand?post=30321"},{"taxonomy":"product_cat","embeddable":true,"href":"https:\/\/monalashop.com\/lt\/wp-json\/wp\/v2\/product_cat?post=30321"},{"taxonomy":"product_tag","embeddable":true,"href":"https:\/\/monalashop.com\/lt\/wp-json\/wp\/v2\/product_tag?post=30321"}],"curies":[{"name":"wp","href":"https:\/\/api.w.org\/{rel}","templated":true}]}}