{"id":30004,"date":"2025-04-25T11:09:01","date_gmt":"2025-04-25T09:09:01","guid":{"rendered":"https:\/\/monalashop.com\/?post_type=product&#038;p=30004"},"modified":"2026-04-13T12:25:44","modified_gmt":"2026-04-13T10:25:44","slug":"megzta-medvilnine-maxi-suknele-sauleje","status":"publish","type":"product","link":"https:\/\/monalashop.com\/lt\/produktas\/megzta-medvilnine-maxi-suknele-sauleje\/","title":{"rendered":"Sun 100% medviln\u0117s suknel\u0117 ilgomis rankov\u0117mis"},"content":{"rendered":"<p>\u0160i megzta medvilnin\u0117 maksi suknel\u0117 gaminama pagal u\u017esakym\u0105, tod\u0117l u\u017etikrinama kokyb\u0117 ir kruop\u0161ti gamyba. Kiekviena detal\u0117 individualiai numegzta per 4-5 dienas, ta\u010diau gamybos laikas gali skirtis priklausomai nuo u\u017esakymo apimties.<\/p>\n<ul>\n<li>Apvali i\u0161kirpt\u0117<\/li>\n<li>Ilgo silueto suknel\u0117<\/li>\n<li>Minimalistin\u0117<\/li>\n<li>Ilgos, plat\u0117jan\u010dios rankov\u0117s<\/li>\n<li>Sud\u0117tis: 100% ZERO\u00ae medviln\u0117<\/li>\n<\/ul>\n<p>Tvarumas<\/p>\n<ul>\n<li>Med\u017eiagos: Medvilniniai si\u016blai: pagaminti i\u0161 ZERO\u00ae medviln\u0117s - vieno i\u0161 tvariausi\u0173 medvilnini\u0173 si\u016bl\u0173, sukurt\u0173 naudojant pa\u017eangi\u0105, ma\u017e\u0105 poveik\u012f daran\u010di\u0105 da\u017eymo ir verpimo technologij\u0105.<\/li>\n<li>Taupiai naudojami i\u0161tekliai: ma\u017eesnis vandens ir energijos suvartojimas gamybos metu.<\/li>\n<li>Be atliek\u0173: kuriama ma\u017eomis partijomis ir pagal u\u017esakym\u0105, kad b\u016bt\u0173 i\u0161vengta perteklin\u0117s gamybos.<\/li>\n<li>Meistri\u0161kumas: gaminama naudojant buitines mezgimo ma\u0161inas, kurioms reikia ma\u017eiau \u012frangos ir energijos.<\/li>\n<\/ul>\n<p>Kiekviena detal\u0117 l\u0117tai mezgama rankine ma\u0161ina, paskui \u0161velniai siuvama ir u\u017ebaigiama rankomis.<\/p>\n<p>Pagaminta Lietuvoje<\/p>","protected":false},"excerpt":{"rendered":"<p>\u0160i suknel\u0117 \u2013 tai kokyb\u0117s, patogumo ir nesenstan\u010dio dizaino derinys. Lygus mezginys i\u0161 mink\u0161tos ZERO\u00ae medviln\u0117s ir \u0161varus siluetas kuria harmoning\u0105 santyk\u012f tarp formos ir poj\u016b\u010dio \u2013 drabu\u017eis nat\u016braliai prisitaiko prie j\u016bs\u0173. Minimalistin\u0117 forma nevar\u017eo judesi\u0173, o kruop\u0161tus meistri\u0161kumas u\u017etikrina ilgaam\u017ei\u0161kum\u0105. Tai suknel\u0117, kuri i\u0161liks aktuali ne vien\u0105 sezon\u0105 \u2013 tyliai, bet i\u0161skirtinai.<\/p>","protected":false},"featured_media":29996,"comment_status":"open","ping_status":"closed","template":"","meta":{"_gspb_post_css":""},"product_brand":[],"product_cat":[332,69,54],"product_tag":[334],"class_list":{"0":"post-30004","1":"product","2":"type-product","3":"status-publish","4":"has-post-thumbnail","6":"product_cat-cotton","7":"product_cat-dresses","8":"product_cat-women","9":"product_tag-cotton","11":"first","12":"instock","13":"sale","14":"shipping-taxable","15":"purchasable","16":"product-type-variable","17":"has-default-attributes"},"_links":{"self":[{"href":"https:\/\/monalashop.com\/lt\/wp-json\/wp\/v2\/product\/30004","targetHints":{"allow":["GET"]}}],"collection":[{"href":"https:\/\/monalashop.com\/lt\/wp-json\/wp\/v2\/product"}],"about":[{"href":"https:\/\/monalashop.com\/lt\/wp-json\/wp\/v2\/types\/product"}],"replies":[{"embeddable":true,"href":"https:\/\/monalashop.com\/lt\/wp-json\/wp\/v2\/comments?post=30004"}],"wp:featuredmedia":[{"embeddable":true,"href":"https:\/\/monalashop.com\/lt\/wp-json\/wp\/v2\/media\/29996"}],"wp:attachment":[{"href":"https:\/\/monalashop.com\/lt\/wp-json\/wp\/v2\/media?parent=30004"}],"wp:term":[{"taxonomy":"product_brand","embeddable":true,"href":"https:\/\/monalashop.com\/lt\/wp-json\/wp\/v2\/product_brand?post=30004"},{"taxonomy":"product_cat","embeddable":true,"href":"https:\/\/monalashop.com\/lt\/wp-json\/wp\/v2\/product_cat?post=30004"},{"taxonomy":"product_tag","embeddable":true,"href":"https:\/\/monalashop.com\/lt\/wp-json\/wp\/v2\/product_tag?post=30004"}],"curies":[{"name":"wp","href":"https:\/\/api.w.org\/{rel}","templated":true}]}}