{"id":29979,"date":"2025-04-25T10:52:24","date_gmt":"2025-04-25T08:52:24","guid":{"rendered":"https:\/\/monalashop.com\/?post_type=product&#038;p=29979"},"modified":"2026-04-13T12:26:31","modified_gmt":"2026-04-13T10:26:31","slug":"ranku-darbo-medvilniniu-geliu-verinys-is-lelijos","status":"publish","type":"product","link":"https:\/\/monalashop.com\/lt\/produktas\/ranku-darbo-medvilniniu-geliu-verinys-is-lelijos\/","title":{"rendered":"Lily 100% medviln\u0117s kaklo papuo\u0161alas"},"content":{"rendered":"<p>\u0160is rank\u0173 darbo medvilnini\u0173 g\u0117li\u0173 v\u0117rinys gaminamas pagal u\u017esakym\u0105, tod\u0117l u\u017etikrinama kokyb\u0117 ir kruop\u0161ti gamyba. Kiekviena detal\u0117 individualiai numegzta per 4-5 dienas, ta\u010diau gamybos laikas gali skirtis priklausomai nuo u\u017esakymo apimties.<\/p>\n<ul>\n<li>Papuo\u0161tas subtiliomis megztomis g\u0117l\u0117mis<\/li>\n<li>Sud\u0117tis: 100% ZERO\u00ae medviln\u0117<\/li>\n<\/ul>\n<p>Tvarumas<\/p>\n<ul>\n<li>Med\u017eiagos: Medvilniniai si\u016blai: pagaminti i\u0161 ZERO\u00ae medviln\u0117s - vieno i\u0161 tvariausi\u0173 medvilnini\u0173 si\u016bl\u0173, sukurt\u0173 naudojant pa\u017eangi\u0105, ma\u017e\u0105 poveik\u012f daran\u010di\u0105 da\u017eymo ir verpimo technologij\u0105.<\/li>\n<li>Taupiai naudojami i\u0161tekliai: ma\u017eesnis vandens ir energijos suvartojimas gamybos metu.<\/li>\n<li>Be atliek\u0173: kuriama ma\u017eomis partijomis ir pagal u\u017esakym\u0105, kad b\u016bt\u0173 i\u0161vengta perteklin\u0117s gamybos.<\/li>\n<li>Meistri\u0161kumas: gaminama naudojant buitines mezgimo ma\u0161inas, kurioms reikia ma\u017eiau \u012frangos ir energijos.<\/li>\n<\/ul>\n<p>Kiekviena detal\u0117 l\u0117tai mezgama rankine ma\u0161ina, paskui \u0161velniai siuvama ir u\u017ebaigiama rankomis.<\/p>\n<p>Pagaminta Lietuvoje<\/p>","protected":false},"excerpt":{"rendered":"<p>\u0160velnus, \u017eaismingas akcentas, suteikiantis \u017eavesio bet kokiai aprangai. \u0160is rank\u0173 darbo aksesuaras, \u012fkv\u0117ptas \u017eydin\u010dios lietuvi\u0161kos vasaros spalv\u0173, megztas i\u0161 medvilnini\u0173 si\u016bl\u0173 ir papuo\u0161tas \u0161velniomis megztomis g\u0117l\u0117mis. Lengvas, lankstus ir universalus - d\u0117v\u0117kite j\u012f kaip v\u0117rin\u012f  ant m\u0117gstamo trikota\u017eo ar suknel\u0117s.<\/p>","protected":false},"featured_media":29983,"comment_status":"open","ping_status":"closed","template":"","meta":{"_gspb_post_css":""},"product_brand":[],"product_cat":[57,332,54],"product_tag":[334],"class_list":{"0":"post-29979","1":"product","2":"type-product","3":"status-publish","4":"has-post-thumbnail","6":"product_cat-accessories","7":"product_cat-cotton","8":"product_cat-women","9":"product_tag-cotton","11":"first","12":"instock","13":"sale","14":"shipping-taxable","15":"purchasable","16":"product-type-variable","17":"has-default-attributes"},"_links":{"self":[{"href":"https:\/\/monalashop.com\/lt\/wp-json\/wp\/v2\/product\/29979","targetHints":{"allow":["GET"]}}],"collection":[{"href":"https:\/\/monalashop.com\/lt\/wp-json\/wp\/v2\/product"}],"about":[{"href":"https:\/\/monalashop.com\/lt\/wp-json\/wp\/v2\/types\/product"}],"replies":[{"embeddable":true,"href":"https:\/\/monalashop.com\/lt\/wp-json\/wp\/v2\/comments?post=29979"}],"wp:featuredmedia":[{"embeddable":true,"href":"https:\/\/monalashop.com\/lt\/wp-json\/wp\/v2\/media\/29983"}],"wp:attachment":[{"href":"https:\/\/monalashop.com\/lt\/wp-json\/wp\/v2\/media?parent=29979"}],"wp:term":[{"taxonomy":"product_brand","embeddable":true,"href":"https:\/\/monalashop.com\/lt\/wp-json\/wp\/v2\/product_brand?post=29979"},{"taxonomy":"product_cat","embeddable":true,"href":"https:\/\/monalashop.com\/lt\/wp-json\/wp\/v2\/product_cat?post=29979"},{"taxonomy":"product_tag","embeddable":true,"href":"https:\/\/monalashop.com\/lt\/wp-json\/wp\/v2\/product_tag?post=29979"}],"curies":[{"name":"wp","href":"https:\/\/api.w.org\/{rel}","templated":true}]}}