{"id":29851,"date":"2025-04-25T10:05:45","date_gmt":"2025-04-25T08:05:45","guid":{"rendered":"https:\/\/monalashop.com\/?post_type=product&#038;p=29851"},"modified":"2026-04-13T12:30:52","modified_gmt":"2026-04-13T10:30:52","slug":"megzta-medvilnine-trumpomis-rankovemis-virsutine-dalis-su-saules-spalva","status":"publish","type":"product","link":"https:\/\/monalashop.com\/lt\/produktas\/megzta-medvilnine-trumpomis-rankovemis-virsutine-dalis-su-saules-spalva\/","title":{"rendered":"Sun 100% medviln\u0117s palaidin\u0117 trumpomis rankov\u0117mis"},"content":{"rendered":"<p>\u0160i palaidin\u0117 trumpomis rankov\u0117mis gaminamas pagal u\u017esakym\u0105, tod\u0117l u\u017etikrinama kokyb\u0117 ir kruop\u0161ti gamyba. Kiekviena detal\u0117 individualiai numegzta per 4-5 dienas, ta\u010diau gamybos laikas gali skirtis priklausomai nuo u\u017esakymo apimties.<\/p>\n<ul>\n<li>Apvali kaklo i\u0161kirpt\u0117s<\/li>\n<li>Trumpos rankov\u0117s<\/li>\n<li>Briaunoti apvadai ties i\u0161kirpte, rankov\u0117mis ir apa\u010dia<\/li>\n<li>Sud\u0117tis: 100% ZERO\u00ae medviln\u0117<\/li>\n<\/ul>\n<p>Tvarumas<\/p>\n<ul>\n<li>Med\u017eiagos: Medvilniniai si\u016blai: pagaminti i\u0161 ZERO\u00ae medviln\u0117s - vieno i\u0161 tvariausi\u0173 medvilnini\u0173 si\u016bl\u0173, sukurt\u0173 naudojant pa\u017eangi\u0105, ma\u017e\u0105 poveik\u012f daran\u010di\u0105 da\u017eymo ir verpimo technologij\u0105.<\/li>\n<li>Taupiai naudojami i\u0161tekliai: ma\u017eesnis vandens ir energijos suvartojimas gamybos metu.<\/li>\n<li>Be atliek\u0173: kuriama ma\u017eomis partijomis ir pagal u\u017esakym\u0105, kad b\u016bt\u0173 i\u0161vengta perteklin\u0117s gamybos.<\/li>\n<li>Meistri\u0161kumas: gaminama naudojant buitines mezgimo ma\u0161inas, kurioms reikia ma\u017eiau \u012frangos ir energijos.<\/li>\n<\/ul>\n<p>Kiekviena detal\u0117 l\u0117tai mezgama rankine ma\u0161ina, paskui \u0161velniai siuvama ir u\u017ebaigiama rankomis.<\/p>\n<p>Pagaminta Lietuvoje<\/p>","protected":false},"excerpt":{"rendered":"<p class=\"\" data-start=\"284\" data-end=\"523\">Kai kurie drabu\u017eiai tiesiog spinduliuoja ramyb\u0119. \u0160i megzta palaidin\u0117 \u2013 viena i\u0161 j\u0173: \u0161velnios strukt\u016bros, lengvai krintanti ir nat\u016braliai eleganti\u0161ka. Ji prisitaiko prie j\u016bs\u0173 ritmo \u2013 tiek l\u0117tai leid\u017eiant dien\u0105, tiek vakare stebint besikei\u010dian\u010di\u0105 \u0161vies\u0105.<\/p>\n<p class=\"\" data-start=\"525\" data-end=\"764\">Mink\u0161ti briaunuoti kra\u0161tai ir priglundantis siluetas dera tiek su kitais trikota\u017eo gaminiais, tiek d\u0117vint vien\u0105. Megzta i\u0161 itin mink\u0161tos, orui pralaid\u017eios ZERO\u00ae medviln\u0117s \u2013 sukurta tam, kad visur jaustum\u0117t\u0117s kaip namie.<\/p>","protected":false},"featured_media":29846,"comment_status":"open","ping_status":"closed","template":"","meta":{"_gspb_post_css":""},"product_brand":[],"product_cat":[54,332,247],"product_tag":[334],"class_list":{"0":"post-29851","1":"product","2":"type-product","3":"status-publish","4":"has-post-thumbnail","6":"product_cat-women","7":"product_cat-cotton","8":"product_cat-tops","9":"product_tag-cotton","11":"first","12":"instock","13":"sale","14":"shipping-taxable","15":"purchasable","16":"product-type-variable","17":"has-default-attributes"},"_links":{"self":[{"href":"https:\/\/monalashop.com\/lt\/wp-json\/wp\/v2\/product\/29851","targetHints":{"allow":["GET"]}}],"collection":[{"href":"https:\/\/monalashop.com\/lt\/wp-json\/wp\/v2\/product"}],"about":[{"href":"https:\/\/monalashop.com\/lt\/wp-json\/wp\/v2\/types\/product"}],"replies":[{"embeddable":true,"href":"https:\/\/monalashop.com\/lt\/wp-json\/wp\/v2\/comments?post=29851"}],"wp:featuredmedia":[{"embeddable":true,"href":"https:\/\/monalashop.com\/lt\/wp-json\/wp\/v2\/media\/29846"}],"wp:attachment":[{"href":"https:\/\/monalashop.com\/lt\/wp-json\/wp\/v2\/media?parent=29851"}],"wp:term":[{"taxonomy":"product_brand","embeddable":true,"href":"https:\/\/monalashop.com\/lt\/wp-json\/wp\/v2\/product_brand?post=29851"},{"taxonomy":"product_cat","embeddable":true,"href":"https:\/\/monalashop.com\/lt\/wp-json\/wp\/v2\/product_cat?post=29851"},{"taxonomy":"product_tag","embeddable":true,"href":"https:\/\/monalashop.com\/lt\/wp-json\/wp\/v2\/product_tag?post=29851"}],"curies":[{"name":"wp","href":"https:\/\/api.w.org\/{rel}","templated":true}]}}