{"id":29749,"date":"2025-04-25T09:19:45","date_gmt":"2025-04-25T07:19:45","guid":{"rendered":"https:\/\/monalashop.com\/?post_type=product&#038;p=29749"},"modified":"2026-04-13T12:32:49","modified_gmt":"2026-04-13T10:32:49","slug":"megzta-medvilnine-neriniuota-virsutine-dalis-su-dangumi","status":"publish","type":"product","link":"https:\/\/monalashop.com\/lt\/produktas\/megzta-medvilnine-neriniuota-virsutine-dalis-su-dangumi\/","title":{"rendered":"Sky 100% medviln\u0117s kiaurara\u0161\u010diu megzta palaidin\u0117"},"content":{"rendered":"<p>\u0160i megzta medvilnin\u0117 n\u0117riniuota vir\u0161utin\u0117 dalis gaminama pagal u\u017esakym\u0105, tod\u0117l u\u017etikrinama ir kokyb\u0117, ir kruop\u0161tumas. Kiekviena detal\u0117 individualiai numegzta per 4-5 dienas, ta\u010diau gamybos laikas gali skirtis priklausomai nuo u\u017esakymo apimties.<\/p>\n<ul>\n<li>Apvali kaklo i\u0161kirpt\u0117s<\/li>\n<li>Trumpos rankov\u0117s<\/li>\n<li>Briaunoti apvadai ties i\u0161kirpte, rankov\u0117mis ir apa\u010dia<\/li>\n<li>Kiaurara\u0173\u010diu megztas ra\u0161tas<\/li>\n<li>Lengva ir pralaidi orui<\/li>\n<li>Sud\u0117tis: 100% ZERO\u00ae medviln\u0117<\/li>\n<\/ul>\n<p>Tvarumas<\/p>\n<ul>\n<li>Med\u017eiagos: Medvilniniai si\u016blai: pagaminti i\u0161 ZERO\u00ae medviln\u0117s - vieno i\u0161 tvariausi\u0173 medvilnini\u0173 si\u016bl\u0173, sukurt\u0173 naudojant pa\u017eangi\u0105, ma\u017e\u0105 poveik\u012f daran\u010di\u0105 da\u017eymo ir verpimo technologij\u0105.<\/li>\n<li>Taupiai naudojami i\u0161tekliai: ma\u017eesnis vandens ir energijos suvartojimas gamybos metu.<\/li>\n<li>Be atliek\u0173: kuriama ma\u017eomis partijomis ir pagal u\u017esakym\u0105, kad b\u016bt\u0173 i\u0161vengta perteklin\u0117s gamybos.<\/li>\n<li>Meistri\u0161kumas: gaminama naudojant buitines mezgimo ma\u0161inas, kurioms reikia ma\u017eiau \u012frangos ir energijos.<\/li>\n<\/ul>\n<p>Kiekviena detal\u0117 l\u0117tai mezgama rankine ma\u0161ina, paskui \u0161velniai siuvama ir u\u017ebaigiama rankomis.<\/p>\n<p>Pagaminta Lietuvoje<\/p>","protected":false},"excerpt":{"rendered":"<p class=\"\" data-start=\"402\" data-end=\"650\">Apgalvotai megzta palaidin\u0117 sujungia strukt\u016br\u0105 ir \u0161velnum\u0105 viename k\u016brinyje. N\u0117rini\u0173 \u012fkv\u0117pta tekst\u016bra suteikia lengvumo ir i\u0161skirtinumo \u2013 subtilus kiaurara\u0161\u010dio ra\u0161tas leid\u017eia odai kv\u0117puoti, o mezginys kalba pats u\u017e save.<\/p>\n<p class=\"\" data-start=\"652\" data-end=\"887\">Pagaminta i\u0161 tvarios ZERO\u00ae medviln\u0117s, pasi\u017eymin\u010dios nat\u016bralumu ir ilgaam\u017ei\u0161kumu. Briaunuoti kra\u0161tai formuoja siluet\u0105, o trumpos rankov\u0117s ir \u0161vari i\u0161kirpt\u0117 suteikia komforto bei paprastumo.<\/p>\n<p class=\"\" data-start=\"889\" data-end=\"987\">Tai k\u016brinys, kuris atskleid\u017eia paties mezginio gro\u017e\u012f \u2013 lengvas, subtilus ir kupinas tylos stipryb\u0117s.<\/p>","protected":false},"featured_media":29744,"comment_status":"open","ping_status":"closed","template":"","meta":{"_gspb_post_css":""},"product_brand":[],"product_cat":[54,332,247],"product_tag":[334],"class_list":{"0":"post-29749","1":"product","2":"type-product","3":"status-publish","4":"has-post-thumbnail","6":"product_cat-women","7":"product_cat-cotton","8":"product_cat-tops","9":"product_tag-cotton","11":"first","12":"instock","13":"sale","14":"shipping-taxable","15":"purchasable","16":"product-type-variable","17":"has-default-attributes"},"_links":{"self":[{"href":"https:\/\/monalashop.com\/lt\/wp-json\/wp\/v2\/product\/29749","targetHints":{"allow":["GET"]}}],"collection":[{"href":"https:\/\/monalashop.com\/lt\/wp-json\/wp\/v2\/product"}],"about":[{"href":"https:\/\/monalashop.com\/lt\/wp-json\/wp\/v2\/types\/product"}],"replies":[{"embeddable":true,"href":"https:\/\/monalashop.com\/lt\/wp-json\/wp\/v2\/comments?post=29749"}],"wp:featuredmedia":[{"embeddable":true,"href":"https:\/\/monalashop.com\/lt\/wp-json\/wp\/v2\/media\/29744"}],"wp:attachment":[{"href":"https:\/\/monalashop.com\/lt\/wp-json\/wp\/v2\/media?parent=29749"}],"wp:term":[{"taxonomy":"product_brand","embeddable":true,"href":"https:\/\/monalashop.com\/lt\/wp-json\/wp\/v2\/product_brand?post=29749"},{"taxonomy":"product_cat","embeddable":true,"href":"https:\/\/monalashop.com\/lt\/wp-json\/wp\/v2\/product_cat?post=29749"},{"taxonomy":"product_tag","embeddable":true,"href":"https:\/\/monalashop.com\/lt\/wp-json\/wp\/v2\/product_tag?post=29749"}],"curies":[{"name":"wp","href":"https:\/\/api.w.org\/{rel}","templated":true}]}}