{"id":29718,"date":"2025-04-25T08:59:05","date_gmt":"2025-04-25T06:59:05","guid":{"rendered":"https:\/\/monalashop.com\/?post_type=product&#038;p=29718"},"modified":"2026-04-13T12:33:25","modified_gmt":"2026-04-13T10:33:25","slug":"megztas-medvilninis-mini-sijonas-lelijos-spalvos","status":"publish","type":"product","link":"https:\/\/monalashop.com\/lt\/produktas\/megztas-medvilninis-mini-sijonas-lelijos-spalvos\/","title":{"rendered":"Lily 100% medviln\u0117s trumpas sijonas"},"content":{"rendered":"<p>\u0160is mini sijonas gaminamas pagal u\u017esakym\u0105, tod\u0117l u\u017etikrinama ir kokyb\u0117, ir kruop\u0161tumas. Kiekviena detal\u0117 individualiai numegzta per 3-4 dienas, ta\u010diau gamybos laikas gali skirtis priklausomai nuo u\u017esakymo apimties.<\/p>\n<ul>\n<li>Elastingas juosmuo<\/li>\n<li>Sud\u0117tis: 100% ZERO\u00ae medviln\u0117<\/li>\n<\/ul>\n<p>Tvarumas<\/p>\n<ul>\n<li>Med\u017eiagos: Medvilniniai si\u016blai: pagaminti i\u0161 ZERO\u00ae medviln\u0117s - vieno i\u0161 tvariausi\u0173 medvilnini\u0173 si\u016bl\u0173, sukurt\u0173 naudojant pa\u017eangi\u0105, ma\u017e\u0105 poveik\u012f daran\u010di\u0105 da\u017eymo ir verpimo technologij\u0105.<\/li>\n<li>Taupiai naudojami i\u0161tekliai: ma\u017eesnis vandens ir energijos suvartojimas gamybos metu.<\/li>\n<li>Be atliek\u0173: kuriama ma\u017eomis partijomis ir pagal u\u017esakym\u0105, kad b\u016bt\u0173 i\u0161vengta perteklin\u0117s gamybos.<\/li>\n<li>Meistri\u0161kumas: gaminama naudojant buitines mezgimo ma\u0161inas, kurioms reikia ma\u017eiau \u012frangos ir energijos.<\/li>\n<\/ul>\n<p>Kiekviena detal\u0117 l\u0117tai mezgama rankine ma\u0161ina, paskui \u0161velniai siuvama ir u\u017ebaigiama rankomis.<\/p>\n<p>Pagaminta Lietuvoje<\/p>","protected":false},"excerpt":{"rendered":"<p class=\"\" data-start=\"157\" data-end=\"388\">\u0160is sijonas sukurtas galvojant apie vasaros vakaro ramyb\u0119 \u2013 t\u0105 akimirk\u0105, kai viskas sul\u0117t\u0117ja ir k\u016bn\u0105 apgaubia lengvumo poj\u016btis.<\/p>\n<p class=\"\" data-start=\"390\" data-end=\"639\">Jo \u0161varios linijos ir \u0161velniai priglundanti forma leid\u017eia jaustis laisvai tiek paj\u016bryje, tiek mieste.<\/p>\n<p class=\"\" data-start=\"641\" data-end=\"725\">Megztas i\u0161 orui pralaid\u017eios, itin mink\u0161tos ZERO\u00ae medviln\u0117s, jis u\u017etikrina komfort\u0105, nat\u016bral\u0173 gro\u017e\u012f ir ilgaam\u017ei\u0161kum\u0105.<\/p>","protected":false},"featured_media":29697,"comment_status":"open","ping_status":"closed","template":"","meta":{"_gspb_post_css":""},"product_brand":[],"product_cat":[54,332,246],"product_tag":[334],"class_list":{"0":"post-29718","1":"product","2":"type-product","3":"status-publish","4":"has-post-thumbnail","6":"product_cat-women","7":"product_cat-cotton","8":"product_cat-pants","9":"product_tag-cotton","11":"first","12":"instock","13":"sale","14":"shipping-taxable","15":"purchasable","16":"product-type-variable","17":"has-default-attributes"},"_links":{"self":[{"href":"https:\/\/monalashop.com\/lt\/wp-json\/wp\/v2\/product\/29718","targetHints":{"allow":["GET"]}}],"collection":[{"href":"https:\/\/monalashop.com\/lt\/wp-json\/wp\/v2\/product"}],"about":[{"href":"https:\/\/monalashop.com\/lt\/wp-json\/wp\/v2\/types\/product"}],"replies":[{"embeddable":true,"href":"https:\/\/monalashop.com\/lt\/wp-json\/wp\/v2\/comments?post=29718"}],"wp:featuredmedia":[{"embeddable":true,"href":"https:\/\/monalashop.com\/lt\/wp-json\/wp\/v2\/media\/29697"}],"wp:attachment":[{"href":"https:\/\/monalashop.com\/lt\/wp-json\/wp\/v2\/media?parent=29718"}],"wp:term":[{"taxonomy":"product_brand","embeddable":true,"href":"https:\/\/monalashop.com\/lt\/wp-json\/wp\/v2\/product_brand?post=29718"},{"taxonomy":"product_cat","embeddable":true,"href":"https:\/\/monalashop.com\/lt\/wp-json\/wp\/v2\/product_cat?post=29718"},{"taxonomy":"product_tag","embeddable":true,"href":"https:\/\/monalashop.com\/lt\/wp-json\/wp\/v2\/product_tag?post=29718"}],"curies":[{"name":"wp","href":"https:\/\/api.w.org\/{rel}","templated":true}]}}