{"id":29679,"date":"2025-04-25T07:52:01","date_gmt":"2025-04-25T05:52:01","guid":{"rendered":"https:\/\/monalashop.com\/?post_type=product&#038;p=29679"},"modified":"2026-04-13T12:34:35","modified_gmt":"2026-04-13T10:34:35","slug":"megztas-medvilninis-megztinis-su-sagomis-sauleje","status":"publish","type":"product","link":"https:\/\/monalashop.com\/lt\/produktas\/megztas-medvilninis-megztinis-su-sagomis-sauleje\/","title":{"rendered":"SUN 100% medviln\u0117s kardiganas su sagomis"},"content":{"rendered":"<p>\u0160is medviln\u0117s megztinis su sagomis gaminamas pagal u\u017esakym\u0105, tod\u0117l u\u017etikrinama kokyb\u0117 ir kruop\u0161tumas. Kiekvienas megztinis individualiai numegztas per 4-5 dienas, ta\u010diau gamybos laikas gali skirtis priklausomai nuo u\u017esakymo apimties.<\/p>\n<ul>\n<li>Dvi priekin\u0117s briaunuotos ki\u0161en\u0117s<\/li>\n<li>Sagomis u\u017esegamas priekis<\/li>\n<li>Briaunuoti rankogaliai<\/li>\n<li>Nuleisti pe\u010diai<\/li>\n<li>Sud\u0117tis: 100% ZERO\u00ae medviln\u0117<\/li>\n<\/ul>\n<p>Tvarumas<\/p>\n<ul>\n<li>Med\u017eiagos: Medvilniniai si\u016blai: pagaminti i\u0161 ZERO\u00ae medviln\u0117s - vieno i\u0161 tvariausi\u0173 medvilnini\u0173 si\u016bl\u0173, sukurt\u0173 naudojant pa\u017eangi\u0105, ma\u017e\u0105 poveik\u012f daran\u010di\u0105 da\u017eymo ir verpimo technologij\u0105.<\/li>\n<li>Taupiai naudojami i\u0161tekliai: ma\u017eesnis vandens ir energijos suvartojimas gamybos metu.<\/li>\n<li>Be atliek\u0173: kuriama ma\u017eomis partijomis ir pagal u\u017esakym\u0105, kad b\u016bt\u0173 i\u0161vengta perteklin\u0117s gamybos.<\/li>\n<li>Meistri\u0161kumas: gaminama naudojant buitines mezgimo ma\u0161inas, kurioms reikia ma\u017eiau \u012frangos ir energijos.<\/li>\n<\/ul>\n<p>Kiekviena detal\u0117 l\u0117tai mezgama rankine ma\u0161ina, paskui \u0161velniai siuvama ir u\u017ebaigiama rankomis.<\/p>\n<p>Pagaminta Lietuvoje<\/p>","protected":false},"excerpt":{"rendered":"<p>Klasikinio silueto megztinis megztas i\u0161 100% ZERO\u00ae medviln\u0117s - lengvas, pralaidus orui ir \u0161velnus odai.<br data-start=\"315\" data-end=\"318\" \/>Priekyje u\u017esegamas sagomis ir laisvai krentantis, tod\u0117l tai nesenstantis drabu\u017eis, tinkantis kiekvienam sezonui.<br data-start=\"407\" data-end=\"410\" \/>Tai drabu\u017eis, prie kurio gr\u012f\u017etate diena po dienos, sezonas po sezono.<br data-start=\"486\" data-end=\"489\" \/>Tyliai eleganti\u0161kas ir lengvai patogus, jis pasi\u017eymi nat\u016braliu paprastumu, kuris niekada nei\u0161eina i\u0161 mados.<\/p>","protected":false},"featured_media":29678,"comment_status":"open","ping_status":"closed","template":"","meta":{"_gspb_post_css":""},"product_brand":[],"product_cat":[54,66,332],"product_tag":[334],"class_list":{"0":"post-29679","1":"product","2":"type-product","3":"status-publish","4":"has-post-thumbnail","6":"product_cat-women","7":"product_cat-cardigans","8":"product_cat-cotton","9":"product_tag-cotton","11":"first","12":"instock","13":"sale","14":"shipping-taxable","15":"purchasable","16":"product-type-variable","17":"has-default-attributes"},"_links":{"self":[{"href":"https:\/\/monalashop.com\/lt\/wp-json\/wp\/v2\/product\/29679","targetHints":{"allow":["GET"]}}],"collection":[{"href":"https:\/\/monalashop.com\/lt\/wp-json\/wp\/v2\/product"}],"about":[{"href":"https:\/\/monalashop.com\/lt\/wp-json\/wp\/v2\/types\/product"}],"replies":[{"embeddable":true,"href":"https:\/\/monalashop.com\/lt\/wp-json\/wp\/v2\/comments?post=29679"}],"wp:featuredmedia":[{"embeddable":true,"href":"https:\/\/monalashop.com\/lt\/wp-json\/wp\/v2\/media\/29678"}],"wp:attachment":[{"href":"https:\/\/monalashop.com\/lt\/wp-json\/wp\/v2\/media?parent=29679"}],"wp:term":[{"taxonomy":"product_brand","embeddable":true,"href":"https:\/\/monalashop.com\/lt\/wp-json\/wp\/v2\/product_brand?post=29679"},{"taxonomy":"product_cat","embeddable":true,"href":"https:\/\/monalashop.com\/lt\/wp-json\/wp\/v2\/product_cat?post=29679"},{"taxonomy":"product_tag","embeddable":true,"href":"https:\/\/monalashop.com\/lt\/wp-json\/wp\/v2\/product_tag?post=29679"}],"curies":[{"name":"wp","href":"https:\/\/api.w.org\/{rel}","templated":true}]}}