{"id":29650,"date":"2025-04-24T23:01:06","date_gmt":"2025-04-24T21:01:06","guid":{"rendered":"https:\/\/monalashop.com\/?post_type=product&#038;p=29650"},"modified":"2026-04-13T12:35:54","modified_gmt":"2026-04-13T10:35:54","slug":"megzti-medvilniniai-sortai-su-dangumi","status":"publish","type":"product","link":"https:\/\/monalashop.com\/lt\/produktas\/megzti-medvilniniai-sortai-su-dangumi\/","title":{"rendered":"Sky 100% medviln\u0117s \u0161ortai"},"content":{"rendered":"<p>\u0160ie megzti medvilniniai \u0161ortai gaminami pagal u\u017esakym\u0105, tod\u0117l u\u017etikrinama kokyb\u0117 ir kruop\u0161ti gamyba. Kiekviena detal\u0117 individualiai numegzta per 3-4 dienas, ta\u010diau gamybos laikas gali skirtis priklausomai nuo u\u017esakymo apimties.<\/p>\n<ul>\n<li>Virvut\u0117s juosmens dir\u017eas<\/li>\n<li>Sud\u0117tis: 100% ZERO\u00ae medviln\u0117<\/li>\n<\/ul>\n<p>Tvarumas<\/p>\n<ul>\n<li>Med\u017eiagos: Medvilniniai si\u016blai: pagaminti i\u0161 ZERO\u00ae medviln\u0117s - vieno i\u0161 tvariausi\u0173 medvilnini\u0173 si\u016bl\u0173, sukurt\u0173 naudojant pa\u017eangi\u0105, ma\u017e\u0105 poveik\u012f daran\u010di\u0105 da\u017eymo ir verpimo technologij\u0105.<\/li>\n<li>Taupiai naudojami i\u0161tekliai: ma\u017eesnis vandens ir energijos suvartojimas gamybos metu.<\/li>\n<li>Be atliek\u0173: kuriama ma\u017eomis partijomis ir pagal u\u017esakym\u0105, kad b\u016bt\u0173 i\u0161vengta perteklin\u0117s gamybos.<\/li>\n<li>Meistri\u0161kumas: gaminama naudojant buitines mezgimo ma\u0161inas, kurioms reikia ma\u017eiau \u012frangos ir energijos.<\/li>\n<\/ul>\n<p>Kiekviena detal\u0117 l\u0117tai mezgama rankine ma\u0161ina, paskui \u0161velniai siuvama ir u\u017ebaigiama rankomis.<\/p>\n<p>Pagaminta Lietuvoje<\/p>","protected":false},"excerpt":{"rendered":"<p class=\"\" data-start=\"195\" data-end=\"419\">\u012ekv\u0117pti rami\u0173 dien\u0173 ir l\u0117t\u0173 akimirk\u0173, \u0161ie megzti \u0161ortai sukurti komfortui ir nat\u016braliam judesiui.<\/p>\n<p class=\"\" data-start=\"421\" data-end=\"645\">Mink\u0161ti, pralaid\u016bs orui ir megzti i\u0161 tvarios ZERO\u00ae medviln\u0117s \u2013 jie \u0161veln\u016bs odai ir malon\u016bs d\u0117v\u0117ti vis\u0105 dien\u0105.<\/p>\n<p class=\"\" data-start=\"647\" data-end=\"756\">Elastingas juosmuo su megztu rai\u0161teliu u\u017etikrina patog\u0173 prigludim\u0105, o minimalistinis dizainas leid\u017eia lengvai derinti su m\u0117gstamu trikota\u017eu ar tos pa\u010dios medviln\u0117s palaidine.<\/p>","protected":false},"featured_media":29643,"comment_status":"open","ping_status":"closed","template":"","meta":{"_gspb_post_css":""},"product_brand":[],"product_cat":[54,332,246],"product_tag":[334],"class_list":{"0":"post-29650","1":"product","2":"type-product","3":"status-publish","4":"has-post-thumbnail","6":"product_cat-women","7":"product_cat-cotton","8":"product_cat-pants","9":"product_tag-cotton","11":"first","12":"instock","13":"sale","14":"shipping-taxable","15":"purchasable","16":"product-type-variable","17":"has-default-attributes"},"_links":{"self":[{"href":"https:\/\/monalashop.com\/lt\/wp-json\/wp\/v2\/product\/29650","targetHints":{"allow":["GET"]}}],"collection":[{"href":"https:\/\/monalashop.com\/lt\/wp-json\/wp\/v2\/product"}],"about":[{"href":"https:\/\/monalashop.com\/lt\/wp-json\/wp\/v2\/types\/product"}],"replies":[{"embeddable":true,"href":"https:\/\/monalashop.com\/lt\/wp-json\/wp\/v2\/comments?post=29650"}],"wp:featuredmedia":[{"embeddable":true,"href":"https:\/\/monalashop.com\/lt\/wp-json\/wp\/v2\/media\/29643"}],"wp:attachment":[{"href":"https:\/\/monalashop.com\/lt\/wp-json\/wp\/v2\/media?parent=29650"}],"wp:term":[{"taxonomy":"product_brand","embeddable":true,"href":"https:\/\/monalashop.com\/lt\/wp-json\/wp\/v2\/product_brand?post=29650"},{"taxonomy":"product_cat","embeddable":true,"href":"https:\/\/monalashop.com\/lt\/wp-json\/wp\/v2\/product_cat?post=29650"},{"taxonomy":"product_tag","embeddable":true,"href":"https:\/\/monalashop.com\/lt\/wp-json\/wp\/v2\/product_tag?post=29650"}],"curies":[{"name":"wp","href":"https:\/\/api.w.org\/{rel}","templated":true}]}}