{"id":29608,"date":"2025-04-24T22:28:24","date_gmt":"2025-04-24T20:28:24","guid":{"rendered":"https:\/\/monalashop.com\/?post_type=product&#038;p=29608"},"modified":"2026-04-13T12:37:08","modified_gmt":"2026-04-13T10:37:08","slug":"megzta-medvilnine-neriniuota-suknele-su-lelijomis","status":"publish","type":"product","link":"https:\/\/monalashop.com\/lt\/produktas\/megzta-medvilnine-neriniuota-suknele-su-lelijomis\/","title":{"rendered":"Lily 100% medviln\u0117s trumpa kiaurara\u0161\u010dio suknel\u0117"},"content":{"rendered":"<p>\u0160i megzta medvilnin\u0117 n\u0117riniuota suknel\u0117 gaminama pagal u\u017esakym\u0105, tod\u0117l u\u017etikrinama kokyb\u0117 ir kruop\u0161tumas. Kiekviena detal\u0117 individualiai numegzta per 4-5 dienas, ta\u010diau gamybos laikas gali skirtis priklausomai nuo u\u017esakymo apimties.<\/p>\n<ul>\n<li>Apvali kaklo i\u0161kirpt\u0117s<\/li>\n<li>Trumpos rankov\u0117s<\/li>\n<li>A linijos siluetas<\/li>\n<li>N\u0117rini\u0173 \u012fkv\u0117ptos mezgimo detal\u0117s<\/li>\n<li>Sud\u0117tis: 100% ZERO\u00ae medviln\u0117<\/li>\n<\/ul>\n<p>Tvarumas<\/p>\n<ul>\n<li>Med\u017eiagos: Medvilniniai si\u016blai: pagaminti i\u0161 ZERO\u00ae medviln\u0117s - vieno i\u0161 tvariausi\u0173 medvilnini\u0173 si\u016bl\u0173, sukurt\u0173 naudojant pa\u017eangi\u0105, ma\u017e\u0105 poveik\u012f daran\u010di\u0105 da\u017eymo ir verpimo technologij\u0105.<\/li>\n<li>Taupiai naudojami i\u0161tekliai: ma\u017eesnis vandens ir energijos suvartojimas gamybos metu.<\/li>\n<li>Be atliek\u0173: kuriama ma\u017eomis partijomis ir pagal u\u017esakym\u0105, kad b\u016bt\u0173 i\u0161vengta perteklin\u0117s gamybos.<\/li>\n<li>Meistri\u0161kumas: gaminama naudojant buitines mezgimo ma\u0161inas, kurioms reikia ma\u017eiau \u012frangos ir energijos.<\/li>\n<\/ul>\n<p>Kiekviena detal\u0117 l\u0117tai mezgama rankine ma\u0161ina, paskui \u0161velniai siuvama ir u\u017ebaigiama rankomis.<\/p>\n<p>Pagaminta Lietuvoje.<\/p>","protected":false},"excerpt":{"rendered":"<p class=\"\" data-start=\"530\" data-end=\"773\">Lengvai moteri\u0161ka ir laikui nepavaldi elegancija.<\/p>\n<p class=\"\" data-start=\"775\" data-end=\"956\">\u0160i A formos suknel\u0117 megzta i\u0161 tvarios medviln\u0117s, sukurtos naudojant ma\u017eo poveikio technologij\u0105.<\/p>\n<p class=\"\" data-start=\"958\" data-end=\"1119\">Subtil\u016bs n\u0117rini\u0173 akcentai pabr\u0117\u017eia jos \u0161veln\u0173 charakter\u012f, o kv\u0117puojantis mezginys ir trumpos rankov\u0117s leid\u017eia jaustis patogiai viso sezono metu. Sukurta moteriai, kuri vertina ram\u0173 gro\u017e\u012f ir apgalvot\u0105 stili\u0173<\/p>","protected":false},"featured_media":29621,"comment_status":"open","ping_status":"closed","template":"","meta":{"_gspb_post_css":""},"product_brand":[],"product_cat":[332,69,54],"product_tag":[334],"class_list":{"0":"post-29608","1":"product","2":"type-product","3":"status-publish","4":"has-post-thumbnail","6":"product_cat-cotton","7":"product_cat-dresses","8":"product_cat-women","9":"product_tag-cotton","11":"first","12":"instock","13":"sale","14":"shipping-taxable","15":"purchasable","16":"product-type-variable","17":"has-default-attributes"},"_links":{"self":[{"href":"https:\/\/monalashop.com\/lt\/wp-json\/wp\/v2\/product\/29608","targetHints":{"allow":["GET"]}}],"collection":[{"href":"https:\/\/monalashop.com\/lt\/wp-json\/wp\/v2\/product"}],"about":[{"href":"https:\/\/monalashop.com\/lt\/wp-json\/wp\/v2\/types\/product"}],"replies":[{"embeddable":true,"href":"https:\/\/monalashop.com\/lt\/wp-json\/wp\/v2\/comments?post=29608"}],"wp:featuredmedia":[{"embeddable":true,"href":"https:\/\/monalashop.com\/lt\/wp-json\/wp\/v2\/media\/29621"}],"wp:attachment":[{"href":"https:\/\/monalashop.com\/lt\/wp-json\/wp\/v2\/media?parent=29608"}],"wp:term":[{"taxonomy":"product_brand","embeddable":true,"href":"https:\/\/monalashop.com\/lt\/wp-json\/wp\/v2\/product_brand?post=29608"},{"taxonomy":"product_cat","embeddable":true,"href":"https:\/\/monalashop.com\/lt\/wp-json\/wp\/v2\/product_cat?post=29608"},{"taxonomy":"product_tag","embeddable":true,"href":"https:\/\/monalashop.com\/lt\/wp-json\/wp\/v2\/product_tag?post=29608"}],"curies":[{"name":"wp","href":"https:\/\/api.w.org\/{rel}","templated":true}]}}