{"id":29550,"date":"2025-04-25T11:30:55","date_gmt":"2025-04-25T09:30:55","guid":{"rendered":"https:\/\/monalashop.com\/?post_type=product&#038;p=29550"},"modified":"2026-04-13T12:24:17","modified_gmt":"2026-04-13T10:24:17","slug":"megzti-medvilniniai-marskineliai-ir-sijonas-sauleje","status":"publish","type":"product","link":"https:\/\/monalashop.com\/lt\/produktas\/megzti-medvilniniai-marskineliai-ir-sijonas-sauleje\/","title":{"rendered":"Sun 100% medviln\u0117s dviej\u0173 dali\u0173, palaidin\u0117s ir sijono kostiumas"},"content":{"rendered":"<p>\u0160is megztas medviln\u0117s palaidin\u0117s ir sijono komplektas gaminamas pagal u\u017esakym\u0105, tod\u0117l u\u017etikrinama ir kokyb\u0117, ir kruop\u0161tumas. Kiekviena detal\u0117 individualiai numegzta per 5-7 dienas, ta\u010diau gamybos laikas gali skirtis priklausomai nuo u\u017esakymo apimties.<\/p>\n<p>Palaidin\u0117s detal\u0117s:<\/p>\n<ul>\n<li>Apvali kaklo i\u0161kirpt\u0117s<\/li>\n<li>Trumpos rankov\u0117s<\/li>\n<li>Briaunoti apvadai ties i\u0161kirpte, rankov\u0117mis ir apa\u010dia<\/li>\n<\/ul>\n<p>Sijono detal\u0117s:<\/p>\n<ul>\n<li>Elastingas juosmuo<\/li>\n<li>\u0160velniai plat\u0117jantis siluetas<\/li>\n<li>Briaunuotas kra\u0161tas<\/li>\n<\/ul>\n<p>Sud\u0117tis: 100% ZERO\u00ae medviln\u0117<\/p>\n<p>Tvarumas<\/p>\n<ul>\n<li>Med\u017eiagos: Medvilniniai si\u016blai: pagaminti i\u0161 ZERO\u00ae medviln\u0117s - vieno i\u0161 tvariausi\u0173 medvilnini\u0173 si\u016bl\u0173, sukurt\u0173 naudojant pa\u017eangi\u0105, ma\u017e\u0105 poveik\u012f daran\u010di\u0105 da\u017eymo ir verpimo technologij\u0105.<\/li>\n<li>Taupiai naudojami i\u0161tekliai: ma\u017eesnis vandens ir energijos suvartojimas gamybos metu.<\/li>\n<li>Be atliek\u0173: kuriama ma\u017eomis partijomis ir pagal u\u017esakym\u0105, kad b\u016bt\u0173 i\u0161vengta perteklin\u0117s gamybos.<\/li>\n<li>Meistri\u0161kumas: gaminama naudojant buitines mezgimo ma\u0161inas, kurioms reikia ma\u017eiau \u012frangos ir energijos.<\/li>\n<\/ul>\n<p>Kiekviena detal\u0117 l\u0117tai mezgama rankine ma\u0161ina, paskui \u0161velniai siuvama ir u\u017ebaigiama rankomis.<\/p>\n<p>Pagaminta Lietuvoje<\/p>","protected":false},"excerpt":{"rendered":"<p>Lengvai krintantis midi sijonas ir \u0161velnaus mezginio vir\u0161utin\u0117 dalis sukurti apgalvotai \u2013 kasdieniam komfortui ir elegancijai.<br data-start=\"548\" data-end=\"551\" \/>Komplektas megztas i\u0161 100 % ZERO\u00ae medviln\u0117s, pasi\u017eymin\u010dios \u0161velnumu ir nat\u016braliu kv\u0117pavimu.<br data-start=\"668\" data-end=\"671\" \/>Klasikin\u0117s formos ir rami estetika kvie\u010dia atrasti gro\u017e\u012f paprastume.<\/p>","protected":false},"featured_media":29778,"comment_status":"open","ping_status":"closed","template":"","meta":{"_gspb_post_css":""},"product_brand":[],"product_cat":[332,109,54],"product_tag":[334],"class_list":{"0":"post-29550","1":"product","2":"type-product","3":"status-publish","4":"has-post-thumbnail","6":"product_cat-cotton","7":"product_cat-sets","8":"product_cat-women","9":"product_tag-cotton","11":"first","12":"instock","13":"sale","14":"shipping-taxable","15":"purchasable","16":"product-type-variable","17":"has-default-attributes"},"_links":{"self":[{"href":"https:\/\/monalashop.com\/lt\/wp-json\/wp\/v2\/product\/29550","targetHints":{"allow":["GET"]}}],"collection":[{"href":"https:\/\/monalashop.com\/lt\/wp-json\/wp\/v2\/product"}],"about":[{"href":"https:\/\/monalashop.com\/lt\/wp-json\/wp\/v2\/types\/product"}],"replies":[{"embeddable":true,"href":"https:\/\/monalashop.com\/lt\/wp-json\/wp\/v2\/comments?post=29550"}],"wp:featuredmedia":[{"embeddable":true,"href":"https:\/\/monalashop.com\/lt\/wp-json\/wp\/v2\/media\/29778"}],"wp:attachment":[{"href":"https:\/\/monalashop.com\/lt\/wp-json\/wp\/v2\/media?parent=29550"}],"wp:term":[{"taxonomy":"product_brand","embeddable":true,"href":"https:\/\/monalashop.com\/lt\/wp-json\/wp\/v2\/product_brand?post=29550"},{"taxonomy":"product_cat","embeddable":true,"href":"https:\/\/monalashop.com\/lt\/wp-json\/wp\/v2\/product_cat?post=29550"},{"taxonomy":"product_tag","embeddable":true,"href":"https:\/\/monalashop.com\/lt\/wp-json\/wp\/v2\/product_tag?post=29550"}],"curies":[{"name":"wp","href":"https:\/\/api.w.org\/{rel}","templated":true}]}}