{"id":29439,"date":"2025-04-20T14:36:16","date_gmt":"2025-04-20T12:36:16","guid":{"rendered":"https:\/\/monalashop.com\/?post_type=product&#038;p=29439"},"modified":"2026-04-13T12:38:41","modified_gmt":"2026-04-13T10:38:41","slug":"megztas-medvilninis-megztinis-ir-sortu-rinkinys-su-dangaus-spalva","status":"publish","type":"product","link":"https:\/\/monalashop.com\/lt\/produktas\/megztas-medvilninis-megztinis-ir-sortu-rinkinys-su-dangaus-spalva\/","title":{"rendered":"Sky 100% medviln\u0117s \u0161ort\u0173 ir kardigano komplektas"},"content":{"rendered":"<p>\u0160is megztas medvilninis megztinis ir \u0161ortai gaminami pagal u\u017esakym\u0105, tod\u0117l u\u017etikrinama ir kokyb\u0117, ir kruop\u0161tumas. Kiekviena detal\u0117 individualiai numegzta per 5-7 dienas, ta\u010diau gamybos laikas gali skirtis priklausomai nuo u\u017esakymo apimties.<\/p>\n<p>Kardigano detal\u0117s:<\/p>\n<ul>\n<li>Dvi priekin\u0117s briaunuotos ki\u0161en\u0117s<\/li>\n<li>Sagomis u\u017esegamas priekis<\/li>\n<li>Briaunuoti rankogaliai<\/li>\n<li>Nuleisti pe\u010diai<\/li>\n<\/ul>\n<p>\u0160ort\u0173 detal\u0117s:<\/p>\n<ul>\n<li>Virvut\u0117s juosmens dir\u017eas<\/li>\n<\/ul>\n<p>Sud\u0117tis: 100% ZERO\u00ae medviln\u0117<\/p>\n<p>Tvarumas<\/p>\n<ul>\n<li>Med\u017eiagos: Medvilniniai si\u016blai: pagaminti i\u0161 ZERO\u00ae medviln\u0117s - vieno i\u0161 tvariausi\u0173 medvilnini\u0173 si\u016bl\u0173, sukurt\u0173 naudojant pa\u017eangi\u0105, ma\u017e\u0105 poveik\u012f daran\u010di\u0105 da\u017eymo ir verpimo technologij\u0105.<\/li>\n<li>Taupiai naudojami i\u0161tekliai: ma\u017eesnis vandens ir energijos suvartojimas gamybos metu.<\/li>\n<li>Be atliek\u0173: kuriama ma\u017eomis partijomis ir pagal u\u017esakym\u0105, kad b\u016bt\u0173 i\u0161vengta perteklin\u0117s gamybos.<\/li>\n<li>Meistri\u0161kumas: gaminama naudojant buitines mezgimo ma\u0161inas, kurioms reikia ma\u017eiau \u012frangos ir energijos.<\/li>\n<\/ul>\n<p>Kiekviena detal\u0117 l\u0117tai mezgama rankine ma\u0161ina, paskui \u0161velniai siuvama ir u\u017ebaigiama rankomis.<\/p>\n<p>Pagaminta Lietuvoje<\/p>","protected":false},"excerpt":{"rendered":"<p class=\"\" data-start=\"142\" data-end=\"589\">Monala mezginiai gimsta i\u0161 l\u0117t\u0173, apgalvot\u0173 judesi\u0173 \u2013 i\u0161saugant rank\u0173 darbo \u0161ilum\u0105 ir tikrum\u0105.<br data-start=\"284\" data-end=\"287\" \/>\u0160is megztinio ir \u0161ort\u0173 derinys sukurtas taip, kad \u012f kasdienyb\u0119 \u012fne\u0161t\u0173 \u0161velnumo, nat\u016bralumo ir laisv\u0117s.<br data-start=\"421\" data-end=\"424\" \/>Lieknas siluetas, nat\u016brali 100 % ZERO\u00ae medviln\u0117 ir apgalvotos detal\u0117s tyliai primena, kad tikr\u0105j\u0105 vert\u0119 sukuria laikas, meistri\u0161kumas ir nuo\u0161irdus prisilietimas.<\/p>","protected":false},"featured_media":29644,"comment_status":"open","ping_status":"closed","template":"","meta":{"_gspb_post_css":""},"product_brand":[],"product_cat":[332,109,54],"product_tag":[334],"class_list":{"0":"post-29439","1":"product","2":"type-product","3":"status-publish","4":"has-post-thumbnail","6":"product_cat-cotton","7":"product_cat-sets","8":"product_cat-women","9":"product_tag-cotton","11":"first","12":"instock","13":"sale","14":"shipping-taxable","15":"purchasable","16":"product-type-variable","17":"has-default-attributes"},"_links":{"self":[{"href":"https:\/\/monalashop.com\/lt\/wp-json\/wp\/v2\/product\/29439","targetHints":{"allow":["GET"]}}],"collection":[{"href":"https:\/\/monalashop.com\/lt\/wp-json\/wp\/v2\/product"}],"about":[{"href":"https:\/\/monalashop.com\/lt\/wp-json\/wp\/v2\/types\/product"}],"replies":[{"embeddable":true,"href":"https:\/\/monalashop.com\/lt\/wp-json\/wp\/v2\/comments?post=29439"}],"wp:featuredmedia":[{"embeddable":true,"href":"https:\/\/monalashop.com\/lt\/wp-json\/wp\/v2\/media\/29644"}],"wp:attachment":[{"href":"https:\/\/monalashop.com\/lt\/wp-json\/wp\/v2\/media?parent=29439"}],"wp:term":[{"taxonomy":"product_brand","embeddable":true,"href":"https:\/\/monalashop.com\/lt\/wp-json\/wp\/v2\/product_brand?post=29439"},{"taxonomy":"product_cat","embeddable":true,"href":"https:\/\/monalashop.com\/lt\/wp-json\/wp\/v2\/product_cat?post=29439"},{"taxonomy":"product_tag","embeddable":true,"href":"https:\/\/monalashop.com\/lt\/wp-json\/wp\/v2\/product_tag?post=29439"}],"curies":[{"name":"wp","href":"https:\/\/api.w.org\/{rel}","templated":true}]}}