{"id":28745,"date":"2024-09-09T09:00:29","date_gmt":"2024-09-09T07:00:29","guid":{"rendered":"https:\/\/monalashop.com\/?post_type=product&#038;p=28745"},"modified":"2026-02-21T18:12:09","modified_gmt":"2026-02-21T16:12:09","slug":"merino-vilnos-megztinis-su-igula-prie-kaklo-4","status":"publish","type":"product","link":"https:\/\/monalashop.com\/lt\/produktas\/merino-vilnos-megztinis-su-igula-prie-kaklo-4\/","title":{"rendered":"Merino vilnos megztinis su apvalia i\u0161kirpte ir raglano rankov\u0117mis"},"content":{"rendered":"<p>\u0160is gaminys megzamas pagal u\u017esakym\u0105, tod\u0117l gamybos procese u\u017etikrinama kokyb\u0117 ir tvarumas. Trikota\u017eo gamyba trunka 3-4 dienas, ta\u010diau \u0161is terminas gali skirtis priklausomai nuo bendro u\u017esakymo kiekio.<\/p>\n<ul>\n<li>Apvali kaklo i\u0161kirpt\u0117s<\/li>\n<li>Raglanin\u0117s rankov\u0117s<\/li>\n<li>Briaunuotas golfas, rankogaliai ir apa\u010dias<\/li>\n<li>Pagaminta i\u0161 100% merino vilnos<\/li>\n<\/ul>\n<p>Tvarumas<\/p>\n<ul>\n<li>Med\u017eiagos: 100% atsakingai i\u0161gaunama merino vilna.<\/li>\n<li>Biologi\u0161kai suyranti: merinos\u0173 vilna yra nat\u016brali ir biologi\u0161kai suyranti.s<\/li>\n<li>Rank\u0173 darbas: daug darbo reikalaujanti gamyba ma\u017eina energijos naudojim\u0105 ir i\u0161metam\u0173j\u0173 ter\u0161al\u0173 kiek\u012f.<\/li>\n<li>Patvarumas: ilgalaikis, auk\u0161tos kokyb\u0117s meistri\u0161kumas.<\/li>\n<li>Ma\u017eos partijos: gaminama pagal u\u017esakym\u0105, kad b\u016bt\u0173 i\u0161vengta atliek\u0173.<\/li>\n<\/ul>\n<p>Pagaminta Lietuvoje<\/p>","protected":false},"excerpt":{"rendered":"<p>Merino vilnos megztinis sujungia laikui nepavald\u0173 dizain\u0105 ir neprilygstam\u0105 patogum\u0105, megztas i\u0161 100% merino vilnos, kad b\u016bt\u0173 itin mink\u0161tas ir \u0161iltas. D\u0117l \u0161vari\u0173 linij\u0173 ir klasikinio apvalaus kaklo \u0161is megztinis yra universalus ir lengvai pritaikomas tiek kasdieniam, tiek puo\u0161niam \u012fvaizd\u017eiui. D\u0117l nat\u016bralaus merinos\u0173 vilnos pralaidumo orui vis\u0105 dien\u0105 jausit\u0117s patogiai. \u0160is d\u017eemperis pagamintas tvariai, skiriant d\u0117mes\u012f detal\u0117ms, tod\u0117l j\u012f gal\u0117site vilk\u0117ti bet kuriuo met\u0173 laiku ar bet kokia proga.<\/p>","protected":false},"featured_media":28729,"comment_status":"open","ping_status":"closed","template":"","meta":{"_gspb_post_css":""},"product_brand":[],"product_cat":[337,338,67,54],"product_tag":[333],"class_list":{"0":"post-28745","1":"product","2":"type-product","3":"status-publish","4":"has-post-thumbnail","6":"product_cat-fabric","7":"product_cat-merino-wool","8":"product_cat-sweaters","9":"product_cat-women","10":"product_tag-merino","12":"first","13":"instock","14":"shipping-taxable","15":"purchasable","16":"product-type-variable","17":"has-default-attributes"},"_links":{"self":[{"href":"https:\/\/monalashop.com\/lt\/wp-json\/wp\/v2\/product\/28745","targetHints":{"allow":["GET"]}}],"collection":[{"href":"https:\/\/monalashop.com\/lt\/wp-json\/wp\/v2\/product"}],"about":[{"href":"https:\/\/monalashop.com\/lt\/wp-json\/wp\/v2\/types\/product"}],"replies":[{"embeddable":true,"href":"https:\/\/monalashop.com\/lt\/wp-json\/wp\/v2\/comments?post=28745"}],"wp:featuredmedia":[{"embeddable":true,"href":"https:\/\/monalashop.com\/lt\/wp-json\/wp\/v2\/media\/28729"}],"wp:attachment":[{"href":"https:\/\/monalashop.com\/lt\/wp-json\/wp\/v2\/media?parent=28745"}],"wp:term":[{"taxonomy":"product_brand","embeddable":true,"href":"https:\/\/monalashop.com\/lt\/wp-json\/wp\/v2\/product_brand?post=28745"},{"taxonomy":"product_cat","embeddable":true,"href":"https:\/\/monalashop.com\/lt\/wp-json\/wp\/v2\/product_cat?post=28745"},{"taxonomy":"product_tag","embeddable":true,"href":"https:\/\/monalashop.com\/lt\/wp-json\/wp\/v2\/product_tag?post=28745"}],"curies":[{"name":"wp","href":"https:\/\/api.w.org\/{rel}","templated":true}]}}