{"id":27782,"date":"2024-08-12T09:20:53","date_gmt":"2024-08-12T07:20:53","guid":{"rendered":"https:\/\/monalashop.com\/?post_type=product&#038;p=27782"},"modified":"2026-02-21T18:21:26","modified_gmt":"2026-02-21T16:21:26","slug":"megztu-merino-vilnos-kelniu-ir-megztinio-komplektas","status":"publish","type":"product","link":"https:\/\/monalashop.com\/lt\/produktas\/megztu-merino-vilnos-kelniu-ir-megztinio-komplektas\/","title":{"rendered":"Megzt\u0173 merino vilnos kelni\u0173 ir kardigano kostiumas"},"content":{"rendered":"<p>\u0160ie gaminiai jau paruo\u0161ti i\u0161si\u0173sti, tod\u0117l gal\u0117site m\u0117gautis am\u017einu merinos\u0173 vilnos gro\u017eiu ir \u0161iluma be jokio delsimo.<\/p>\n<ul>\n<li>Dvi priekin\u0117s briaunuotos ki\u0161en\u0117s<\/li>\n<li>Keturi\u0173 sag\u0173 u\u017esegimas<\/li>\n<li>Briaunuoti rankogaliai<\/li>\n<li>Nuleisti pe\u010diai<\/li>\n<li>Elastinis juosmuo<\/li>\n<li>Plat\u0117jantis siluetas<\/li>\n<li>100% Merino vilna<\/li>\n<\/ul>\n<p>Tvarumas<\/p>\n<ul>\n<li>Med\u017eiagos: 100% atsakingai i\u0161gaunama merino vilna.<\/li>\n<li>Biologi\u0161kai suyranti: merinos\u0173 vilna yra nat\u016brali ir biologi\u0161kai suyranti.s<\/li>\n<li>Rank\u0173 darbas: daug darbo reikalaujanti gamyba ma\u017eina energijos naudojim\u0105 ir i\u0161metam\u0173j\u0173 ter\u0161al\u0173 kiek\u012f.<\/li>\n<li>Patvarumas: ilgalaikis, auk\u0161tos kokyb\u0117s meistri\u0161kumas.<\/li>\n<li>Ma\u017eos partijos: gaminama pagal u\u017esakym\u0105, kad b\u016bt\u0173 i\u0161vengta atliek\u0173.<\/li>\n<\/ul>\n<p>Pagaminta Lietuvoje<\/p>","protected":false},"excerpt":{"rendered":"<div class=\"flex flex-grow flex-col max-w-full\">\n<div class=\"min-h-[20px] text-message flex w-full flex-col items-end gap-2 whitespace-pre-wrap break-words [.text-message+&amp;]:mt-5 overflow-x-auto\" dir=\"auto\" data-message-author-role=\"assistant\" data-message-id=\"320a0bc2-2d51-4c70-821c-7b93c60548f0\">\n<div class=\"flex w-full flex-col gap-1 empty:hidden first:pt-[3px]\">\n<div class=\"markdown prose w-full break-words dark:prose-invert light\">\n<p>Wrap yourself in cozy luxury with our Knitted Merino Wool Cardigan and Pants Set. This stylish duo, made from soft merino wool, offers all-day comfort and elegance. The cardigan features a classic V-neck and handy front pockets, perfect for a relaxed yet polished look. The matching wide-leg pants provide a flattering fit and a chic silhouette. Ideal for any occasion, from lounging at home to casual outings, this set combines warmth and style effortlessly.<\/p>\n<\/div>\n<\/div>\n<\/div>\n<\/div>\n","protected":false},"featured_media":24182,"comment_status":"open","ping_status":"closed","template":"","meta":{"_gspb_post_css":""},"product_brand":[],"product_cat":[337,338,248,109,54],"product_tag":[333],"class_list":{"0":"post-27782","1":"product","2":"type-product","3":"status-publish","4":"has-post-thumbnail","6":"product_cat-fabric","7":"product_cat-merino-wool","8":"product_cat-ready-to-ship","9":"product_cat-sets","10":"product_cat-women","11":"product_tag-merino","13":"first","14":"instock","15":"shipping-taxable","16":"purchasable","17":"product-type-variable","18":"has-default-attributes"},"_links":{"self":[{"href":"https:\/\/monalashop.com\/lt\/wp-json\/wp\/v2\/product\/27782","targetHints":{"allow":["GET"]}}],"collection":[{"href":"https:\/\/monalashop.com\/lt\/wp-json\/wp\/v2\/product"}],"about":[{"href":"https:\/\/monalashop.com\/lt\/wp-json\/wp\/v2\/types\/product"}],"replies":[{"embeddable":true,"href":"https:\/\/monalashop.com\/lt\/wp-json\/wp\/v2\/comments?post=27782"}],"wp:featuredmedia":[{"embeddable":true,"href":"https:\/\/monalashop.com\/lt\/wp-json\/wp\/v2\/media\/24182"}],"wp:attachment":[{"href":"https:\/\/monalashop.com\/lt\/wp-json\/wp\/v2\/media?parent=27782"}],"wp:term":[{"taxonomy":"product_brand","embeddable":true,"href":"https:\/\/monalashop.com\/lt\/wp-json\/wp\/v2\/product_brand?post=27782"},{"taxonomy":"product_cat","embeddable":true,"href":"https:\/\/monalashop.com\/lt\/wp-json\/wp\/v2\/product_cat?post=27782"},{"taxonomy":"product_tag","embeddable":true,"href":"https:\/\/monalashop.com\/lt\/wp-json\/wp\/v2\/product_tag?post=27782"}],"curies":[{"name":"wp","href":"https:\/\/api.w.org\/{rel}","templated":true}]}}