{"id":27709,"date":"2024-08-12T09:12:26","date_gmt":"2024-08-12T07:12:26","guid":{"rendered":"https:\/\/monalashop.com\/?post_type=product&#038;p=27709"},"modified":"2026-02-21T18:27:44","modified_gmt":"2026-02-21T16:27:44","slug":"megztu-merino-vilnos-kelniu-rinkinys-2","status":"publish","type":"product","link":"https:\/\/monalashop.com\/lt\/produktas\/megztu-merino-vilnos-kelniu-rinkinys-2\/","title":{"rendered":"Megztas merino vilnos megztinio auk\u0161tu kaklu ir kelni\u0173 kostiumas, kremin\u0117"},"content":{"rendered":"<p>\u0160ie gaminiai jau paruo\u0161ti i\u0161si\u0173sti, tod\u0117l gal\u0117site m\u0117gautis am\u017einu merinos\u0173 vilnos gro\u017eiu ir \u0161iluma be jokio delsimo.<\/p>\n<ul>\n<li>Auk\u0161tas kaklas<\/li>\n<li>\u0160onuose skeltukai<\/li>\n<li>Elastingas juosmuo<\/li>\n<li>Laisvai krentantys<\/li>\n<li>Sud\u0117tis: 100% merino vilna.<\/li>\n<\/ul>\n<p>Tvarumas<\/p>\n<ul>\n<li>Med\u017eiagos: 100% atsakingai i\u0161gaunama merino vilna.<\/li>\n<li>Biologi\u0161kai suyranti: merinos\u0173 vilna yra nat\u016brali ir biologi\u0161kai suyranti.s<\/li>\n<li>Rank\u0173 darbas: daug darbo reikalaujanti gamyba ma\u017eina energijos naudojim\u0105 ir i\u0161metam\u0173j\u0173 ter\u0161al\u0173 kiek\u012f.<\/li>\n<li>Patvarumas: ilgalaikis, auk\u0161tos kokyb\u0117s meistri\u0161kumas.<\/li>\n<li>Ma\u017eos partijos: gaminama pagal u\u017esakym\u0105, kad b\u016bt\u0173 i\u0161vengta atliek\u0173.<\/li>\n<\/ul>\n<p>Pagaminta Lietuvoje<\/p>","protected":false},"excerpt":{"rendered":"<p>\u0160is eleganti\u0161kas, i\u0161 100 % merino vilnos megztas derinys apjungia komfort\u0105 ir rafinuot\u0105 paprastum\u0105. Golfo tipo megztinis su \u0161onin\u0117mis i\u0161kirpt\u0117mis ir tiesios keln\u0117s sukuria lengv\u0105, bet i\u0161rai\u0161king\u0105 siluet\u0105. Mink\u0161tas, \u0161iltas ir universalus \u2013 tai minimalistinio stiliaus \u012fk\u016bnijimas, tinkantis bet kokiai dienai.<\/p>","protected":false},"featured_media":23486,"comment_status":"open","ping_status":"closed","template":"","meta":{"_gspb_post_css":""},"product_brand":[],"product_cat":[337,338,248,109,54],"product_tag":[333],"class_list":{"0":"post-27709","1":"product","2":"type-product","3":"status-publish","4":"has-post-thumbnail","6":"product_cat-fabric","7":"product_cat-merino-wool","8":"product_cat-ready-to-ship","9":"product_cat-sets","10":"product_cat-women","11":"product_tag-merino","13":"first","14":"instock","15":"shipping-taxable","16":"purchasable","17":"product-type-variable","18":"has-default-attributes"},"_links":{"self":[{"href":"https:\/\/monalashop.com\/lt\/wp-json\/wp\/v2\/product\/27709","targetHints":{"allow":["GET"]}}],"collection":[{"href":"https:\/\/monalashop.com\/lt\/wp-json\/wp\/v2\/product"}],"about":[{"href":"https:\/\/monalashop.com\/lt\/wp-json\/wp\/v2\/types\/product"}],"replies":[{"embeddable":true,"href":"https:\/\/monalashop.com\/lt\/wp-json\/wp\/v2\/comments?post=27709"}],"wp:featuredmedia":[{"embeddable":true,"href":"https:\/\/monalashop.com\/lt\/wp-json\/wp\/v2\/media\/23486"}],"wp:attachment":[{"href":"https:\/\/monalashop.com\/lt\/wp-json\/wp\/v2\/media?parent=27709"}],"wp:term":[{"taxonomy":"product_brand","embeddable":true,"href":"https:\/\/monalashop.com\/lt\/wp-json\/wp\/v2\/product_brand?post=27709"},{"taxonomy":"product_cat","embeddable":true,"href":"https:\/\/monalashop.com\/lt\/wp-json\/wp\/v2\/product_cat?post=27709"},{"taxonomy":"product_tag","embeddable":true,"href":"https:\/\/monalashop.com\/lt\/wp-json\/wp\/v2\/product_tag?post=27709"}],"curies":[{"name":"wp","href":"https:\/\/api.w.org\/{rel}","templated":true}]}}