{"id":27295,"date":"2024-08-10T21:22:37","date_gmt":"2024-08-10T19:22:37","guid":{"rendered":"https:\/\/monalashop.com\/?post_type=product&#038;p=27295"},"modified":"2026-02-21T18:34:29","modified_gmt":"2026-02-21T16:34:29","slug":"merino-vilnos-placios-megztos-kelnes-2","status":"publish","type":"product","link":"https:\/\/monalashop.com\/lt\/produktas\/merino-vilnos-placios-megztos-kelnes-2\/","title":{"rendered":"Megztos merino vilnos keln\u0117s, sm\u0117lis"},"content":{"rendered":"<p>\u0160ios keln\u0117s gaminamas pagal u\u017esakym\u0105, tod\u0117l gamybos procese u\u017etikrinama kokyb\u0117 ir tvarumas. Trikota\u017eo gamyba trunka 3-4 dienas, ta\u010diau gali skirtis priklausomai nuo bendro u\u017esakymo kiekio.<\/p>\n<ul>\n<li>Elastinis juosmuo<\/li>\n<li>Plat\u0117jantis siluetas<\/li>\n<li>Rank\u0173 darbo<\/li>\n<li>Sud\u0117tis: 100% merino vilna.<\/li>\n<\/ul>\n<p>Tvarumas<\/p>\n<ul>\n<li>Med\u017eiagos: 100% atsakingai i\u0161gaunama merino vilna.<\/li>\n<li>Biologi\u0161kai suyranti: merinos\u0173 vilna yra nat\u016brali ir biologi\u0161kai suyranti.s<\/li>\n<li>Rank\u0173 darbas: daug darbo reikalaujanti gamyba ma\u017eina energijos naudojim\u0105 ir i\u0161metam\u0173j\u0173 ter\u0161al\u0173 kiek\u012f.<\/li>\n<li>Patvarumas: ilgalaikis, auk\u0161tos kokyb\u0117s meistri\u0161kumas.<\/li>\n<li>Ma\u017eos partijos: gaminama pagal u\u017esakym\u0105, kad b\u016bt\u0173 i\u0161vengta atliek\u0173.<\/li>\n<\/ul>\n<p>Pagaminta Lietuvoje<\/p>","protected":false},"excerpt":{"rendered":"<p>\u0160ios minimalistinio silueto pla\u010dios keln\u0117s \u2013 nepakei\u010diama garderobo detal\u0117, tinkanti bet kokiam sezonui. Megztos i\u0161 100 % merino vilnos, jos \u0161velniai priglunda prie k\u016bno, yra pralaid\u017eios orui ir suteikia jud\u0117jimo laisv\u0119. Elastingas juosmuo u\u017etikrina komfort\u0105, o vienspalvis dizainas leid\u017eia lengvai derinti tiek su jaukiais megztiniais, tiek su lengvomis palaidin\u0117mis.<\/p>","protected":false},"featured_media":3936,"comment_status":"open","ping_status":"closed","template":"","meta":{"_gspb_post_css":""},"product_brand":[],"product_cat":[337,338,246,248,54],"product_tag":[333],"class_list":{"0":"post-27295","1":"product","2":"type-product","3":"status-publish","4":"has-post-thumbnail","6":"product_cat-fabric","7":"product_cat-merino-wool","8":"product_cat-pants","9":"product_cat-ready-to-ship","10":"product_cat-women","11":"product_tag-merino","13":"first","14":"instock","15":"shipping-taxable","16":"purchasable","17":"product-type-variable","18":"has-default-attributes"},"_links":{"self":[{"href":"https:\/\/monalashop.com\/lt\/wp-json\/wp\/v2\/product\/27295","targetHints":{"allow":["GET"]}}],"collection":[{"href":"https:\/\/monalashop.com\/lt\/wp-json\/wp\/v2\/product"}],"about":[{"href":"https:\/\/monalashop.com\/lt\/wp-json\/wp\/v2\/types\/product"}],"replies":[{"embeddable":true,"href":"https:\/\/monalashop.com\/lt\/wp-json\/wp\/v2\/comments?post=27295"}],"wp:featuredmedia":[{"embeddable":true,"href":"https:\/\/monalashop.com\/lt\/wp-json\/wp\/v2\/media\/3936"}],"wp:attachment":[{"href":"https:\/\/monalashop.com\/lt\/wp-json\/wp\/v2\/media?parent=27295"}],"wp:term":[{"taxonomy":"product_brand","embeddable":true,"href":"https:\/\/monalashop.com\/lt\/wp-json\/wp\/v2\/product_brand?post=27295"},{"taxonomy":"product_cat","embeddable":true,"href":"https:\/\/monalashop.com\/lt\/wp-json\/wp\/v2\/product_cat?post=27295"},{"taxonomy":"product_tag","embeddable":true,"href":"https:\/\/monalashop.com\/lt\/wp-json\/wp\/v2\/product_tag?post=27295"}],"curies":[{"name":"wp","href":"https:\/\/api.w.org\/{rel}","templated":true}]}}