{"id":26945,"date":"2024-08-09T13:06:39","date_gmt":"2024-08-09T11:06:39","guid":{"rendered":"https:\/\/monalashop.com\/?post_type=product&#038;p=26945"},"modified":"2026-02-21T18:39:43","modified_gmt":"2026-02-21T16:39:43","slug":"megzta-merino-vilnos-suknele-su-golfu-3","status":"publish","type":"product","link":"https:\/\/monalashop.com\/lt\/produktas\/megzta-merino-vilnos-suknele-su-golfu-3\/","title":{"rendered":"Ilga merino vilnos suknel\u0117 auk\u0161tu kaklu, pilka"},"content":{"rendered":"<p>\u0160ios keln\u0117s gaminamas pagal u\u017esakym\u0105, tod\u0117l gamybos procese u\u017etikrinama kokyb\u0117 ir tvarumas. Trikota\u017eo gamyba trunka 3-4 dienas, ta\u010diau gali skirtis priklausomai nuo bendro u\u017esakymo kiekio.<\/p>\n<ul>\n<li>Briaunuoti rankogaliai ir apa\u010dia<\/li>\n<li>Auk\u0161tas kaklas<\/li>\n<li>Pailginto silueto<\/li>\n<li>Pagaminta i\u0161 100% merino vilnos<\/li>\n<\/ul>\n<p>Tvarumas<\/p>\n<ul>\n<li>Med\u017eiagos: 100% atsakingai i\u0161gaunama merino vilna.<\/li>\n<li>Biologi\u0161kai suyranti: merinos\u0173 vilna yra nat\u016brali ir biologi\u0161kai suyranti.s<\/li>\n<li>Rank\u0173 darbas: daug darbo reikalaujanti gamyba ma\u017eina energijos naudojim\u0105 ir i\u0161metam\u0173j\u0173 ter\u0161al\u0173 kiek\u012f.<\/li>\n<li>Patvarumas: ilgalaikis, auk\u0161tos kokyb\u0117s meistri\u0161kumas.<\/li>\n<li>Ma\u017eos partijos: gaminama pagal u\u017esakym\u0105, kad b\u016bt\u0173 i\u0161vengta atliek\u0173.<\/li>\n<\/ul>\n<p>Pagaminta Lietuvoje<\/p>","protected":false},"excerpt":{"rendered":"<p>Laiko patikrinta klasika ir tvari prabanga susitinka \u0161ioje megztoje merino vilnos suknel\u0117je su auk\u0161tu kaklu. Pagaminta i\u0161 100 % merino vilnos, ji \u0161ildo, \u0161velniai priglunda prie k\u016bno ir spinduliuoja lengv\u0105 elegancij\u0105. Kv\u0117puojanti, universali ir lengvai derinama \u2013 sukurta moterims, vertinan\u010dioms nat\u016bralum\u0105, kokyb\u0119 ir apgalvot\u0105 stili\u0173.<\/p>","protected":false},"featured_media":10715,"comment_status":"open","ping_status":"closed","template":"","meta":{"_gspb_post_css":""},"product_brand":[],"product_cat":[69,337,338,248],"product_tag":[333],"class_list":{"0":"post-26945","1":"product","2":"type-product","3":"status-publish","4":"has-post-thumbnail","6":"product_cat-dresses","7":"product_cat-fabric","8":"product_cat-merino-wool","9":"product_cat-ready-to-ship","10":"product_tag-merino","12":"first","13":"instock","14":"shipping-taxable","15":"purchasable","16":"product-type-variable","17":"has-default-attributes"},"_links":{"self":[{"href":"https:\/\/monalashop.com\/lt\/wp-json\/wp\/v2\/product\/26945","targetHints":{"allow":["GET"]}}],"collection":[{"href":"https:\/\/monalashop.com\/lt\/wp-json\/wp\/v2\/product"}],"about":[{"href":"https:\/\/monalashop.com\/lt\/wp-json\/wp\/v2\/types\/product"}],"replies":[{"embeddable":true,"href":"https:\/\/monalashop.com\/lt\/wp-json\/wp\/v2\/comments?post=26945"}],"wp:featuredmedia":[{"embeddable":true,"href":"https:\/\/monalashop.com\/lt\/wp-json\/wp\/v2\/media\/10715"}],"wp:attachment":[{"href":"https:\/\/monalashop.com\/lt\/wp-json\/wp\/v2\/media?parent=26945"}],"wp:term":[{"taxonomy":"product_brand","embeddable":true,"href":"https:\/\/monalashop.com\/lt\/wp-json\/wp\/v2\/product_brand?post=26945"},{"taxonomy":"product_cat","embeddable":true,"href":"https:\/\/monalashop.com\/lt\/wp-json\/wp\/v2\/product_cat?post=26945"},{"taxonomy":"product_tag","embeddable":true,"href":"https:\/\/monalashop.com\/lt\/wp-json\/wp\/v2\/product_tag?post=26945"}],"curies":[{"name":"wp","href":"https:\/\/api.w.org\/{rel}","templated":true}]}}