{"id":25121,"date":"2024-07-27T13:22:41","date_gmt":"2024-07-27T11:22:41","guid":{"rendered":"https:\/\/monalashop.com\/?post_type=product&#038;p=25121"},"modified":"2026-02-21T18:45:00","modified_gmt":"2026-02-21T16:45:00","slug":"megzta-plona-midi-suknele-is-merino-vilnos","status":"publish","type":"product","link":"https:\/\/monalashop.com\/lt\/produktas\/megzta-plona-midi-suknele-is-merino-vilnos\/","title":{"rendered":"Priglundanti merino vilnos megzta suknel\u0117 su skeltuku \u0161one"},"content":{"rendered":"<p>\u0160is gaminys megzamas pagal u\u017esakym\u0105, tod\u0117l gamybos procese u\u017etikrinama kokyb\u0117 ir tvarumas. Trikota\u017eo gamyba trunka 3-4 dienas, ta\u010diau \u0161is terminas gali skirtis priklausomai nuo bendro u\u017esakymo kiekio.<\/p>\n<ul>\n<li>Skeltukas kair\u0117je pus\u0117je<\/li>\n<li>Parduodama be nuotraukose parodyt\u0173 plunksn\u0173 rankogali\u0173<\/li>\n<li>Siauro kirpimo<\/li>\n<li>Blauzdos ilgis<\/li>\n<li>Rank\u0173 darbo<\/li>\n<li>Pagaminta i\u0161 100% merino vilnos<\/li>\n<\/ul>\n<p>Tvarumas<\/p>\n<ul>\n<li>Med\u017eiagos: 100% atsakingai i\u0161gaunama merino vilna.<\/li>\n<li>Biologi\u0161kai suyranti: merinos\u0173 vilna yra nat\u016brali ir biologi\u0161kai suyranti.s<\/li>\n<li>Rank\u0173 darbas: daug darbo reikalaujanti gamyba ma\u017eina energijos naudojim\u0105 ir i\u0161metam\u0173j\u0173 ter\u0161al\u0173 kiek\u012f.<\/li>\n<li>Patvarumas: ilgalaikis, auk\u0161tos kokyb\u0117s meistri\u0161kumas.<\/li>\n<li>Ma\u017eos partijos: gaminama pagal u\u017esakym\u0105, kad b\u016bt\u0173 i\u0161vengta atliek\u0173.<\/li>\n<\/ul>\n<p>Pagaminta Lietuvoje<\/p>","protected":false},"excerpt":{"rendered":"<p>Megzta merino vilnos suknel\u0117 su \u0161oniniu skeltuku ir ilgomis rankov\u0117mis \u2013 vienas i\u0161 pagrindini\u0173 garderobo element\u0173. Pagaminta i\u0161 100 % merino vilnos, ji i\u0161siskiria universaliu dizainu, leid\u017eian\u010diu lengvai pritaikyti tiek kasdienai, tiek ypatingoms progoms. Subtiliai priglundanti vir\u0161utin\u0117 dalis ir \u0161velniai krintanti apa\u010dia sukuria subalansuot\u0105, moteri\u0161k\u0105 siluet\u0105.<\/p>","protected":false},"featured_media":25150,"comment_status":"open","ping_status":"closed","template":"","meta":{"_gspb_post_css":""},"product_brand":[],"product_cat":[69,337,338,54],"product_tag":[333],"class_list":{"0":"post-25121","1":"product","2":"type-product","3":"status-publish","4":"has-post-thumbnail","6":"product_cat-dresses","7":"product_cat-fabric","8":"product_cat-merino-wool","9":"product_cat-women","10":"product_tag-merino","12":"first","13":"instock","14":"shipping-taxable","15":"purchasable","16":"product-type-variable","17":"has-default-attributes"},"_links":{"self":[{"href":"https:\/\/monalashop.com\/lt\/wp-json\/wp\/v2\/product\/25121","targetHints":{"allow":["GET"]}}],"collection":[{"href":"https:\/\/monalashop.com\/lt\/wp-json\/wp\/v2\/product"}],"about":[{"href":"https:\/\/monalashop.com\/lt\/wp-json\/wp\/v2\/types\/product"}],"replies":[{"embeddable":true,"href":"https:\/\/monalashop.com\/lt\/wp-json\/wp\/v2\/comments?post=25121"}],"wp:featuredmedia":[{"embeddable":true,"href":"https:\/\/monalashop.com\/lt\/wp-json\/wp\/v2\/media\/25150"}],"wp:attachment":[{"href":"https:\/\/monalashop.com\/lt\/wp-json\/wp\/v2\/media?parent=25121"}],"wp:term":[{"taxonomy":"product_brand","embeddable":true,"href":"https:\/\/monalashop.com\/lt\/wp-json\/wp\/v2\/product_brand?post=25121"},{"taxonomy":"product_cat","embeddable":true,"href":"https:\/\/monalashop.com\/lt\/wp-json\/wp\/v2\/product_cat?post=25121"},{"taxonomy":"product_tag","embeddable":true,"href":"https:\/\/monalashop.com\/lt\/wp-json\/wp\/v2\/product_tag?post=25121"}],"curies":[{"name":"wp","href":"https:\/\/api.w.org\/{rel}","templated":true}]}}