{"id":23803,"date":"2024-07-25T17:46:31","date_gmt":"2024-07-25T15:46:31","guid":{"rendered":"https:\/\/monalashop.com\/?post_type=product&#038;p=23803"},"modified":"2026-02-21T18:48:38","modified_gmt":"2026-02-21T16:48:38","slug":"merino-vilnos-megztinis-su-golfu","status":"publish","type":"product","link":"https:\/\/monalashop.com\/lt\/produktas\/merino-vilnos-megztinis-su-golfu\/","title":{"rendered":"Merino vilnos megztinis auk\u0161tu kaklu, kremin\u0117"},"content":{"rendered":"<p>\u0160ios keln\u0117s gaminamas pagal u\u017esakym\u0105, tod\u0117l gamybos procese u\u017etikrinama kokyb\u0117 ir tvarumas. Trikota\u017eo gamyba trunka 3-4 dienas, ta\u010diau gali skirtis priklausomai nuo bendro u\u017esakymo kiekio.<\/p>\n<ul>\n<li>Auk\u0161tas kaklas<\/li>\n<li>Briaunuotas golfas, rankogaliai ir apa\u010dias<\/li>\n<li>\u0160onuose skeltukai<\/li>\n<li>Pagaminta i\u0161 100% merino vilnos<\/li>\n<\/ul>\n<p>Tvarumas<\/p>\n<ul>\n<li>Med\u017eiagos: 100% atsakingai i\u0161gaunama merino vilna.<\/li>\n<li>Biologi\u0161kai suyranti: merinos\u0173 vilna yra nat\u016brali ir biologi\u0161kai suyranti.s<\/li>\n<li>Rank\u0173 darbas: daug darbo reikalaujanti gamyba ma\u017eina energijos naudojim\u0105 ir i\u0161metam\u0173j\u0173 ter\u0161al\u0173 kiek\u012f.<\/li>\n<li>Patvarumas: ilgalaikis, auk\u0161tos kokyb\u0117s meistri\u0161kumas.<\/li>\n<li>Ma\u017eos partijos: gaminama pagal u\u017esakym\u0105, kad b\u016bt\u0173 i\u0161vengta atliek\u0173.<\/li>\n<\/ul>\n<p>Pagaminta Lietuvoje<\/p>","protected":false},"excerpt":{"rendered":"<p>\u0160is 100% merino vilnos megztinis su su auk\u0161tu kaklu yra puikus prabangos ir \u0161ilumos derinys. Nat\u016braliai mink\u0161ta jo tekst\u016bra u\u017etikrina neprilygstam\u0105 komfort\u0105, o nesenstantis golfas suteikia j\u016bs\u0173 garderobui elegancijos be pastang\u0173. \u0160is megztinis idealiai tinka sluoksniuoti arba d\u0117v\u0117ti atskirai, tod\u0117l j\u012f gal\u0117site vilk\u0117ti eleganti\u0161ku ir jaukiu stiliumi, kuris skland\u017eiai pereina i\u0161 dienos \u012f vakar\u0105.<\/p>","protected":false},"featured_media":19094,"comment_status":"open","ping_status":"closed","template":"","meta":{"_gspb_post_css":""},"product_brand":[],"product_cat":[337,338,248,67,54],"product_tag":[333],"class_list":{"0":"post-23803","1":"product","2":"type-product","3":"status-publish","4":"has-post-thumbnail","6":"product_cat-fabric","7":"product_cat-merino-wool","8":"product_cat-ready-to-ship","9":"product_cat-sweaters","10":"product_cat-women","11":"product_tag-merino","13":"first","14":"instock","15":"shipping-taxable","16":"purchasable","17":"product-type-variable","18":"has-default-attributes"},"_links":{"self":[{"href":"https:\/\/monalashop.com\/lt\/wp-json\/wp\/v2\/product\/23803","targetHints":{"allow":["GET"]}}],"collection":[{"href":"https:\/\/monalashop.com\/lt\/wp-json\/wp\/v2\/product"}],"about":[{"href":"https:\/\/monalashop.com\/lt\/wp-json\/wp\/v2\/types\/product"}],"replies":[{"embeddable":true,"href":"https:\/\/monalashop.com\/lt\/wp-json\/wp\/v2\/comments?post=23803"}],"wp:featuredmedia":[{"embeddable":true,"href":"https:\/\/monalashop.com\/lt\/wp-json\/wp\/v2\/media\/19094"}],"wp:attachment":[{"href":"https:\/\/monalashop.com\/lt\/wp-json\/wp\/v2\/media?parent=23803"}],"wp:term":[{"taxonomy":"product_brand","embeddable":true,"href":"https:\/\/monalashop.com\/lt\/wp-json\/wp\/v2\/product_brand?post=23803"},{"taxonomy":"product_cat","embeddable":true,"href":"https:\/\/monalashop.com\/lt\/wp-json\/wp\/v2\/product_cat?post=23803"},{"taxonomy":"product_tag","embeddable":true,"href":"https:\/\/monalashop.com\/lt\/wp-json\/wp\/v2\/product_tag?post=23803"}],"curies":[{"name":"wp","href":"https:\/\/api.w.org\/{rel}","templated":true}]}}