{"id":19232,"date":"2023-11-23T10:12:59","date_gmt":"2023-11-23T08:12:59","guid":{"rendered":"https:\/\/monalashop.com\/?post_type=product&#038;p=19232"},"modified":"2026-02-21T18:54:20","modified_gmt":"2026-02-21T16:54:20","slug":"moteriska-pilka-megzta-balaklava","status":"publish","type":"product","link":"https:\/\/monalashop.com\/lt\/produktas\/moteriska-pilka-megzta-balaklava\/","title":{"rendered":"Megzta 100% merino vilnos balaklava"},"content":{"rendered":"<p>Pasirinkite spalv\u0105 i\u0161 m\u016bs\u0173 neutrali\u0173 atspalvi\u0173 palet\u0117s, kad der\u0117t\u0173 prie j\u016bs\u0173 rudens ir \u017eiemos garderobo.<\/p>\n<p>Briaunuotas kaklas ir priekinis kra\u0161tas<br \/>\nRank\u0173 darbo<\/p>","protected":false},"excerpt":{"rendered":"<p>\u0160is megztas \u017eieminis gobtuvas i\u0161 merino vilnos sujungia \u0161ilum\u0105, patogum\u0105 ir stili\u0173. Lengvai derinamas ir nereikalaujantis \u0161aliko, jis taps nepakei\u010diamu \u0161altojo sezono akcentu. Minimalistinis, bet prabangus dizainas puikiai dera tiek su kasdieniais, tiek su eleganti\u0161kesniais drabu\u017eiais.<\/p>","protected":false},"featured_media":19198,"comment_status":"open","ping_status":"closed","template":"","meta":{"_gspb_post_css":""},"product_brand":[],"product_cat":[57,337,338],"product_tag":[333],"class_list":{"0":"post-19232","1":"product","2":"type-product","3":"status-publish","4":"has-post-thumbnail","6":"product_cat-accessories","7":"product_cat-fabric","8":"product_cat-merino-wool","9":"product_tag-merino","11":"first","12":"instock","13":"shipping-taxable","14":"purchasable","15":"product-type-variable"},"_links":{"self":[{"href":"https:\/\/monalashop.com\/lt\/wp-json\/wp\/v2\/product\/19232","targetHints":{"allow":["GET"]}}],"collection":[{"href":"https:\/\/monalashop.com\/lt\/wp-json\/wp\/v2\/product"}],"about":[{"href":"https:\/\/monalashop.com\/lt\/wp-json\/wp\/v2\/types\/product"}],"replies":[{"embeddable":true,"href":"https:\/\/monalashop.com\/lt\/wp-json\/wp\/v2\/comments?post=19232"}],"wp:featuredmedia":[{"embeddable":true,"href":"https:\/\/monalashop.com\/lt\/wp-json\/wp\/v2\/media\/19198"}],"wp:attachment":[{"href":"https:\/\/monalashop.com\/lt\/wp-json\/wp\/v2\/media?parent=19232"}],"wp:term":[{"taxonomy":"product_brand","embeddable":true,"href":"https:\/\/monalashop.com\/lt\/wp-json\/wp\/v2\/product_brand?post=19232"},{"taxonomy":"product_cat","embeddable":true,"href":"https:\/\/monalashop.com\/lt\/wp-json\/wp\/v2\/product_cat?post=19232"},{"taxonomy":"product_tag","embeddable":true,"href":"https:\/\/monalashop.com\/lt\/wp-json\/wp\/v2\/product_tag?post=19232"}],"curies":[{"name":"wp","href":"https:\/\/api.w.org\/{rel}","templated":true}]}}