{"id":19210,"date":"2023-11-23T10:03:44","date_gmt":"2023-11-23T08:03:44","guid":{"rendered":"https:\/\/monalashop.com\/?post_type=product&#038;p=19210"},"modified":"2026-02-21T18:54:35","modified_gmt":"2026-02-21T16:54:35","slug":"briaunuotas-merino-vilnos-salikas","status":"publish","type":"product","link":"https:\/\/monalashop.com\/lt\/produktas\/briaunuotas-merino-vilnos-salikas\/","title":{"rendered":"100% merino vilnos \u0161alikas"},"content":{"rendered":"<p>\u0160is merino vilnos \u0161alikas gaminamas pagal u\u017esakym\u0105, tod\u0117l gamybos procese u\u017etikrinama kokyb\u0117 ir tvarumas. Aksesuaras gaminamas 1-3 dienas, ta\u010diau \u0161is terminas gali skirtis priklausomai nuo bendro u\u017esakymo kiekio.<\/p>\n<ul>\n<li>Briaunuotas modelis<\/li>\n<li>Vieno dyd\u017eio (plotis 30 cm\/ilgis 170 cm)<\/li>\n<li>100% merino vilna<\/li>\n<\/ul>\n<p>Tvarumas<\/p>\n<ul>\n<li>Med\u017eiagos: 100% atsakingai i\u0161gaunama merino vilna.<\/li>\n<li>Biologi\u0161kai suyranti: merinos\u0173 vilna yra nat\u016brali ir biologi\u0161kai suyranti.s<\/li>\n<li>Rank\u0173 darbas: daug darbo reikalaujanti gamyba ma\u017eina energijos naudojim\u0105 ir i\u0161metam\u0173j\u0173 ter\u0161al\u0173 kiek\u012f.<\/li>\n<li>Patvarumas: ilgalaikis, auk\u0161tos kokyb\u0117s meistri\u0161kumas.<\/li>\n<li>Ma\u017eos partijos: gaminama pagal u\u017esakym\u0105, kad b\u016bt\u0173 i\u0161vengta atliek\u0173.<\/li>\n<\/ul>\n<p>Pagaminta Lietuvoje<\/p>","protected":false},"excerpt":{"rendered":"<p>\u0160altaisiais m\u0117nesiais apsigaubkite \u0161iluma ir lengvu stiliaus poj\u016b\u010diu. \u0160is unisex merino vilnos \u0161alikas \u0161velniai priglunda ir dera prie bet kokios aprangos. D\u0117v\u0117kite j\u012f laisvai ant palto ar apvyniokite aplink kakl\u0105 \u2013 jis visada suteiks jaukumo ir subtilaus rafinuotumo be pastang\u0173.<\/p>","protected":false},"featured_media":19174,"comment_status":"open","ping_status":"closed","template":"","meta":{"_gspb_post_css":""},"product_brand":[],"product_cat":[57,337,338,248],"product_tag":[333],"class_list":{"0":"post-19210","1":"product","2":"type-product","3":"status-publish","4":"has-post-thumbnail","6":"product_cat-accessories","7":"product_cat-fabric","8":"product_cat-merino-wool","9":"product_cat-ready-to-ship","10":"product_tag-merino","12":"first","13":"instock","14":"shipping-taxable","15":"purchasable","16":"product-type-variable"},"_links":{"self":[{"href":"https:\/\/monalashop.com\/lt\/wp-json\/wp\/v2\/product\/19210","targetHints":{"allow":["GET"]}}],"collection":[{"href":"https:\/\/monalashop.com\/lt\/wp-json\/wp\/v2\/product"}],"about":[{"href":"https:\/\/monalashop.com\/lt\/wp-json\/wp\/v2\/types\/product"}],"replies":[{"embeddable":true,"href":"https:\/\/monalashop.com\/lt\/wp-json\/wp\/v2\/comments?post=19210"}],"wp:featuredmedia":[{"embeddable":true,"href":"https:\/\/monalashop.com\/lt\/wp-json\/wp\/v2\/media\/19174"}],"wp:attachment":[{"href":"https:\/\/monalashop.com\/lt\/wp-json\/wp\/v2\/media?parent=19210"}],"wp:term":[{"taxonomy":"product_brand","embeddable":true,"href":"https:\/\/monalashop.com\/lt\/wp-json\/wp\/v2\/product_brand?post=19210"},{"taxonomy":"product_cat","embeddable":true,"href":"https:\/\/monalashop.com\/lt\/wp-json\/wp\/v2\/product_cat?post=19210"},{"taxonomy":"product_tag","embeddable":true,"href":"https:\/\/monalashop.com\/lt\/wp-json\/wp\/v2\/product_tag?post=19210"}],"curies":[{"name":"wp","href":"https:\/\/api.w.org\/{rel}","templated":true}]}}