{"id":16311,"date":"2023-11-13T13:59:25","date_gmt":"2023-11-13T11:59:25","guid":{"rendered":"https:\/\/monalashop.com\/?post_type=product&#038;p=16311"},"modified":"2026-02-21T18:58:29","modified_gmt":"2026-02-21T16:58:29","slug":"sviesiai-smelio-spalvos-merino-vilnos-suknele-su-kisenemis","status":"publish","type":"product","link":"https:\/\/monalashop.com\/lt\/produktas\/sviesiai-smelio-spalvos-merino-vilnos-suknele-su-kisenemis\/","title":{"rendered":"Megzta merino vilnos suknel\u0117 su ki\u0161eniu"},"content":{"rendered":"<p>\u0160is gaminys megzamas pagal u\u017esakym\u0105, tod\u0117l gamybos procese u\u017etikrinama kokyb\u0117 ir tvarumas. Trikota\u017eo gamyba trunka 3-4 dienas, ta\u010diau \u0161is terminas gali skirtis priklausomai nuo bendro u\u017esakymo kiekio.<\/p>\n<ul>\n<li>Ilgos rankov\u0117s<\/li>\n<li>Apvali i\u0161kirpt\u0117<\/li>\n<li>Midi ilgis<\/li>\n<li>Viena ki\u0161en\u0117<\/li>\n<li>Nat\u016braliai u\u017esiriet\u0119 kra\u0161tai<\/li>\n<li>Sud\u0117tis: 100% merino vilna.<\/li>\n<\/ul>\n<p>Tvarumas<\/p>\n<ul>\n<li>Med\u017eiagos: 100% atsakingai i\u0161gaunama merino vilna.<\/li>\n<li>Biologi\u0161kai suyranti: merinos\u0173 vilna yra nat\u016brali ir biologi\u0161kai suyranti.s<\/li>\n<li>Rank\u0173 darbas: daug darbo reikalaujanti gamyba ma\u017eina energijos naudojim\u0105 ir i\u0161metam\u0173j\u0173 ter\u0161al\u0173 kiek\u012f.<\/li>\n<li>Patvarumas: ilgalaikis, auk\u0161tos kokyb\u0117s meistri\u0161kumas.<\/li>\n<li>Ma\u017eos partijos: gaminama pagal u\u017esakym\u0105, kad b\u016bt\u0173 i\u0161vengta atliek\u0173.<\/li>\n<\/ul>\n<p>Pagaminta Lietuvoje<\/p>","protected":false},"excerpt":{"rendered":"<p>\u0160i megzta suknel\u0117 i\u0161 100 % merino vilnos i\u0161siskiria minimalistiniu stiliumi, rafinuotomis detal\u0117mis ir apgalvotu dizainu. Nat\u016braliai mink\u0161ta ir kv\u0117puojanti vilna suteikia komfort\u0105 ir subtili\u0105 elegancij\u0105, tod\u0117l ji puikiai tinka \u012fvairioms progoms. Subtiliai atlenkti rankogaliai ir prakti\u0161ka \u0161onin\u0117 ki\u0161en\u0117 suteikia drabu\u017eiui i\u0161skirtinumo ir kasdienio patogumo.<\/p>","protected":false},"featured_media":19132,"comment_status":"open","ping_status":"closed","template":"","meta":{"_gspb_post_css":""},"product_brand":[],"product_cat":[69,337,338,54],"product_tag":[333],"class_list":{"0":"post-16311","1":"product","2":"type-product","3":"status-publish","4":"has-post-thumbnail","6":"product_cat-dresses","7":"product_cat-fabric","8":"product_cat-merino-wool","9":"product_cat-women","10":"product_tag-merino","12":"first","13":"instock","14":"shipping-taxable","15":"purchasable","16":"product-type-variable","17":"has-default-attributes"},"_links":{"self":[{"href":"https:\/\/monalashop.com\/lt\/wp-json\/wp\/v2\/product\/16311","targetHints":{"allow":["GET"]}}],"collection":[{"href":"https:\/\/monalashop.com\/lt\/wp-json\/wp\/v2\/product"}],"about":[{"href":"https:\/\/monalashop.com\/lt\/wp-json\/wp\/v2\/types\/product"}],"replies":[{"embeddable":true,"href":"https:\/\/monalashop.com\/lt\/wp-json\/wp\/v2\/comments?post=16311"}],"wp:featuredmedia":[{"embeddable":true,"href":"https:\/\/monalashop.com\/lt\/wp-json\/wp\/v2\/media\/19132"}],"wp:attachment":[{"href":"https:\/\/monalashop.com\/lt\/wp-json\/wp\/v2\/media?parent=16311"}],"wp:term":[{"taxonomy":"product_brand","embeddable":true,"href":"https:\/\/monalashop.com\/lt\/wp-json\/wp\/v2\/product_brand?post=16311"},{"taxonomy":"product_cat","embeddable":true,"href":"https:\/\/monalashop.com\/lt\/wp-json\/wp\/v2\/product_cat?post=16311"},{"taxonomy":"product_tag","embeddable":true,"href":"https:\/\/monalashop.com\/lt\/wp-json\/wp\/v2\/product_tag?post=16311"}],"curies":[{"name":"wp","href":"https:\/\/api.w.org\/{rel}","templated":true}]}}