{"id":13401,"date":"2023-08-28T12:23:34","date_gmt":"2023-08-28T10:23:34","guid":{"rendered":"https:\/\/monalashop.com\/?post_type=product&#038;p=13401"},"modified":"2026-02-21T19:00:32","modified_gmt":"2026-02-21T17:00:32","slug":"megztos-plauku-sruogos-3","status":"publish","type":"product","link":"https:\/\/monalashop.com\/lt\/produktas\/megztos-plauku-sruogos-3\/","title":{"rendered":"Megztos plauk\u0173 gumyt\u0117s"},"content":{"rendered":"<p>Megztos plauk\u0173 gumyt\u0117s i\u0161 100 % merino vilnos \u2013 \u0161velnus ir stilingas akcentas, suteikiantis plaukams lengvumo bei nat\u016bralios elegancijos.<\/p>","protected":false},"excerpt":{"rendered":"<p>Megztos plauk\u0173 gumyt\u0117s i\u0161 100 % merino vilnos \u2013 \u0161velnios, elastingos ir stilingos. Neutrali\u0173, \u017eemi\u0161k\u0173 atspalvi\u0173, jos puikiai dera prie \u012fvairi\u0173 \u012fvaizd\u017ei\u0173 ir \u0161velniai prilaiko plaukus. Tinka tiek kasdienai, tiek kaip subtilus akcentas ant rie\u0161o.<\/p>","protected":false},"featured_media":13432,"comment_status":"open","ping_status":"closed","template":"","meta":{"_gspb_post_css":""},"product_brand":[],"product_cat":[57,337,338],"product_tag":[333],"class_list":{"0":"post-13401","1":"product","2":"type-product","3":"status-publish","4":"has-post-thumbnail","6":"product_cat-accessories","7":"product_cat-fabric","8":"product_cat-merino-wool","9":"product_tag-merino","11":"first","12":"instock","13":"shipping-taxable","14":"purchasable","15":"product-type-variable"},"_links":{"self":[{"href":"https:\/\/monalashop.com\/lt\/wp-json\/wp\/v2\/product\/13401","targetHints":{"allow":["GET"]}}],"collection":[{"href":"https:\/\/monalashop.com\/lt\/wp-json\/wp\/v2\/product"}],"about":[{"href":"https:\/\/monalashop.com\/lt\/wp-json\/wp\/v2\/types\/product"}],"replies":[{"embeddable":true,"href":"https:\/\/monalashop.com\/lt\/wp-json\/wp\/v2\/comments?post=13401"}],"wp:featuredmedia":[{"embeddable":true,"href":"https:\/\/monalashop.com\/lt\/wp-json\/wp\/v2\/media\/13432"}],"wp:attachment":[{"href":"https:\/\/monalashop.com\/lt\/wp-json\/wp\/v2\/media?parent=13401"}],"wp:term":[{"taxonomy":"product_brand","embeddable":true,"href":"https:\/\/monalashop.com\/lt\/wp-json\/wp\/v2\/product_brand?post=13401"},{"taxonomy":"product_cat","embeddable":true,"href":"https:\/\/monalashop.com\/lt\/wp-json\/wp\/v2\/product_cat?post=13401"},{"taxonomy":"product_tag","embeddable":true,"href":"https:\/\/monalashop.com\/lt\/wp-json\/wp\/v2\/product_tag?post=13401"}],"curies":[{"name":"wp","href":"https:\/\/api.w.org\/{rel}","templated":true}]}}