{"id":13118,"date":"2023-08-28T09:42:40","date_gmt":"2023-08-28T07:42:40","guid":{"rendered":"https:\/\/monalashop.com\/?post_type=product&#038;p=13118"},"modified":"2026-02-21T19:01:12","modified_gmt":"2026-02-21T17:01:12","slug":"megztas-merino-vilnos-galvos-apdangalas","status":"publish","type":"product","link":"https:\/\/monalashop.com\/lt\/produktas\/megztas-merino-vilnos-galvos-apdangalas\/","title":{"rendered":"100% merino vilnos galvos juosta"},"content":{"rendered":"<p>\u0160is lengvas ir mink\u0161tas \u017eieminis galvos apdangalas suteiks jaukumo rudens ir \u017eiemos m\u0117nesiais.<\/p>\n<ul>\n<li>Briaunuotas modelis<\/li>\n<li>Dviej\u0173 sluoksni\u0173<\/li>\n<li>Rank\u0173 darbo<\/li>\n<li>100% merino vilna<\/li>\n<\/ul>\n<p>Tvarumas<\/p>\n<ul>\n<li>Med\u017eiagos: 100% atsakingai i\u0161gaunama merino vilna.<\/li>\n<li>Biologi\u0161kai suyranti: merinos\u0173 vilna yra nat\u016brali ir biologi\u0161kai suyranti.s<\/li>\n<li>Rank\u0173 darbas: daug darbo reikalaujanti gamyba ma\u017eina energijos naudojim\u0105 ir i\u0161metam\u0173j\u0173 ter\u0161al\u0173 kiek\u012f.<\/li>\n<li>Patvarumas: ilgalaikis, auk\u0161tos kokyb\u0117s meistri\u0161kumas.<\/li>\n<li>Ma\u017eos partijos: gaminama pagal u\u017esakym\u0105, kad b\u016bt\u0173 i\u0161vengta atliek\u0173.<\/li>\n<\/ul>\n<p>Pagaminta Lietuvoje<\/p>","protected":false},"excerpt":{"rendered":"<p>Megzta galvos juosta \u017eaismingai papildys j\u016bs\u0173 rudens ir \u017eiemos garderob\u0105. Dvisluoksn\u0117, i\u0161 100% merino vilnos pagaminta juosta suteiks \u0161ilumos ir jaukumo. Paprasta, patogi ir itin mink\u0161ta.<\/p>","protected":false},"featured_media":6164,"comment_status":"open","ping_status":"closed","template":"","meta":{"_gspb_post_css":""},"product_brand":[],"product_cat":[57,337,338],"product_tag":[333],"class_list":{"0":"post-13118","1":"product","2":"type-product","3":"status-publish","4":"has-post-thumbnail","6":"product_cat-accessories","7":"product_cat-fabric","8":"product_cat-merino-wool","9":"product_tag-merino","11":"first","12":"instock","13":"shipping-taxable","14":"purchasable","15":"product-type-variable"},"_links":{"self":[{"href":"https:\/\/monalashop.com\/lt\/wp-json\/wp\/v2\/product\/13118","targetHints":{"allow":["GET"]}}],"collection":[{"href":"https:\/\/monalashop.com\/lt\/wp-json\/wp\/v2\/product"}],"about":[{"href":"https:\/\/monalashop.com\/lt\/wp-json\/wp\/v2\/types\/product"}],"replies":[{"embeddable":true,"href":"https:\/\/monalashop.com\/lt\/wp-json\/wp\/v2\/comments?post=13118"}],"wp:featuredmedia":[{"embeddable":true,"href":"https:\/\/monalashop.com\/lt\/wp-json\/wp\/v2\/media\/6164"}],"wp:attachment":[{"href":"https:\/\/monalashop.com\/lt\/wp-json\/wp\/v2\/media?parent=13118"}],"wp:term":[{"taxonomy":"product_brand","embeddable":true,"href":"https:\/\/monalashop.com\/lt\/wp-json\/wp\/v2\/product_brand?post=13118"},{"taxonomy":"product_cat","embeddable":true,"href":"https:\/\/monalashop.com\/lt\/wp-json\/wp\/v2\/product_cat?post=13118"},{"taxonomy":"product_tag","embeddable":true,"href":"https:\/\/monalashop.com\/lt\/wp-json\/wp\/v2\/product_tag?post=13118"}],"curies":[{"name":"wp","href":"https:\/\/api.w.org\/{rel}","templated":true}]}}