{"id":10495,"date":"2023-08-15T14:12:50","date_gmt":"2023-08-15T12:12:50","guid":{"rendered":"https:\/\/monalashop.com\/?post_type=product&#038;p=10495"},"modified":"2026-02-21T19:05:19","modified_gmt":"2026-02-21T17:05:19","slug":"naturalus-baltas-merino-vilnos-neriniuotu-megztu-kelniu-komplektas","status":"publish","type":"product","link":"https:\/\/monalashop.com\/lt\/produktas\/naturalus-baltas-merino-vilnos-neriniuotu-megztu-kelniu-komplektas\/","title":{"rendered":"Megztas merino vilnos palaidin\u0117s ir kelni\u0173 ra\u0161tuotas kostiumas"},"content":{"rendered":"<p>Minimalistin\u0117 dviej\u0173 dali\u0173 trikota\u017ein\u0117 atskira apranga, atitinkanti j\u016bs\u0173 gyvenimo b\u016bd\u0105 ir nuotaik\u0105.<\/p>\n<ul>\n<li>Vir\u0161utin\u0117 dalis be rankovi\u0173<\/li>\n<li>Kiaurara\u0161\u010diu megztas ra\u0161tas<\/li>\n<li>Plat\u0117jan\u010di\u0173 kelni\u0173 siluetas<\/li>\n<li>Elastingas juosmuo<\/li>\n<li>Rank\u0173 darbo<\/li>\n<li>Sud\u0117tis: 100% merino vilna<\/li>\n<\/ul>","protected":false},"excerpt":{"rendered":"<p>\u0160is dviej\u0173 dali\u0173 derinys \u2013 prigludusi vir\u0161utin\u0117 dalis be rankovi\u0173 ir plat\u0117jan\u010dios keln\u0117s \u2013 sukurtas patogumui ir lengvumui. Pagamintas i\u0161 orui pralaid\u017eios, \u0161velnios merino vilnos, jis tiks tiek poilsiui, tiek kelion\u0117ms. Subtilus aki\u0173 ra\u0161tas ir minimalistinis siluetas suteikia \u0161iam deriniui \u017eaismingo nat\u016bralumo ir elegancijos.<\/p>","protected":false},"featured_media":6574,"comment_status":"open","ping_status":"closed","template":"","meta":{"_gspb_post_css":""},"product_brand":[],"product_cat":[337,338,109,54],"product_tag":[333],"class_list":{"0":"post-10495","1":"product","2":"type-product","3":"status-publish","4":"has-post-thumbnail","6":"product_cat-fabric","7":"product_cat-merino-wool","8":"product_cat-sets","9":"product_cat-women","10":"product_tag-merino","12":"first","13":"instock","14":"shipping-taxable","15":"purchasable","16":"product-type-variable"},"_links":{"self":[{"href":"https:\/\/monalashop.com\/lt\/wp-json\/wp\/v2\/product\/10495","targetHints":{"allow":["GET"]}}],"collection":[{"href":"https:\/\/monalashop.com\/lt\/wp-json\/wp\/v2\/product"}],"about":[{"href":"https:\/\/monalashop.com\/lt\/wp-json\/wp\/v2\/types\/product"}],"replies":[{"embeddable":true,"href":"https:\/\/monalashop.com\/lt\/wp-json\/wp\/v2\/comments?post=10495"}],"wp:featuredmedia":[{"embeddable":true,"href":"https:\/\/monalashop.com\/lt\/wp-json\/wp\/v2\/media\/6574"}],"wp:attachment":[{"href":"https:\/\/monalashop.com\/lt\/wp-json\/wp\/v2\/media?parent=10495"}],"wp:term":[{"taxonomy":"product_brand","embeddable":true,"href":"https:\/\/monalashop.com\/lt\/wp-json\/wp\/v2\/product_brand?post=10495"},{"taxonomy":"product_cat","embeddable":true,"href":"https:\/\/monalashop.com\/lt\/wp-json\/wp\/v2\/product_cat?post=10495"},{"taxonomy":"product_tag","embeddable":true,"href":"https:\/\/monalashop.com\/lt\/wp-json\/wp\/v2\/product_tag?post=10495"}],"curies":[{"name":"wp","href":"https:\/\/api.w.org\/{rel}","templated":true}]}}