{"id":10323,"date":"2023-08-13T21:50:38","date_gmt":"2023-08-13T19:50:38","guid":{"rendered":"https:\/\/monalashop.com\/?post_type=product&#038;p=10323"},"modified":"2026-02-21T19:11:54","modified_gmt":"2026-02-21T17:11:54","slug":"baltas-merino-vilnos-neriniuotu-megztu-kelniu-komplektas","status":"publish","type":"product","link":"https:\/\/monalashop.com\/lt\/produktas\/baltas-merino-vilnos-neriniuotu-megztu-kelniu-komplektas\/","title":{"rendered":"Ra\u0161tuotas merino vilnos kelni\u0173 ir baltini\u0173 kostiumas"},"content":{"rendered":"<p>Dviej\u0173 dali\u0173 megztas derinys su pla\u010diomis keln\u0117mis ir u\u017esegama palaidine, skirtas nepamir\u0161tamoms akimirkoms \u012fam\u017einti. Jauskit\u0117s patogiai ir atsipalaidav\u0119 vilk\u0117dami megzt\u0105 aprang\u0105, kuri\u0105 galima d\u0117v\u0117ti i\u0161tisus metus.<\/p>\n<ul>\n<li>Elastinis juosmuo<\/li>\n<li>Kiaurara\u0161\u010diu megztas ra\u0161tas<\/li>\n<li>Pla\u010dios kojos<\/li>\n<li>Rank\u0173 darbo<\/li>\n<li>Sud\u0117tis: 100% merino vilna.<\/li>\n<\/ul>\n<p>&nbsp;<\/p>","protected":false},"excerpt":{"rendered":"<p>Ateikite ar\u010diau ir ap\u017ei\u016br\u0117kite \u0161\u012f megzt\u0105 merino vilnos n\u0117rini\u0173 rinkin\u012f. \u0160\u012f dviej\u0173 dali\u0173 merino vilnos derini\u0173 komplekt\u0105 sudaro laisvo kirpimo mar\u0161kiniai ilgomis rankov\u0117mis ir pla\u010dios plat\u0117jan\u010dios keln\u0117s. Nors d\u0117l pa\u010dios merino vilnos drabu\u017eis yra pralaidus orui, n\u0117rini\u0173 ra\u0161tas j\u012f daro dar lengvesn\u012f. Laisvi abiej\u0173 \u0161io megzto komplekto dali\u0173 siluetai garantuoja auk\u0161\u010diausi\u0105 komfort\u0105, jau nekalbant apie elegancijos faktori\u0173, kuris nei\u0161vengiamas su kiekvienu judesiu. D\u0117v\u0117kite taip, kaip parodyta, arba derinkite vir\u0161utin\u0119 ar apatin\u0119 dal\u012f su kit\u0173 fakt\u016br\u0173 ir audini\u0173 drabu\u017eiais, kad sukurtum\u0117te \u012fvairius derinius ir stilius.<\/p>","protected":false},"featured_media":8913,"comment_status":"open","ping_status":"closed","template":"","meta":{"_gspb_post_css":""},"product_brand":[],"product_cat":[337,338,109,54],"product_tag":[333],"class_list":{"0":"post-10323","1":"product","2":"type-product","3":"status-publish","4":"has-post-thumbnail","6":"product_cat-fabric","7":"product_cat-merino-wool","8":"product_cat-sets","9":"product_cat-women","10":"product_tag-merino","12":"first","13":"instock","14":"shipping-taxable","15":"purchasable","16":"product-type-variable"},"_links":{"self":[{"href":"https:\/\/monalashop.com\/lt\/wp-json\/wp\/v2\/product\/10323","targetHints":{"allow":["GET"]}}],"collection":[{"href":"https:\/\/monalashop.com\/lt\/wp-json\/wp\/v2\/product"}],"about":[{"href":"https:\/\/monalashop.com\/lt\/wp-json\/wp\/v2\/types\/product"}],"replies":[{"embeddable":true,"href":"https:\/\/monalashop.com\/lt\/wp-json\/wp\/v2\/comments?post=10323"}],"wp:featuredmedia":[{"embeddable":true,"href":"https:\/\/monalashop.com\/lt\/wp-json\/wp\/v2\/media\/8913"}],"wp:attachment":[{"href":"https:\/\/monalashop.com\/lt\/wp-json\/wp\/v2\/media?parent=10323"}],"wp:term":[{"taxonomy":"product_brand","embeddable":true,"href":"https:\/\/monalashop.com\/lt\/wp-json\/wp\/v2\/product_brand?post=10323"},{"taxonomy":"product_cat","embeddable":true,"href":"https:\/\/monalashop.com\/lt\/wp-json\/wp\/v2\/product_cat?post=10323"},{"taxonomy":"product_tag","embeddable":true,"href":"https:\/\/monalashop.com\/lt\/wp-json\/wp\/v2\/product_tag?post=10323"}],"curies":[{"name":"wp","href":"https:\/\/api.w.org\/{rel}","templated":true}]}}