{"id":26387,"date":"2024-08-08T01:53:59","date_gmt":"2024-08-07T23:53:59","guid":{"rendered":"https:\/\/monalashop.com\/?page_id=26387"},"modified":"2024-08-08T01:54:00","modified_gmt":"2024-08-07T23:54:00","slug":"pristatymas-2","status":"publish","type":"page","link":"https:\/\/monalashop.com\/lt\/pristatymas-2\/","title":{"rendered":"Pristatymas"},"content":{"rendered":"<div class=\"wp-block-greenshift-blocks-row alignfull gspb_row gspb_row-id-gsbp-c7aa775\" id=\"gspb_row-id-gsbp-c7aa775\">\n<div class=\"wp-block-greenshift-blocks-row-column gspb_row__col--12 gspb_col-id-gsbp-2580ae6\" id=\"gspb_col-id-gsbp-2580ae6\"><div class=\"gspb_backgroundOverlay\"><\/div>\n<h1 id=\"gspb_heading-id-gsbp-249e1bc\" class=\"gspb_heading gspb_heading-id-gsbp-249e1bc\">Pristatymas<\/h1>\n\n\n<\/div>\n<\/div>\n\n\n\n<p id=\"gspb_text-id-gsbp-286aac8\" class=\"gspb_text gspb_text-id-gsbp-286aac8\">Siekiame greitai ir efektyviai pristatyti j\u016bs\u0173 merinos\u0173 vilnos mezginius, i\u0161laikydami auk\u0161tus kokyb\u0117s ir klient\u0173 pasitenkinimo standartus. \u0160tai ko galite tik\u0117tis i\u0161 m\u016bs\u0173 siuntimo proceso:<\/p>\n\n\n\n<h2 class=\"wp-block-heading\" id=\"processing-time\">Apdorojimo laikas<\/h2>\n\n\n\n<ul class=\"wp-block-list\">\n<li><strong>Sand\u0117lyje esan\u010dios prek\u0117s:<\/strong> I\u0161siun\u010diama per 2-3 darbo dienas.<\/li>\n\n\n\n<li><strong>Rank\u0173 darbo gaminiai:<\/strong> M\u016bs\u0173 talentinga mezg\u0117j\u0173 komanda gamina pagal u\u017esakym\u0105. Priklausomai nuo u\u017esakym\u0173 apimties, ypa\u010d \u012ftemptu rudens-\u017eiemos sezonu, mezgimas trunka nuo 3 iki 15 darbo dien\u0173.<\/li>\n<\/ul>\n\n\n\n<h2 class=\"wp-block-heading\" id=\"shipping-notification\">Prane\u0161imas apie pristatym\u0105<\/h2>\n\n\n\n<p>Kai tik kurjeris atsiims j\u016bs\u0173 u\u017esakym\u0105, apie tai jus informuosime. J\u016bs\u0173 patogumui ir ramybei visos siuntos turi sekimo numer\u012f.<\/p>\n\n\n\n<h3 class=\"wp-block-heading\" id=\"shipping-options\">Pristatymo parinktys<\/h3>\n\n\n\n<ul class=\"wp-block-list\">\n<li><strong>Standartinis pristatymas:<\/strong> Nemokama visiems u\u017esakymams, tod\u0117l prekes gausite be joki\u0173 papildom\u0173 i\u0161laid\u0173.<\/li>\n\n\n\n<li><strong>Greitasis pristatymas:<\/strong> Galima \u012fsigyti u\u017e fiksuot\u0105 20 \u20ac kain\u0105, o skub\u016bs u\u017esakymai pristatomi per 2-3 dienas. Be to, u\u017esisakius daugiau kaip 300 \u20ac, galite naudotis nemokamu greituoju pristatymu.<\/li>\n<\/ul>\n\n\n\n<h3 class=\"wp-block-heading\" id=\"standard-shipping-times\">Standartinis pristatymo laikas<\/h3>\n\n\n\n<ul class=\"wp-block-list\">\n<li><strong>Europos S\u0105jungoje:<\/strong> Paprastai tai trunka 5-10 darbo dien\u0173.<\/li>\n\n\n\n<li><strong>U\u017e ES rib\u0173:<\/strong> Priklausomai nuo vietov\u0117s ir muitin\u0117s apdorojimo laiko, tai gali u\u017etrukti 10-30 darbo dien\u0173.<\/li>\n<\/ul>\n\n\n\n<h3 class=\"wp-block-heading\" id=\"origin\">Kilm\u0117<\/h3>\n\n\n\n<p>Visi m\u016bs\u0173 gaminiai siun\u010diami i\u0161 Lietuvos, tod\u0117l u\u017etikriname, kad j\u016bs\u0173 gaminiai i\u0161 m\u016bs\u0173 mezg\u0117j\u0173 rank\u0173 iki j\u016bs\u0173 dur\u0173 slenks\u010dio pasieks r\u016bpestingai.<\/p>\n\n\n\n<p>Esame d\u0117kingi u\u017e j\u016bs\u0173 kantryb\u0119, ypa\u010d rank\u0173 darbo daikt\u0173 atveju, nes jiems tobulinti reikia laiko. Jei turite klausim\u0173 ar reikia papildomos pagalbos, nedvejodami kreipkit\u0117s \u012f mus el. pa\u0161tu info@monalashop.com.<\/p>","protected":false},"excerpt":{"rendered":"<p>Processing Time Shipping Notification We&#8217;ll notify you as soon as your order is picked up by the courier. All packages come with a tracking number for your convenience and peace of mind. Shipping Options Standard Shipping Times Origin All our products are shipped from Lithuania, ensuring your items are handled with care from our knitters&#8217; [&hellip;]<\/p>\n","protected":false},"author":5,"featured_media":0,"parent":0,"menu_order":0,"comment_status":"closed","ping_status":"closed","template":"","meta":{"_gspb_post_css":"#gspb_row-id-gsbp-c7aa775{justify-content:space-between;margin-bottom:0;display:flex;flex-wrap:wrap;min-height:700px}#gspb_row-id-gsbp-c7aa775>.gspb_row__content{display:flex;justify-content:space-between;margin:0 auto;width:100%;flex-wrap:wrap}.gspb_row{position:relative}div[id^=gspb_col-id]{box-sizing:border-box;position:relative;padding:15px min(3vw,20px)}@media (max-width:991.98px){#gspb_row-id-gsbp-c7aa775{min-height:400px}}#gspb_row-id-gsbp-c7aa775,.gspb_row #gspb_col-id-gsbp-2580ae6.gspb_row__col--12{margin-top:-60px}#gspb_col-id-gsbp-2580ae6.gspb_row__col--12{width:100%}@media (max-width:575.98px){#gspb_col-id-gsbp-2580ae6.gspb_row__col--12{width:100%}}#gspb_col-id-gsbp-2580ae6.gspb_row__col--12{background-size:cover;background-repeat:no-repeat;background-position:55% 58%;background-image:url(https:\/\/monalashop.com\/wp-content\/uploads\/2024\/08\/PHOTO-NR-4-20240807-223258.jpg);isolation:isolate}#gspb_col-id-gsbp-2580ae6.gspb_row__col--12:hover{background-size:cover}#gspb_col-id-gsbp-2580ae6.gspb_row__col--12>.gspb_backgroundOverlay{position:absolute;top:0;left:0;width:100%;height:100%;z-index:-1;opacity:.29;background-color:var(--wp--preset--color--palette-color-1, var(--theme-palette-color-1, #626659))}body #gspb_col-id-gsbp-2580ae6.gspb_row__col--12{display:flex;flex-direction:column;justify-content:center;align-content:center;align-items:center}#gspb_heading-id-gsbp-249e1bc{color:var(--wp--preset--color--palette-color-8, var(--theme-palette-color-8, #ffffff))}.gspb_text-id-gsbp-286aac8{margin-top:128px!important}","footnotes":""},"class_list":["post-26387","page","type-page","status-publish","hentry"],"blocksy_meta":[],"_links":{"self":[{"href":"https:\/\/monalashop.com\/lt\/wp-json\/wp\/v2\/pages\/26387","targetHints":{"allow":["GET"]}}],"collection":[{"href":"https:\/\/monalashop.com\/lt\/wp-json\/wp\/v2\/pages"}],"about":[{"href":"https:\/\/monalashop.com\/lt\/wp-json\/wp\/v2\/types\/page"}],"author":[{"embeddable":true,"href":"https:\/\/monalashop.com\/lt\/wp-json\/wp\/v2\/users\/5"}],"replies":[{"embeddable":true,"href":"https:\/\/monalashop.com\/lt\/wp-json\/wp\/v2\/comments?post=26387"}],"version-history":[{"count":0,"href":"https:\/\/monalashop.com\/lt\/wp-json\/wp\/v2\/pages\/26387\/revisions"}],"wp:attachment":[{"href":"https:\/\/monalashop.com\/lt\/wp-json\/wp\/v2\/media?parent=26387"}],"curies":[{"name":"wp","href":"https:\/\/api.w.org\/{rel}","templated":true}]}}