{"id":26318,"date":"2024-08-08T00:34:40","date_gmt":"2024-08-07T22:34:40","guid":{"rendered":"https:\/\/monalashop.com\/?page_id=26318"},"modified":"2024-08-08T00:36:13","modified_gmt":"2024-08-07T22:36:13","slug":"didmenine-prekyba","status":"publish","type":"page","link":"https:\/\/monalashop.com\/lt\/didmenine-prekyba\/","title":{"rendered":"Didmenin\u0117 prekyba"},"content":{"rendered":"<div class=\"wp-block-greenshift-blocks-row alignfull gspb_row gspb_row-id-gsbp-c7aa775\" id=\"gspb_row-id-gsbp-c7aa775\">\n<div class=\"wp-block-greenshift-blocks-row-column gspb_row__col--12 gspb_col-id-gsbp-2580ae6\" id=\"gspb_col-id-gsbp-2580ae6\"><div class=\"gspb_backgroundOverlay\"><\/div>\n<h1 id=\"gspb_heading-id-gsbp-249e1bc\" class=\"gspb_heading gspb_heading-id-gsbp-249e1bc\">Didmenin\u0117 prekyba<\/h1>\n\n\n<\/div>\n<\/div>\n\n\n\n<div class=\"wp-block-greenshift-blocks-container alignwide gspb_container gspb_container-gsbp-da589b8\" id=\"gspb_container-id-gsbp-da589b8\">\n<div id=\"gspb_text-id-gsbp-a1ec6dd\" class=\"gspb_text gspb_text-id-gsbp-a1ec6dd\">M\u0117gstate m\u016bs\u0173 merino vilnos mezginius? Mums b\u016bt\u0173 malonu pamatyti juos savo parduotuv\u0117je! Si\u016blome m\u016bs\u0173 gra\u017eius mezginius didmenin\u0117mis kainomis, tod\u0117l galite pasidalyti ka\u017ekuo ypatingu su savo klientais.<br>Tiesiog para\u0161ykite mums adresu <a href=\"mailto:info@monalashop.com\">info@monalashop.com<\/a> nor\u0117dami gauti daugiau informacijos arba pateikti u\u017esakym\u0105. Esame pasireng\u0119 pad\u0117ti atsakyti \u012f visus jums r\u016bpimus klausimus!<\/div>\n<\/div>","protected":false},"excerpt":{"rendered":"","protected":false},"author":5,"featured_media":0,"parent":0,"menu_order":0,"comment_status":"closed","ping_status":"closed","template":"","meta":{"_gspb_post_css":".gspb_container-id-gsbp-da589b8{flex-direction:column;box-sizing:border-box}#gspb_container-id-gsbp-da589b8.gspb_container>p:last-of-type{margin-bottom:0}.gspb_container{position:relative}#gspb_container-id-gsbp-da589b8.gspb_container{display:flex;flex-direction:column;justify-content:center;align-content:center;align-items:center;margin-top:64px;margin-bottom:64px;width:900px}@media (max-width:991.98px){#gspb_container-id-gsbp-da589b8.gspb_container{width:500px}}@media (max-width:575.98px){#gspb_container-id-gsbp-da589b8.gspb_container{width:300px}}.gspb_text-id-gsbp-a1ec6dd,.gspb_text-id-gsbp-a1ec6dd .gsap-g-line{text-align:center!important}@media (max-width:575.98px){.gspb_text-id-gsbp-a1ec6dd,.gspb_text-id-gsbp-a1ec6dd .gsap-g-line{text-align:left!important}}.gspb_text-id-gsbp-a1ec6dd{margin-top:0!important}#gspb_row-id-gsbp-c7aa775{justify-content:space-between;margin-bottom:0;display:flex;flex-wrap:wrap;min-height:700px}#gspb_row-id-gsbp-c7aa775>.gspb_row__content{display:flex;justify-content:space-between;margin:0 auto;width:100%;flex-wrap:wrap}.gspb_row{position:relative}div[id^=gspb_col-id]{box-sizing:border-box;position:relative;padding:15px min(3vw,20px)}@media (max-width:991.98px){#gspb_row-id-gsbp-c7aa775{min-height:400px}}#gspb_row-id-gsbp-c7aa775,.gspb_row #gspb_col-id-gsbp-2580ae6.gspb_row__col--12{margin-top:-60px}#gspb_col-id-gsbp-2580ae6.gspb_row__col--12{width:100%}@media (max-width:575.98px){#gspb_col-id-gsbp-2580ae6.gspb_row__col--12{width:100%}}#gspb_col-id-gsbp-2580ae6.gspb_row__col--12{background-size:cover;background-repeat:no-repeat;background-position:55% 58%;background-image:url(http:\/\/monalashop.com\/wp-content\/uploads\/2024\/08\/DSC_8832-20240807-223327.jpg);isolation:isolate}#gspb_col-id-gsbp-2580ae6.gspb_row__col--12:hover{background-size:cover}#gspb_col-id-gsbp-2580ae6.gspb_row__col--12>.gspb_backgroundOverlay{position:absolute;top:0;left:0;width:100%;height:100%;z-index:-1;opacity:.29;background-color:var(--wp--preset--color--palette-color-1, var(--theme-palette-color-1, #626659))}body #gspb_col-id-gsbp-2580ae6.gspb_row__col--12{display:flex;flex-direction:column;justify-content:center;align-content:center;align-items:center}#gspb_heading-id-gsbp-249e1bc{color:var(--wp--preset--color--palette-color-8, var(--theme-palette-color-8, #ffffff))}","footnotes":""},"class_list":["post-26318","page","type-page","status-publish","hentry"],"blocksy_meta":[],"_links":{"self":[{"href":"https:\/\/monalashop.com\/lt\/wp-json\/wp\/v2\/pages\/26318","targetHints":{"allow":["GET"]}}],"collection":[{"href":"https:\/\/monalashop.com\/lt\/wp-json\/wp\/v2\/pages"}],"about":[{"href":"https:\/\/monalashop.com\/lt\/wp-json\/wp\/v2\/types\/page"}],"author":[{"embeddable":true,"href":"https:\/\/monalashop.com\/lt\/wp-json\/wp\/v2\/users\/5"}],"replies":[{"embeddable":true,"href":"https:\/\/monalashop.com\/lt\/wp-json\/wp\/v2\/comments?post=26318"}],"version-history":[{"count":0,"href":"https:\/\/monalashop.com\/lt\/wp-json\/wp\/v2\/pages\/26318\/revisions"}],"wp:attachment":[{"href":"https:\/\/monalashop.com\/lt\/wp-json\/wp\/v2\/media?parent=26318"}],"curies":[{"name":"wp","href":"https:\/\/api.w.org\/{rel}","templated":true}]}}