{"id":26257,"date":"2024-08-06T17:16:33","date_gmt":"2024-08-06T15:16:33","guid":{"rendered":"https:\/\/monalashop.com\/?page_id=26257"},"modified":"2024-08-09T00:26:49","modified_gmt":"2024-08-08T22:26:49","slug":"produktu-grazinimas","status":"publish","type":"page","link":"https:\/\/monalashop.com\/lt\/produktu-grazinimas\/","title":{"rendered":"Produkt\u0173 gr\u0105\u017einimas"},"content":{"rendered":"<div class=\"wp-block-greenshift-blocks-row alignfull gspb_row gspb_row-id-gsbp-c7aa775\" id=\"gspb_row-id-gsbp-c7aa775\">\n<div class=\"wp-block-greenshift-blocks-row-column gspb_row__col--12 gspb_col-id-gsbp-2580ae6\" id=\"gspb_col-id-gsbp-2580ae6\"><div class=\"gspb_backgroundOverlay\"><\/div>\n<h1 id=\"gspb_heading-id-gsbp-249e1bc\" class=\"gspb_heading gspb_heading-id-gsbp-249e1bc\">Produkt\u0173 keitimas ir gr\u0105\u017einimas<\/h1>\n\n\n<\/div>\n<\/div>\n\n\n\n<h2 class=\"wp-block-heading\" id=\"exchanges\">Keitimai:<\/h2>\n\n\n\n<p>Mes norime, kad jums labai patikt\u0173 m\u016bs\u0173 gaminiai! Jei jums reikia kitokio dyd\u017eio, spalvos ar stiliaus, keitimas yra lengvas ir nemokamas. Tiesiog susisiekite su mumis ir mes visk\u0105 sutvarkysime u\u017e jus.<\/p>\n\n\n\n<h2 class=\"wp-block-heading\" id=\"returns\">Gr\u0105\u017einama:<\/h2>\n\n\n\n<p>Kad gr\u0105\u017einimo procesas vykt\u0173 skland\u017eiai, tur\u0117kite omenyje \u0161iuos dalykus:<\/p>\n\n\n\n<ul class=\"wp-block-list\">\n<li>Daiktai turi b\u016bti ned\u0117v\u0117ti, neskalbti ir originalios b\u016bkl\u0117s.<\/li>\n\n\n\n<li>Gr\u0105\u017einimai ir keitimai turi b\u016bti i\u0161si\u0173sti per 14 dien\u0173 nuo u\u017esakymo gavimo.<\/li>\n<\/ul>\n\n\n\n<p><strong>Kaip inicijuoti gr\u0105\u017einim\u0105 arba keitim\u0105:<\/strong><\/p>\n\n\n\n<ol start=\"1\" class=\"wp-block-list\">\n<li>Si\u0173skite mums el. lai\u0161k\u0105 adresu info@monalashop.com, nurodydami u\u017esakymo numer\u012f ir gr\u0105\u017einimo ar keitimo prie\u017east\u012f.<\/li>\n\n\n\n<li>Mielai priimame ned\u0117v\u0117tas, neskalbtas ir nepakeistas prekes su originaliomis etiket\u0117mis, u\u017e kurias gr\u0105\u017einami visi pinigai arba jos kei\u010diamos.<\/li>\n<\/ol>\n\n\n\n<p><strong>Svarbios pastabos:<\/strong><\/p>\n\n\n\n<ul class=\"wp-block-list\">\n<li>U\u017e gr\u0105\u017einimo siuntimo i\u0161laidas atsako klientas.<\/li>\n\n\n\n<li>Visi parduodami ir nestandartinio dyd\u017eio daiktai yra galutinai parduoti ir negali b\u016bti gr\u0105\u017einami, gr\u0105\u017einami, kei\u010diami ar kei\u010diami.<\/li>\n<\/ul>\n\n\n\n<p>Jei turite klausim\u0173 arba jums reikia pagalbos, nedvejodami kreipkit\u0117s \u012f mus. Esame \u010dia, kad pad\u0117tume ir padarytume j\u016bs\u0173 apsipirkimo patirt\u012f malonia!<\/p>","protected":false},"excerpt":{"rendered":"<p>Exchanges: We want you to absolutely love our pieces! If you need a different size, color, or style, exchanges are effortless and free. Simply reach out to us, and we&#8217;ll handle everything for you. Returns: To ensure a smooth return process, please keep the following in mind: How to Initiate a Return or Exchange: Important [&hellip;]<\/p>\n","protected":false},"author":5,"featured_media":0,"parent":0,"menu_order":0,"comment_status":"closed","ping_status":"closed","template":"","meta":{"_gspb_post_css":"#gspb_row-id-gsbp-c7aa775{justify-content:space-between;margin-bottom:0;display:flex;flex-wrap:wrap;min-height:700px}#gspb_row-id-gsbp-c7aa775>.gspb_row__content{display:flex;justify-content:space-between;margin:0 auto;width:100%;flex-wrap:wrap}.gspb_row{position:relative}div[id^=gspb_col-id]{box-sizing:border-box;position:relative;padding:15px min(3vw,20px)}@media (max-width:991.98px){#gspb_row-id-gsbp-c7aa775{min-height:400px}}#gspb_row-id-gsbp-c7aa775{margin-top:-120px}#gspb_col-id-gsbp-2580ae6.gspb_row__col--12{width:100%}@media (max-width:575.98px){#gspb_col-id-gsbp-2580ae6.gspb_row__col--12{width:100%}}#gspb_col-id-gsbp-2580ae6.gspb_row__col--12{background-size:cover;background-repeat:no-repeat;background-position:55% 58%;background-image:url(https:\/\/monalashop.com\/wp-content\/uploads\/2024\/08\/DSC_9053-20240807-223400.jpg);isolation:isolate}#gspb_col-id-gsbp-2580ae6.gspb_row__col--12:hover{background-size:cover}#gspb_col-id-gsbp-2580ae6.gspb_row__col--12>.gspb_backgroundOverlay{position:absolute;top:0;left:0;width:100%;height:100%;z-index:-1;opacity:.29;background-color:var(--wp--preset--color--palette-color-1, var(--theme-palette-color-1, #626659))}body #gspb_col-id-gsbp-2580ae6.gspb_row__col--12{display:flex;flex-direction:column;justify-content:center;align-content:center;align-items:center}#gspb_heading-id-gsbp-249e1bc,#gspb_heading-id-gsbp-249e1bc .gsap-g-line{text-align:center!important}#gspb_heading-id-gsbp-249e1bc{color:var(--wp--preset--color--palette-color-8, var(--theme-palette-color-8, #ffffff))}","footnotes":""},"class_list":["post-26257","page","type-page","status-publish","hentry"],"blocksy_meta":{"has_hero_section":"disabled","styles_descriptor":{"styles":{"desktop":"","tablet":"","mobile":""},"google_fonts":[],"version":6}},"_links":{"self":[{"href":"https:\/\/monalashop.com\/lt\/wp-json\/wp\/v2\/pages\/26257","targetHints":{"allow":["GET"]}}],"collection":[{"href":"https:\/\/monalashop.com\/lt\/wp-json\/wp\/v2\/pages"}],"about":[{"href":"https:\/\/monalashop.com\/lt\/wp-json\/wp\/v2\/types\/page"}],"author":[{"embeddable":true,"href":"https:\/\/monalashop.com\/lt\/wp-json\/wp\/v2\/users\/5"}],"replies":[{"embeddable":true,"href":"https:\/\/monalashop.com\/lt\/wp-json\/wp\/v2\/comments?post=26257"}],"version-history":[{"count":0,"href":"https:\/\/monalashop.com\/lt\/wp-json\/wp\/v2\/pages\/26257\/revisions"}],"wp:attachment":[{"href":"https:\/\/monalashop.com\/lt\/wp-json\/wp\/v2\/media?parent=26257"}],"curies":[{"name":"wp","href":"https:\/\/api.w.org\/{rel}","templated":true}]}}