{"id":26248,"date":"2024-08-06T13:57:24","date_gmt":"2024-08-06T11:57:24","guid":{"rendered":"https:\/\/monalashop.com\/?page_id=26248"},"modified":"2024-08-08T01:56:22","modified_gmt":"2024-08-07T23:56:22","slug":"privatumo-politika","status":"publish","type":"page","link":"https:\/\/monalashop.com\/lt\/privatumo-politika\/","title":{"rendered":"Privatumo politika"},"content":{"rendered":"<div class=\"wp-block-greenshift-blocks-row alignfull gspb_row gspb_row-id-gsbp-c7aa775\" id=\"gspb_row-id-gsbp-c7aa775\">\n<div class=\"wp-block-greenshift-blocks-row-column gspb_row__col--12 gspb_col-id-gsbp-2580ae6\" id=\"gspb_col-id-gsbp-2580ae6\"><div class=\"gspb_backgroundOverlay\"><\/div>\n<h1 id=\"gspb_heading-id-gsbp-249e1bc\" class=\"gspb_heading gspb_heading-id-gsbp-249e1bc\">Privatumo politika<\/h1>\n\n\n<\/div>\n<\/div>\n\n\n\n<div class=\"wp-block-greenshift-blocks-row gspb_row gspb_row-id-gsbp-5d080ec\" id=\"gspb_row-id-gsbp-5d080ec\"><div class=\"gspb_row__content\"> \n<div class=\"wp-block-greenshift-blocks-row-column gspb_row__col--12 gspb_col-id-gsbp-86c8442\" id=\"gspb_col-id-gsbp-86c8442\">\n<p><strong>Kas mes esame<\/strong><br><strong><em>MONALA (monalashop.com)<\/em><\/strong><br><em>Savinink\u0117: Monika Peganova<br>Verslo tipas: 951337<\/em><br><em>Interneto svetain\u0117s adresas: http:\/\/monalashop.com<\/em><br><em>Verslo adresas: Marijampol\u0117s g. 22, Gi\u017e\u0173-Dar\u017einink\u0173 k., LT-70318, Vilkavi\u0161kio r. sav.<\/em><br><em>Email:&nbsp;info@monalashop.com<\/em><br><em>Telefonas: +370 (629) 65 728<\/em><\/p>\n\n\n\n<p><strong>Kokius asmens duomenis renkame ir kod\u0117l tai darome<\/strong><br><em>Kol lankysit\u0117s m\u016bs\u0173 svetain\u0117je, mes steb\u0117sime:<\/em><\/p>\n\n\n\n<p>Produktai, kuriuos per\u017ei\u016br\u0117jote: naudosime tai, pavyzd\u017eiui, nor\u0117dami parodyti neseniai per\u017ei\u016br\u0117tus produktus.<br>Vieta, IP adresas ir nar\u0161ykl\u0117s tipas: naudosime tai tokiais tikslais, kaip mokes\u010di\u0173 ir pristatymo apskai\u010diavimas.<br>Pristatymo adresas: papra\u0161ysime jo \u012fvesti, kad, pavyzd\u017eiui, prie\u0161 pateikdami u\u017esakym\u0105, gal\u0117tume apskai\u010diuoti pristatym\u0105 ir i\u0161si\u0173sti jums u\u017esakym\u0105!<br>Taip pat naudosime slapukus, kad gal\u0117tume sekti krep\u0161elio turin\u012f, kol nar\u0161ote m\u016bs\u0173 svetain\u0117je.<\/p>\n\n\n\n<p>Kai i\u0161 m\u016bs\u0173 perkate, papra\u0161ysime j\u016bs\u0173 pateikti informacij\u0105, \u012fskaitant vard\u0105 ir pavard\u0119, s\u0105skaitos i\u0161ra\u0161ymo adres\u0105, pristatymo adres\u0105, el. pa\u0161to adres\u0105, telefono numer\u012f, kredito kortel\u0117s ir (arba) mok\u0117jimo informacij\u0105 bei pasirinktin\u0119 paskyros informacij\u0105. \u0160i\u0105 informacij\u0105 naudosime \u0161iais tikslais, pvz:<\/p>\n\n\n\n<ul class=\"wp-block-list\">\n<li>- si\u0173sti jums informacij\u0105 apie j\u016bs\u0173 paskyr\u0105 ir u\u017esakym\u0105;<\/li>\n\n\n\n<li>- atsakyti \u012f j\u016bs\u0173 pra\u0161ymus, \u012fskaitant pinig\u0173 gr\u0105\u017einim\u0105 ir skundus;<\/li>\n\n\n\n<li>- apdorokite mok\u0117jimus ir u\u017ekardykite suk\u010diavim\u0105;<\/li>\n\n\n\n<li>- Sukurkite savo paskyr\u0105 m\u016bs\u0173 parduotuv\u0117je;<\/li>\n\n\n\n<li>- laikytis vis\u0173 teisini\u0173 \u012fsipareigojim\u0173, pavyzd\u017eiui, apskai\u010diuoti mokes\u010dius;<\/li>\n\n\n\n<li>- tobulinti parduotuvi\u0173 pasi\u016bl\u0105;<\/li>\n\n\n\n<li>- si\u0173sti jums rinkodaros prane\u0161imus, jei norite juos gauti;<\/li>\n\n\n\n<li>- Jei susikursite paskyr\u0105, i\u0161saugosime j\u016bs\u0173 vard\u0105, pavard\u0119, adres\u0105, el. pa\u0161to adres\u0105 ir telefono numer\u012f, kurie bus naudojami b\u016bsim\u0173 u\u017esakym\u0173 kasoje.<\/li>\n<\/ul>\n\n\n\n<p>Informacij\u0105 apie jus paprastai saugome tol, kol jos reikia tais tikslais, kuriais j\u0105 renkame ir naudojame, ir nesame teisi\u0161kai \u012fpareigoti toliau j\u0105 saugoti. Pavyzd\u017eiui, mokes\u010di\u0173 ir apskaitos tikslais informacij\u0105 apie u\u017esakymus saugome 2 metus. Tai apima j\u016bs\u0173 vard\u0105 ir pavard\u0119, el. pa\u0161to adres\u0105 ir atsiskaitymo bei pristatymo adresus.<\/p>\n\n\n\n<p>Taip pat i\u0161saugosime komentarus ar atsiliepimus, jei nuspr\u0119site juos palikti.<\/p>\n\n\n\n<p><em>Kas m\u016bs\u0173 komandoje turi prieig\u0105<\/em><br>M\u016bs\u0173 komandos nariai turi prieig\u0105 prie j\u016bs\u0173 pateiktos informacijos. Pavyzd\u017eiui, prieig\u0105 gali tur\u0117ti ir administratoriai, ir parduotuvi\u0173 vadovai:<\/p>\n\n\n\n<p>u\u017esakymo informacija, pvz., kas buvo \u012fsigyta, kada tai buvo \u012fsigyta ir kur tai tur\u0117t\u0173 b\u016bti i\u0161si\u0173sta, ir<br>Kliento informacija, pvz., j\u016bs\u0173 vardas, el. pa\u0161to adresas, atsiskaitymo ir pristatymo informacija.<br>M\u016bs\u0173 komandos nariai turi prieig\u0105 prie \u0161ios informacijos, kad gal\u0117t\u0173 \u012fvykdyti u\u017esakymus, tvarkyti pinig\u0173 gr\u0105\u017einim\u0105 ir pad\u0117ti jums.<\/p>\n\n\n\n<p><em>Mok\u0117jimai<\/em><br>Priimame mok\u0117jimus per \"PayPal\" ir \"Cardinity\". Apdorojant mok\u0117jimus, kai kurie j\u016bs\u0173 duomenys bus perduoti \"PayPal\" ir \"Cardinity\", \u012fskaitant informacij\u0105, reikaling\u0105 mok\u0117jimui apdoroti arba palaikyti, pavyzd\u017eiui, pirkimo sum\u0105 ir atsiskaitymo informacij\u0105.<\/p>\n\n\n\n<p>\u017dr.&nbsp;<a href=\"https:\/\/www.paypal.com\/us\/webapps\/mpp\/ua\/privacy-full\" target=\"_blank\" rel=\"noreferrer noopener\">\"PayPal\" privatumo politika<\/a>&nbsp;ir&nbsp;<a href=\"https:\/\/cardinity.com\/legal\/privacy-policy\" target=\"_blank\" rel=\"noreferrer noopener\">\"Cardinity\" privatumo politika<\/a>&nbsp;daugiau informacijos.<\/p>\n\n\n\n<p><em>Komentarai<\/em><br>Kai lankytojai svetain\u0117je ra\u0161o komentarus, siekdami u\u017ekirsti keli\u0105 nepageidaujamiems lai\u0161kams, renkame komentaro ra\u0161ymo formoje pateikiamus duomenis, taip pat lankytojo IP adres\u0105 ir nar\u0161ykl\u0117s naudotojo \u012fra\u0161\u0105.<\/p>\n\n\n\n<p>I\u0161 j\u016bs\u0173 el. pa\u0161to adreso gali b\u016bti sukurtas anoniminis duomen\u0173 \u012fra\u0161as (hash), kuris pateikiamas \"Gravatar\" paslaugos teik\u0117jui, kad b\u016bt\u0173 patvirtinta, jog naudojat\u0117s \u0161ia paslauga. Su \"Gravatar\" privatumo politika galite susipa\u017einti \u010dia: https:\/\/automattic.com\/privacy\/. Kai j\u016bs\u0173 komentaras bus patvirtintas, j\u016bs\u0173 profilio nuotrauka bus matoma vie\u0161ai \u0161alia j\u016bs\u0173 komentaro.<\/p>\n\n\n\n<p><em>Failai<\/em><br>Jei nuotraukas \u012fkeliate \u012f tinklalap\u012f, tur\u0117tum\u0117te vengti \u012fkelti jas su i\u0161saugotais vietos duomenimis (EXIF GPS). Svetain\u0117s lankytojai gali atsisi\u0173sti nuotraukas i\u0161 tinklalapio ir i\u0161 j\u0173 i\u0161gauti buvimo vietos duomenis.<\/p>\n\n\n\n<p><em>Kontaktin\u0117s formos<\/em><br>When you submit your request to our website (using this website page: http:\/\/monalashop.com\/contact\/), in order to answer your questions, we collect and manage your name, e-mail address and comment. We process your personal data on a consent basis. If you do not provide these personal data, we will not be able to respond to your request.<\/p>\n\n\n\n<p><em>Slapukai<\/em><br>Kai \u0161ioje svetain\u0117je ra\u0161ote komentar\u0105, galite pasirinkti, ar norite, kad j\u016bs\u0173 vardas, el. pa\u0161to adresas ir svetain\u0117 b\u016bt\u0173 \u012fra\u0161yti \u012f slapukus. Tai daroma j\u016bs\u0173 patogumui, kad jums nereik\u0117t\u0173 i\u0161 naujo ra\u0161yti \u0161i\u0173 duomen\u0173 kiekvien\u0105 kart\u0105 komentuojant. \u0160ie slapukai saugomi vienerius metus.<\/p>\n\n\n\n<p>Jei apsilankysite m\u016bs\u0173 prisijungimo puslapyje, rasime laikin\u0105 slapuk\u0105, kad nustatytume, ar j\u016bs\u0173 nar\u0161ykl\u0117 priima slapukus. \u0160iame slapuke n\u0117ra joki\u0173 asmenini\u0173 duomen\u0173 ir jis i\u0161metamas, kai u\u017edarote nar\u0161ykl\u0119.<\/p>\n\n\n\n<p>Kai prisijungiate, taip pat sukuriami keli slapukai, kuriuose saugoma j\u016bs\u0173 prisijungimo informacija ir rodomos ekrano parinktys. Prisijungimo slapukai galioja 2 dienas, o ekrano nustatymai - vienerius metus. Jei pasirinksite \u201cPrisiminti mane\u201d, j\u016bs\u0173 prisijungimo slapukas galios 2 savaites. Atsijungus nuo paskyros, prisijungimo slapukai i\u0161trinami.<\/p>\n\n\n\n<p>Jei redaguojate arba publikuojate prane\u0161im\u0105, j\u016bs\u0173 nar\u0161ykl\u0117je i\u0161saugomas papildomas slapukas. \u0160iame slapuke nesaugomi asmeniniai duomenys, ta\u010diau i\u0161saugomas k\u0105 tik redaguotos ar paskelbtos \u017einut\u0117s ID. \u0160is slapukas nustoja galioti po 1 dienos.<\/p>\n\n\n\n<p><em>I\u0161 kit\u0173 svetaini\u0173 \u012fkeltas turinys<\/em><br>\u0160ioje svetain\u0117je gali b\u016bti kito \u012f svetain\u0119 \u012fkelto turinio (pvz., vaizdo \u012fra\u0161\u0173, nuotrauk\u0173, teksto ir pan.). Tokio \u012fkelto turinio per\u017ei\u016bra ir \u012fk\u0117limas \u0161ioje svetain\u0117je prilygsta apsilankymui interneto svetain\u0117se, i\u0161 kuri\u0173 turinys \u012fkeltas.<\/p>\n\n\n\n<p>\u0160iose svetain\u0117se gali b\u016bti renkami duomenys apie jus, naudojami slapukai, tre\u010di\u0173j\u0173 \u0161ali\u0173 steb\u0117jimo paslaugos ir stebimi j\u016bs\u0173 veiksmai su \u012fkeltu turiniu, \u012fskaitant atvejus, kai turite paskyr\u0105 ir esate prisijung\u0119 prie \u0161i\u0173 svetaini\u0173.<\/p>\n\n\n\n<p><em>Statistika<\/em><br>Naudojame \"Google Analytics\" (\u017er.&nbsp;<a href=\"https:\/\/www.google.com\/analytics\/terms\/us.html\" target=\"_blank\" rel=\"noreferrer noopener\">Privatumo politika<\/a>), kad \u012fvertintum\u0117te m\u016bs\u0173 svetain\u0117s veikim\u0105.<\/p>\n\n\n\n<p><strong>Su kuo dalijam\u0117s j\u016bs\u0173 duomenimis<\/strong><br>J\u016bs\u0173 duomenis galime perduoti tre\u010diosioms \u0161alims, kurios padeda mums vykdyti ir administruoti m\u016bs\u0173 svetain\u0119 (internetin\u0119 parduotuv\u0119). Tokie asmenys gali b\u016bti duomen\u0173 bazi\u0173 programin\u0117s \u012frangos teik\u0117jai, duomen\u0173 bazi\u0173 administravimo paslaug\u0173 teik\u0117jai, tiesiogin\u0117s rinkodaros paslaug\u0173 teik\u0117jai, kurjeriai ir pan. Duomenys taip pat gali b\u016bti teikiami vyriausybin\u0117ms ar teis\u0117saugos institucijoms, pavyzd\u017eiui, policijai ar prie\u017ei\u016bros institucijoms, ta\u010diau tik gavus pra\u0161ym\u0105 ir tik tada, kai to reikalauja galiojantys \u012fstatymai arba siekiant u\u017etikrinti m\u016bs\u0173 teises ar m\u016bs\u0173 klient\u0173, darbuotoj\u0173 ir i\u0161tekli\u0173 saugum\u0105.<\/p>\n\n\n\n<p><strong>Kiek laiko saugome j\u016bs\u0173 duomenis<\/strong><br>Visus j\u016bs\u0173 asmens duomenis tvarkome ir saugome ne ilgiau, nei b\u016btina \u0161ioje politikoje nurodytiems tikslams pasiekti.<\/p>\n\n\n\n<p>Tikslini\u0173 nuolaid\u0173 program\u0173 administravimui ir vykdymui reikalingus duomenis tvarkome ir saugome tol, kol dalyvaujate tokioje tikslin\u0117je programoje, ir 1 m\u0117n. pasibaigus dalyvavimui.<\/p>\n\n\n\n<p>J\u016bs\u0173 u\u017esakymo duomenis savo internetin\u0117je parduotuv\u0117je saugome 2 metus.<\/p>\n\n\n\n<p>Duomenis apie svetain\u0117s u\u017eklausas ir lo\u0161im\u0173 bei loterij\u0173 duomenis saugome iki 2 met\u0173.<\/p>\n\n\n\n<p>Duomenis tiesiogin\u0117s rinkodaros tikslais tvarkome ir saugome dvejus metus nuo paskutinio apsipirkimo m\u016bs\u0173 internetin\u0117je parduotuv\u0117je, nebent savo sutikim\u0105 at\u0161auktum\u0117te anks\u010diau.<\/p>\n\n\n\n<p>Jei para\u0161ote komentar\u0105, jo tekstas ir metaduomenys saugomi neribot\u0105 laik\u0105. Taip yra tod\u0117l, kad b\u016bsimus komentarus galime atpa\u017einti ir patvirtinti automati\u0161kai, o ne administratoriaus patvirtinimu.<\/p>\n\n\n\n<p>Kai u\u017esiregistruojate m\u016bs\u0173 svetain\u0117je ir tampate naudotoju, saugome visus j\u016bs\u0173 asmeninius duomenis, kuriuos pateikiate savo paskyroje. Kiekvienas naudotojas gali bet kada per\u017ei\u016br\u0117ti, redaguoti ir i\u0161trinti savo asmeninius duomenis (i\u0161skyrus naudotojo vard\u0105). Tinklalapi\u0173 valdytojai taip pat gali matyti ir redaguoti \u0161iuos duomenis.<\/p>\n\n\n\n<p><strong>J\u016bs\u0173 teis\u0117s<\/strong><br>Turite teis\u0119 bet kada susisiekti su mumis el. pa\u0161tu info@monalashop.com arba pa\u0161tu: Marijampol\u0117s g. 22, Gi\u017e\u0173-Dar\u017einink\u0173 k., LT-70318, Vilkavi\u0161kio rajono savivaldyb\u0117, Lietuva, susipa\u017einti su savo asmens duomenimis ir kaip jie tvarkomi, i\u0161taisyti netikslius, nei\u0161samius, netikslius asmens duomenis, sustabdyti savo asmens duomen\u0173 tvarkym\u0105, i\u0161skyrus saugojim\u0105, kai duomenys tvarkomi pa\u017eeid\u017eiant teis\u0117s aktus ir \u0161ios politikos s\u0105lygas, taip pat teis\u0119 gauti savo asmens duomenis susistemintu, \u012fprastai naudojamu ir kompiuterio skaitomu formatu (duomen\u0173 perkeliamumas).<\/p>\n\n\n\n<p>Jei j\u016bs\u0173 asmens duomenys tvarkomi sutikimo pagrindu, turite teis\u0119 bet kuriuo metu at\u0161aukti savo sutikim\u0105, nedarydami poveikio sutikimu pagr\u012fsto duomen\u0173 tvarkymo teis\u0117tumui iki sutikimo at\u0161aukimo.<\/p>\n\n\n\n<p>Be to, bet kuriuo metu galite atnaujinti ir patikslinti savo duomenis savo paskyroje m\u016bs\u0173 parduotuv\u0117je.<\/p>\n\n\n\n<p><strong>Kur siun\u010diame j\u016bs\u0173 duomenis<\/strong><br>Lankytoj\u0173 komentarus galima tikrinti naudojant automatin\u0119 \u0161lam\u0161to paie\u0161kos paslaug\u0105.<\/p>\n\n\n\n<p><strong>Kontaktin\u0117 informacija<\/strong><br>Savinink\u0117: Monika Peganova<br>Verslo tipas: 951337<br>Interneto svetain\u0117s adresas: http:\/\/monalashop.com<br>Verslo adresas: Marijampol\u0117s g. 22, Gi\u017e\u0173-Dar\u017einink\u0173 k., LT-70318, Vilkavi\u0161kio r. sav.<br>Email:&nbsp;info@monalashop.com<br>Telefonas: +370 (629) 65 728<\/p>\n\n\n\n<p><strong>Kaip saugome j\u016bs\u0173 duomenis<\/strong><br>Imam\u0117s tinkam\u0173 technini\u0173 ir organizacini\u0173 priemoni\u0173 (\u0161ifravimo, saugumo priemoni\u0173, pavyzd\u017eiui, dviej\u0173 veiksni\u0173 autenti\u0161kumo patvirtinimo, ir priemoni\u0173, pavyzd\u017eiui, darbuotoj\u0173 mokymo duomen\u0173 apsaugos klausimais), kad u\u017etikrintume vis\u0173 duomen\u0173 apsaug\u0105 nuo atsitiktinio ar neteis\u0117to sunaikinimo arba atsitiktinio praradimo, pakeitimo, neleistino atskleidimo ar prieigos, taip pat nuo bet kokio kito neleistino duomen\u0173 tvarkymo.<\/p>\n\n\n\n<p><strong>Kokias duomen\u0173 apsaugos proced\u016bras taikome?<\/strong><br>\u0161ifravimas, saugumo priemon\u0117s, pavyzd\u017eiui, dviej\u0173 veiksni\u0173 autenti\u0161kumo patvirtinimas, ir priemon\u0117s, pavyzd\u017eiui, darbuotoj\u0173 mokymas duomen\u0173 apsaugos klausimais.<\/p>\n\n\n\n<p><strong>I\u0161 koki\u0173 tre\u010di\u0173j\u0173 \u0161ali\u0173 gauname duomenis<\/strong><br>Duomen\u0173 i\u0161 tre\u010di\u0173j\u0173 \u0161ali\u0173 negauname.<\/p>\n\n\n\n<p><strong>Kokius automatizuotus sprendimus ir (arba) profiliavim\u0105 atliekame su j\u016bs\u0173 duomenimis<\/strong><br>Naudodami naudotoj\u0173 duomenis neatliekame automatinio sprendim\u0173 pri\u0117mimo ir (arba) profiliavimo.<\/p>\n\n\n\n<hr class=\"wp-block-separator has-alpha-channel-opacity\"\/>\n\n\n\n<p>Paskutin\u012f kart\u0105 atnaujinta kovo 1, 2020<\/p>\n<\/div>\n <\/div><\/div>","protected":false},"excerpt":{"rendered":"","protected":false},"author":5,"featured_media":0,"parent":0,"menu_order":0,"comment_status":"closed","ping_status":"closed","template":"","meta":{"_gspb_post_css":"#gspb_row-id-gsbp-c7aa775{justify-content:space-between;display:flex;flex-wrap:wrap;min-height:700px}#gspb_row-id-gsbp-c7aa775>.gspb_row__content{display:flex;justify-content:space-between;margin:0 auto;width:100%;flex-wrap:wrap}.gspb_row{position:relative}div[id^=gspb_col-id]{box-sizing:border-box;position:relative;padding:15px min(3vw,20px)}@media (max-width:991.98px){#gspb_row-id-gsbp-c7aa775{min-height:400px}}#gspb_row-id-gsbp-c7aa775{margin-top:-60px;margin-bottom:0}#gspb_col-id-gsbp-2580ae6.gspb_row__col--12{width:100%}@media (max-width:575.98px){#gspb_col-id-gsbp-2580ae6.gspb_row__col--12{width:100%}}#gspb_col-id-gsbp-2580ae6.gspb_row__col--12{background-size:cover;background-repeat:no-repeat;background-position:55% 58%;background-image:url(https:\/\/monalashop.com\/wp-content\/uploads\/2024\/08\/DSC_9053-20240807-223400.jpg);isolation:isolate}#gspb_col-id-gsbp-2580ae6.gspb_row__col--12:hover{background-size:cover}#gspb_col-id-gsbp-2580ae6.gspb_row__col--12>.gspb_backgroundOverlay{position:absolute;top:0;left:0;width:100%;height:100%;z-index:-1;opacity:.4;background-color:var(--wp--preset--color--palette-color-2, var(--theme-palette-color-2, #202714))}body #gspb_col-id-gsbp-2580ae6.gspb_row__col--12{display:flex;flex-direction:column;justify-content:center;align-content:center;align-items:center}#gspb_heading-id-gsbp-249e1bc{color:var(--wp--preset--color--palette-color-8, var(--theme-palette-color-8, #ffffff))}#gspb_row-id-gsbp-5d080ec{justify-content:space-between;margin-top:0;margin-bottom:0;display:flex;flex-wrap:wrap}#gspb_row-id-gsbp-5d080ec>.gspb_row__content{display:flex;justify-content:space-between;margin:0 auto;width:100%;flex-wrap:wrap}body.gspb-bodyfront #gspb_row-id-gsbp-5d080ec>.gspb_row__content{width:var(--theme-container-width, 1200px);max-width:var(--theme-normal-container-max-width, 1200px)}#gspb_col-id-gsbp-86c8442.gspb_row__col--12{width:100%}@media (max-width:575.98px){#gspb_col-id-gsbp-86c8442.gspb_row__col--12{width:100%}}.gspb_row #gspb_col-id-gsbp-86c8442.gspb_row__col--12{padding-top:128px}","footnotes":""},"class_list":["post-26248","page","type-page","status-publish","hentry"],"blocksy_meta":{"has_hero_section":"disabled","styles_descriptor":{"styles":{"desktop":"","tablet":"","mobile":""},"google_fonts":[],"version":6}},"_links":{"self":[{"href":"https:\/\/monalashop.com\/lt\/wp-json\/wp\/v2\/pages\/26248","targetHints":{"allow":["GET"]}}],"collection":[{"href":"https:\/\/monalashop.com\/lt\/wp-json\/wp\/v2\/pages"}],"about":[{"href":"https:\/\/monalashop.com\/lt\/wp-json\/wp\/v2\/types\/page"}],"author":[{"embeddable":true,"href":"https:\/\/monalashop.com\/lt\/wp-json\/wp\/v2\/users\/5"}],"replies":[{"embeddable":true,"href":"https:\/\/monalashop.com\/lt\/wp-json\/wp\/v2\/comments?post=26248"}],"version-history":[{"count":0,"href":"https:\/\/monalashop.com\/lt\/wp-json\/wp\/v2\/pages\/26248\/revisions"}],"wp:attachment":[{"href":"https:\/\/monalashop.com\/lt\/wp-json\/wp\/v2\/media?parent=26248"}],"curies":[{"name":"wp","href":"https:\/\/api.w.org\/{rel}","templated":true}]}}