{"id":26241,"date":"2024-08-06T13:52:16","date_gmt":"2024-08-06T11:52:16","guid":{"rendered":"https:\/\/monalashop.com\/?page_id=26241"},"modified":"2024-08-06T13:57:57","modified_gmt":"2024-08-06T11:57:57","slug":"pristatymas","status":"publish","type":"page","link":"https:\/\/monalashop.com\/lt\/pristatymas\/","title":{"rendered":"Pristatymas"},"content":{"rendered":"<div class=\"wp-block-greenshift-blocks-row alignfull gspb_row gspb_row-id-gsbp-c7aa775\" id=\"gspb_row-id-gsbp-c7aa775\">\n<div class=\"wp-block-greenshift-blocks-row-column gspb_row__col--12 gspb_col-id-gsbp-2580ae6\" id=\"gspb_col-id-gsbp-2580ae6\"><div class=\"gspb_backgroundOverlay\"><\/div>\n<h1 id=\"gspb_heading-id-gsbp-249e1bc\" class=\"gspb_heading gspb_heading-id-gsbp-249e1bc\">Pristatymas<\/h1>\n\n\n<\/div>\n<\/div>\n\n\n\n<div class=\"wp-block-greenshift-blocks-row gspb_row gspb_row-id-gsbp-3aa5c9c\" id=\"gspb_row-id-gsbp-3aa5c9c\"><div class=\"gspb_row__content\"> \n<div class=\"wp-block-greenshift-blocks-row-column gspb_row__col--12 gspb_col-id-gsbp-af6a02d\" id=\"gspb_col-id-gsbp-af6a02d\">\n<h2 id=\"gspb_heading-id-gsbp-ae8d64f\" class=\"gspb_heading gspb_heading-id-gsbp-ae8d64f\">Pristatymo parinktys<\/h2>\n\n\n\n<div id=\"gspb_text-id-gsbp-119d5a5\" class=\"gspb_text gspb_text-id-gsbp-119d5a5\"><br><strong><em>Lietuva:<\/em><\/strong><br>LIETUVOS PA\u0160TAS - Produktai pristatomi per Lietuvos pa\u0161t\u0105 (<a href=\"https:\/\/www.post.lt\/\" target=\"_blank\" rel=\"noreferrer noopener\">AB \u201cLietuvos pa\u0161tas\u201d<\/a>) paslaugas (per 1-3 darbo dienas).<br>PASI\u0116MIMAS - Nemokamas preki\u0173 atsi\u0117mimas m\u016bs\u0173 parduotuv\u0117je (adresu Marijampol\u0117s g. 22, Gi\u017e\u0173-Dar\u017einink\u0173 k., LT-70318, Vilkavi\u0161kio rajono savivaldyb\u0117, Lietuva).<br><br><em><strong>Europos S\u0105junga:<\/strong><\/em><br>LIETUVOS PA\u0160TAS - Produktai pristatomi per Lietuvos pa\u0161t\u0105 (<a href=\"https:\/\/www.post.lt\/\" target=\"_blank\" rel=\"noreferrer noopener\">AB \u201cLietuvos pa\u0161tas\u201d<\/a>) paslaugas (per 5-14 darbo dien\u0173, priklausomai nuo j\u016bs\u0173 buvimo vietos).<br><br><em><strong>Visame pasaulyje:<\/strong><\/em><br>LIETUVOS PA\u0160TAS - Produktai pristatomi per Lietuvos pa\u0161t\u0105 (<a href=\"https:\/\/www.post.lt\/\" target=\"_blank\" rel=\"noreferrer noopener\">AB \u201cLietuvos pa\u0161tas\u201d<\/a>) paslaugas (per 5-14 darbo dien\u0173, priklausomai nuo j\u016bs\u0173 buvimo vietos).<br><br><br><\/div>\n\n\n\n<h3 id=\"gspb_heading-id-gsbp-951c8fd\" class=\"gspb_heading gspb_heading-id-gsbp-951c8fd\">Pristatymo kaina ir trukm\u0117:<\/h3>\n\n\n\n<figure class=\"wp-block-table\"><table class=\"has-fixed-layout\"><tbody><tr><td><strong>\u0160alis<\/strong><\/td><td><strong>Pristatymo kaina (\u20ac)<\/strong><\/td><td><strong>Pristatymo trukm\u0117<\/strong><\/td><\/tr><tr><td>Airija<\/td><td>15,45<\/td><td>5-14 darbo dien\u0173<\/td><\/tr><tr><td>Jungtin\u0117 Karalyst\u0117<\/td><td>17,81<\/td><td>5-14 darbo dien\u0173<\/td><\/tr><tr><td>Australija<\/td><td>10,59<\/td><td>5-14 darbo dien\u0173<\/td><\/tr><tr><td>Austrija<\/td><td>15,05<\/td><td>5-14 darbo dien\u0173<\/td><\/tr><tr><td>Baltarusija<\/td><td>11,08<\/td><td>5-14 darbo dien\u0173<\/td><\/tr><tr><td>Belgija<\/td><td>22,03<\/td><td>5-14 darbo dien\u0173<\/td><\/tr><tr><td>Bulgarija<\/td><td>12,49<\/td><td>5-14 darbo dien\u0173<\/td><\/tr><tr><td>\u010cekija<\/td><td>13,79<\/td><td>5-14 darbo dien\u0173<\/td><\/tr><tr><td>Danija<\/td><td>15,60<\/td><td>5-14 darbo dien\u0173<\/td><\/tr><tr><td>Estija<\/td><td>14,85<\/td><td>5-14 darbo dien\u0173<\/td><\/tr><tr><td>Graikija<\/td><td>12,03<\/td><td>5-14 darbo dien\u0173<\/td><\/tr><tr><td>Grenlandija<\/td><td>13,26<\/td><td>5-14 darbo dien\u0173<\/td><\/tr><tr><td>Ispanija<\/td><td>15,31<\/td><td>5-14 darbo dien\u0173<\/td><\/tr><tr><td>Italija<\/td><td>14,11<\/td><td>5-14 darbo dien\u0173<\/td><\/tr><tr><td>Izraelis<\/td><td>11,67<\/td><td>5-14 darbo dien\u0173<\/td><\/tr><tr><td>Japonija<\/td><td>11,90<\/td><td>5-14 darbo dien\u0173<\/td><\/tr><tr><td>JAV<\/td><td>10,77<\/td><td>5-14 darbo dien\u0173<\/td><\/tr><tr><td>Kanada<\/td><td>12,00<\/td><td>5-14 darbo dien\u0173<\/td><\/tr><tr><td>Kipras<\/td><td>13,54<\/td><td>5-14 darbo dien\u0173<\/td><\/tr><tr><td>Latvija<\/td><td>10,93<\/td><td>5-14 darbo dien\u0173<\/td><\/tr><tr><td>Lenkija<\/td><td>13,75<\/td><td>5-14 darbo dien\u0173<\/td><\/tr><tr><td>Liuksemburgas<\/td><td>13,96<\/td><td>5-14 darbo dien\u0173<\/td><\/tr><tr><td>Malta<\/td><td>15,14<\/td><td>5-14 darbo dien\u0173<\/td><\/tr><tr><td>Marokas<\/td><td>11,16<\/td><td>5-14 darbo dien\u0173<\/td><\/tr><tr><td>Monakas<\/td><td>12,38<\/td><td>5-14 darbo dien\u0173<\/td><\/tr><tr><td>Naujoji Zelandija<\/td><td>13,24<\/td><td>5-14 darbo dien\u0173<\/td><\/tr><tr><td>Norvegija<\/td><td>16,02<\/td><td>5-14 darbo dien\u0173<\/td><\/tr><tr><td>Nyderlandai<\/td><td>14,90<\/td><td>5-14 darbo dien\u0173<\/td><\/tr><tr><td>Portugalija<\/td><td>17,44<\/td><td>5-14 darbo dien\u0173<\/td><\/tr><tr><td>Pranc\u016bzija<\/td><td>16,69<\/td><td>5-14 darbo dien\u0173<\/td><\/tr><tr><td>Rusija<\/td><td>15,66<\/td><td>5-14 darbo dien\u0173<\/td><\/tr><tr><td>Singap\u016bras<\/td><td>43,81<\/td><td>5-14 darbo dien\u0173<\/td><\/tr><tr><td>Slovakija<\/td><td>13,03<\/td><td>5-14 darbo dien\u0173<\/td><\/tr><tr><td>Slov\u0117nija<\/td><td>13,48<\/td><td>5-14 darbo dien\u0173<\/td><\/tr><tr><td>Suomija<\/td><td>19,37<\/td><td>5-14 darbo dien\u0173<\/td><\/tr><tr><td>\u0160vedija<\/td><td>17,42<\/td><td>5-14 darbo dien\u0173<\/td><\/tr><tr><td>\u0160veicarija<\/td><td>12,68<\/td><td>5-14 darbo dien\u0173<\/td><\/tr><tr><td>Ukraina<\/td><td>12,58<\/td><td>5-14 darbo dien\u0173<\/td><\/tr><tr><td>Vokietija<\/td><td>19,42<\/td><td>5-14 darbo dien\u0173<\/td><\/tr><\/tbody><\/table><\/figure>\n<\/div>\n <\/div><\/div>","protected":false},"excerpt":{"rendered":"","protected":false},"author":5,"featured_media":0,"parent":0,"menu_order":0,"comment_status":"closed","ping_status":"closed","template":"","meta":{"_gspb_post_css":"#gspb_row-id-gsbp-c7aa775{justify-content:space-between;display:flex;flex-wrap:wrap;min-height:700px}#gspb_row-id-gsbp-c7aa775>.gspb_row__content{display:flex;justify-content:space-between;margin:0 auto;width:100%;flex-wrap:wrap}.gspb_row{position:relative}div[id^=gspb_col-id]{box-sizing:border-box;position:relative;padding:15px min(3vw,20px)}@media (max-width:991.98px){#gspb_row-id-gsbp-c7aa775{min-height:400px}}#gspb_row-id-gsbp-c7aa775{margin-top:-60px;margin-bottom:0}#gspb_col-id-gsbp-2580ae6.gspb_row__col--12{width:100%}@media (max-width:575.98px){#gspb_col-id-gsbp-2580ae6.gspb_row__col--12{width:100%}}#gspb_col-id-gsbp-2580ae6.gspb_row__col--12{background-size:cover;background-repeat:no-repeat;background-position:55% 58%;background-image:url(http:\/\/monalashop.com\/wp-content\/uploads\/2024\/08\/DSC_0568post.jpg);isolation:isolate}#gspb_col-id-gsbp-2580ae6.gspb_row__col--12:hover{background-size:cover}#gspb_col-id-gsbp-2580ae6.gspb_row__col--12>.gspb_backgroundOverlay{position:absolute;top:0;left:0;width:100%;height:100%;z-index:-1;opacity:.49;background-color:var(--wp--preset--color--palette-color-2, var(--theme-palette-color-2, #202714))}body #gspb_col-id-gsbp-2580ae6.gspb_row__col--12{display:flex;flex-direction:column;justify-content:center;align-content:center;align-items:center}#gspb_heading-id-gsbp-249e1bc{color:var(--wp--preset--color--palette-color-8, var(--theme-palette-color-8, #ffffff))}#gspb_row-id-gsbp-3aa5c9c{justify-content:space-between;margin-top:0;margin-bottom:0;display:flex;flex-wrap:wrap}#gspb_row-id-gsbp-3aa5c9c>.gspb_row__content{display:flex;justify-content:space-between;margin:0 auto;width:100%;flex-wrap:wrap}body.gspb-bodyfront #gspb_row-id-gsbp-3aa5c9c>.gspb_row__content{width:var(--theme-container-width, 1200px);max-width:var(--theme-normal-container-max-width, 1200px)}#gspb_col-id-gsbp-af6a02d.gspb_row__col--12{width:100%}@media (max-width:575.98px){#gspb_col-id-gsbp-af6a02d.gspb_row__col--12{width:100%}}.gspb_text-id-gsbp-119d5a5{margin-top:0!important}@media (max-width:575.98px){#gspb_heading-id-gsbp-ae8d64f{margin-top:62px}}","footnotes":""},"class_list":["post-26241","page","type-page","status-publish","hentry"],"blocksy_meta":[],"_links":{"self":[{"href":"https:\/\/monalashop.com\/lt\/wp-json\/wp\/v2\/pages\/26241","targetHints":{"allow":["GET"]}}],"collection":[{"href":"https:\/\/monalashop.com\/lt\/wp-json\/wp\/v2\/pages"}],"about":[{"href":"https:\/\/monalashop.com\/lt\/wp-json\/wp\/v2\/types\/page"}],"author":[{"embeddable":true,"href":"https:\/\/monalashop.com\/lt\/wp-json\/wp\/v2\/users\/5"}],"replies":[{"embeddable":true,"href":"https:\/\/monalashop.com\/lt\/wp-json\/wp\/v2\/comments?post=26241"}],"version-history":[{"count":0,"href":"https:\/\/monalashop.com\/lt\/wp-json\/wp\/v2\/pages\/26241\/revisions"}],"wp:attachment":[{"href":"https:\/\/monalashop.com\/lt\/wp-json\/wp\/v2\/media?parent=26241"}],"curies":[{"name":"wp","href":"https:\/\/api.w.org\/{rel}","templated":true}]}}