{"id":26230,"date":"2024-08-06T13:36:20","date_gmt":"2024-08-06T11:36:20","guid":{"rendered":"https:\/\/monalashop.com\/?page_id=26230"},"modified":"2024-10-16T08:08:12","modified_gmt":"2024-10-16T06:08:12","slug":"kontaktai","status":"publish","type":"page","link":"https:\/\/monalashop.com\/lt\/kontaktai\/","title":{"rendered":"Kontaktai"},"content":{"rendered":"\n<div class=\"wp-block-greenshift-blocks-row alignfull gspb_row gspb_row-id-gsbp-c7aa775\" id=\"gspb_row-id-gsbp-c7aa775\">\n<div class=\"wp-block-greenshift-blocks-row-column gspb_row__col--12 gspb_col-id-gsbp-2580ae6\" id=\"gspb_col-id-gsbp-2580ae6\"><div class=\"gspb_backgroundOverlay\"><\/div>\n<h1 id=\"gspb_heading-id-gsbp-249e1bc\" class=\"gspb_heading gspb_heading-id-gsbp-249e1bc \">Contacts<\/h1>\n\n\n<\/div>\n<\/div>\n\n\n\n<div class=\"wp-block-greenshift-blocks-row gspb_row gspb_row-id-gsbp-1c7a100\" id=\"gspb_row-id-gsbp-1c7a100\"><div class=\"gspb_row__content\"> \n<div class=\"wp-block-greenshift-blocks-row-column gspb_row__col--6 gspb_col-id-gsbp-7e5e3cf\" id=\"gspb_col-id-gsbp-7e5e3cf\">\n<div id=\"gspb_text-id-gsbp-bdd498c\" class=\"gspb_text gspb_text-id-gsbp-bdd498c \">Phone: +370 (629) 65 728<br>Email: info@monalashop.com<br><br>K\u0119stu\u010dio str. 3, Gi\u017e\u0173 village, LT-70315, Vilkavi\u0161kis district municipality, Lithuania<br><br>Monala owner: Monika Peganova<br>Business type: UAB Monala, CRN 306667893, VAT LT100016629612<br><a href=\"https:\/\/www.facebook.com\/monaladesign\/\" target=\"_blank\" rel=\"noreferrer noopener\"><\/a><\/div>\n\n\n\n<div class=\"wp-block-greenshift-blocks-iconlist gspb_iconsList gspb_iconsList-id-gsbp-926f949\" id=\"gspb_iconsList-id-gsbp-926f949\"><div class=\"gspb_iconsList__item\" data-id=\"0\"><a class=\"gspb_iconsList__link\" href=\"https:\/\/www.facebook.com\/monaladesign\/\" rel=\"noopener\" target=\"_blank\"><\/a><svg class=\"\" style=\"display:inline-block;vertical-align:middle\" width=\"18\" height=\"18\" viewBox=\"0 0 1024 1024\" xmlns=\"http:\/\/www.w3.org\/2000\/svg\"><path style=\"fill:#565D66\" d=\"M1008 512c0-274-222-496-496-496s-496 222-496 496c0 247.56 181.38 452.76 418.5 490v-346.62h-126v-143.38h126v-109.28c0-124.3 74-192.96 187.34-192.96 54.28 0 111.040 9.68 111.040 9.68v122h-62.56c-61.6 0-80.82 38.24-80.82 77.46v93.1h137.56l-22 143.38h-115.56v346.62c237.12-37.24 418.5-242.44 418.5-490z\"><\/path><\/svg><span class=\"gspb_iconsList__item__text\"> <\/span><\/div><div class=\"gspb_iconsList__item\" data-id=\"1\"><a class=\"gspb_iconsList__link\" href=\"https:\/\/www.instagram.com\/mon_ala\/\" rel=\"noopener\" target=\"_blank\"><\/a><svg class=\"\" style=\"display:inline-block;vertical-align:middle\" width=\"18\" height=\"18\" viewBox=\"0 0 896 1024\" xmlns=\"http:\/\/www.w3.org\/2000\/svg\"><path style=\"fill:#565D66\" d=\"M448.2 282c-127.2 0-229.8 102.6-229.8 229.8s102.6 229.8 229.8 229.8 229.8-102.6 229.8-229.8-102.6-229.8-229.8-229.8zM448.2 661.2c-82.2 0-149.4-67-149.4-149.4s67-149.4 149.4-149.4 149.4 67 149.4 149.4-67.2 149.4-149.4 149.4zM741 272.6c0 29.8-24 53.6-53.6 53.6-29.8 0-53.6-24-53.6-53.6s24-53.6 53.6-53.6 53.6 24 53.6 53.6zM893.2 327c-3.4-71.8-19.8-135.4-72.4-187.8-52.4-52.4-116-68.8-187.8-72.4-74-4.2-295.8-4.2-369.8 0-71.6 3.4-135.2 19.8-187.8 72.2s-68.8 116-72.4 187.8c-4.2 74-4.2 295.8 0 369.8 3.4 71.8 19.8 135.4 72.4 187.8s116 68.8 187.8 72.4c74 4.2 295.8 4.2 369.8 0 71.8-3.4 135.4-19.8 187.8-72.4 52.4-52.4 68.8-116 72.4-187.8 4.2-74 4.2-295.6 0-369.6zM797.6 776c-15.6 39.2-45.8 69.4-85.2 85.2-59 23.4-199 18-264.2 18s-205.4 5.2-264.2-18c-39.2-15.6-69.4-45.8-85.2-85.2-23.4-59-18-199-18-264.2s-5.2-205.4 18-264.2c15.6-39.2 45.8-69.4 85.2-85.2 59-23.4 199-18 264.2-18s205.4-5.2 264.2 18c39.2 15.6 69.4 45.8 85.2 85.2 23.4 59 18 199 18 264.2s5.4 205.4-18 264.2z\"><\/path><\/svg><span class=\"gspb_iconsList__item__text\"> <\/span><\/div><div class=\"gspb_iconsList__item\" data-id=\"2\"><a class=\"gspb_iconsList__link\" href=\"https:\/\/www.pinterest.com\/Monalaknitwear\/\" rel=\"noopener\" target=\"_blank\"><\/a><svg class=\"\" style=\"display:inline-block;vertical-align:middle\" width=\"18\" height=\"18\" viewBox=\"0 0 992 1024\" xmlns=\"http:\/\/www.w3.org\/2000\/svg\"><path style=\"fill:#565D66\" d=\"M992 512c0 274-222 496-496 496-51.2 0-100.4-7.8-146.8-22.2 20.2-33 50.4-87 61.6-130 6-23.2 30.8-118 30.8-118 16.2 30.8 63.4 57 113.6 57 149.6 0 257.4-137.6 257.4-308.6 0-163.8-133.8-286.4-305.8-286.4-214 0-327.8 143.6-327.8 300.2 0 72.8 38.8 163.4 100.6 192.2 9.4 4.4 14.4 2.4 16.6-6.6 1.6-6.8 10-40.6 13.8-56.2 1.2-5 0.6-9.4-3.4-14.2-20.2-25-36.6-70.6-36.6-113.2 0-109.4 82.8-215.2 224-215.2 121.8 0 207.2 83 207.2 201.8 0 134.2-67.8 227.2-156 227.2-48.6 0-85.2-40.2-73.4-89.6 14-59 41-122.6 41-165.2 0-38-20.4-69.8-62.8-69.8-49.8 0-89.8 51.4-89.8 120.4 0 44 14.8 73.6 14.8 73.6s-49 207.6-58 246.4c-10 42.8-6 103.2-1.8 142.4-184.4-72.2-315.2-251.8-315.2-462 0-274 222-496 496-496s496 222 496 496z\"><\/path><\/svg><span class=\"gspb_iconsList__item__text\"> <\/span><\/div><\/div>\n<\/div>\n\n\n\n<div class=\"wp-block-greenshift-blocks-row-column gspb_row__col--6 gspb_col-id-gsbp-0947b42\" id=\"gspb_col-id-gsbp-0947b42\"><div class='fluentform ff-inherit-theme-style fluentform_wrapper_1  ff_guten_block ff_guten_block-1'><form data-form_id=\"1\" id=\"fluentform_1\" class=\"frm-fluent-form fluent_form_1 ff-el-form-top ff_form_instance_1_1 ff-form-loading ffs_inherit_theme\" data-form_instance=\"ff_form_instance_1_1\" method=\"POST\" ><fieldset  style=\"border: none!important;margin: 0!important;padding: 0!important;background-color: transparent!important;box-shadow: none!important;outline: none!important; min-inline-size: 100%;\">\n                    <legend class=\"ff_screen_reader_title\" style=\"display: block; margin: 0!important;padding: 0!important;height: 0!important;text-indent: -999999px;width: 0!important;overflow:hidden;\">Contact Form Demo<\/legend><input type='hidden' name='__fluent_form_embded_post_id' value='26230' \/><input type=\"hidden\" id=\"_fluentform_1_fluentformnonce\" name=\"_fluentform_1_fluentformnonce\" value=\"d792876f32\" \/><input type=\"hidden\" name=\"_wp_http_referer\" value=\"\/lt\/wp-json\/wp\/v2\/pages\/26230\" \/><div data-type=\"name-element\" data-name=\"names\" class=\" ff-field_container ff-name-field-wrapper\" ><div class='ff-t-container'><div class='ff-t-cell '><div class='ff-el-group'><div class=\"ff-el-input--label asterisk-right\"><label for='ff_1_names_first_name_' id='label_ff_1_names_first_name_' >First Name<\/label><\/div><div class='ff-el-input--content'><input type=\"text\" name=\"names[first_name]\" id=\"ff_1_names_first_name_\" class=\"ff-el-form-control\" placeholder=\"First Name\" aria-invalid=\"false\" aria-required=false><\/div><\/div><\/div><div class='ff-t-cell '><div class='ff-el-group'><div class=\"ff-el-input--label asterisk-right\"><label for='ff_1_names_last_name_' id='label_ff_1_names_last_name_' >Last Name<\/label><\/div><div class='ff-el-input--content'><input type=\"text\" name=\"names[last_name]\" id=\"ff_1_names_last_name_\" class=\"ff-el-form-control\" placeholder=\"Last Name\" aria-invalid=\"false\" aria-required=false><\/div><\/div><\/div><\/div><\/div><div class='ff-el-group'><div class=\"ff-el-input--label ff-el-is-required asterisk-right\"><label for='ff_1_email' id='label_ff_1_email' aria-label=\"Email\">Email<\/label><\/div><div class='ff-el-input--content'><input type=\"email\" name=\"email\" id=\"ff_1_email\" class=\"ff-el-form-control\" placeholder=\"Email Address\" data-name=\"email\"  aria-invalid=\"false\" aria-required=true><\/div><\/div><div class='ff-el-group'><div class=\"ff-el-input--label asterisk-right\"><label for='ff_1_subject' id='label_ff_1_subject' aria-label=\"Subject\">Subject<\/label><\/div><div class='ff-el-input--content'><input type=\"text\" name=\"subject\" class=\"ff-el-form-control\" placeholder=\"Subject\" data-name=\"subject\" id=\"ff_1_subject\"  aria-invalid=\"false\" aria-required=false><\/div><\/div><div class='ff-el-group'><div class=\"ff-el-input--label ff-el-is-required asterisk-right\"><label for='ff_1_message' id='label_ff_1_message' aria-label=\"Your Message\">Your Message<\/label><\/div><div class='ff-el-input--content'><textarea aria-required=\"true\" aria-labelledby=\"label_ff_1_message\" name=\"message\" id=\"ff_1_message\" class=\"ff-el-form-control\" placeholder=\"Your Message\" rows=\"4\" cols=\"2\" data-name=\"message\" ><\/textarea><\/div><\/div><div class='ff-el-group ff-text-left ff_submit_btn_wrapper'><button type=\"submit\" class=\"ff-btn ff-btn-submit ff-btn-md ff_btn_no_style\"  aria-label=\"Submit Form\">Submit Form<\/button><\/div><\/fieldset><\/form><div id='fluentform_1_errors' class='ff-errors-in-stack ff_form_instance_1_1 ff-form-loading_errors ff_form_instance_1_1_errors'><\/div><\/div>            <script type=\"text\/javascript\">\n                window.fluent_form_ff_form_instance_1_1 = {\"id\":\"1\",\"ajaxUrl\":\"https:\\\/\\\/monalashop.com\\\/wp-admin\\\/admin-ajax.php\",\"settings\":{\"layout\":{\"labelPlacement\":\"top\",\"helpMessagePlacement\":\"with_label\",\"errorMessagePlacement\":\"inline\",\"cssClassName\":\"\",\"asteriskPlacement\":\"asterisk-right\"},\"restrictions\":{\"denyEmptySubmission\":{\"enabled\":false}}},\"form_instance\":\"ff_form_instance_1_1\",\"form_id_selector\":\"fluentform_1\",\"rules\":{\"names[first_name]\":{\"required\":{\"value\":false,\"message\":\"This field is required\"}},\"names[middle_name]\":{\"required\":{\"value\":false,\"message\":\"This field is required\"}},\"names[last_name]\":{\"required\":{\"value\":false,\"message\":\"This field is required\"}},\"email\":{\"required\":{\"value\":true,\"message\":\"This field is required\"},\"email\":{\"value\":true,\"message\":\"This field must contain a valid email\"}},\"subject\":{\"required\":{\"value\":false,\"message\":\"This field is required\"}},\"message\":{\"required\":{\"value\":true,\"message\":\"This field is required\"}}},\"debounce_time\":300};\n                            <\/script>\n            <\/div>\n <\/div><\/div>\n","protected":false},"excerpt":{"rendered":"","protected":false},"author":5,"featured_media":0,"parent":0,"menu_order":0,"comment_status":"closed","ping_status":"closed","template":"","meta":{"_gspb_post_css":"#gspb_row-id-gsbp-c7aa775{justify-content:space-between;margin-bottom:0;display:flex;flex-wrap:wrap;min-height:700px}#gspb_row-id-gsbp-c7aa775>.gspb_row__content{display:flex;justify-content:space-between;margin:0 auto;width:100%;flex-wrap:wrap}.gspb_row{position:relative}div[id^=gspb_col-id]{box-sizing:border-box;position:relative;padding:15px min(3vw,20px)}@media (max-width:991.98px){#gspb_row-id-gsbp-c7aa775{min-height:400px}}#gspb_row-id-gsbp-c7aa775{margin-top:-60px}#gspb_col-id-gsbp-2580ae6.gspb_row__col--12{width:100%}@media (max-width:575.98px){#gspb_col-id-gsbp-2580ae6.gspb_row__col--12{width:100%}}#gspb_col-id-gsbp-2580ae6.gspb_row__col--12{background-size:cover;background-repeat:no-repeat;background-position:55% 58%;background-image:url(https:\/\/monalashop.com\/wp-content\/uploads\/2024\/08\/DSC_9053-20240807-223400.jpg);isolation:isolate}#gspb_col-id-gsbp-2580ae6.gspb_row__col--12:hover{background-size:cover}#gspb_col-id-gsbp-2580ae6.gspb_row__col--12>.gspb_backgroundOverlay{position:absolute;top:0;left:0;width:100%;height:100%;z-index:-1;opacity:.29;background-color:var(--wp--preset--color--palette-color-1, var(--theme-palette-color-1, #626659))}body #gspb_col-id-gsbp-2580ae6.gspb_row__col--12{align-content:center;align-items:center}#gspb_heading-id-gsbp-249e1bc{color:var(--wp--preset--color--palette-color-8, var(--theme-palette-color-8, #ffffff))}#gspb_row-id-gsbp-1c7a100{justify-content:space-between;margin-top:0;margin-bottom:0;display:flex;flex-wrap:wrap;min-height:700px}#gspb_row-id-gsbp-1c7a100>.gspb_row__content{display:flex;justify-content:space-between;margin:0 auto;width:100%;flex-wrap:wrap}body.gspb-bodyfront #gspb_row-id-gsbp-1c7a100>.gspb_row__content{width:var(--theme-container-width, 1200px);max-width:var(--theme-normal-container-max-width, 1200px)}#gspb_col-id-gsbp-7e5e3cf.gspb_row__col--6{width:50%}@media (max-width:575.98px){#gspb_col-id-gsbp-7e5e3cf.gspb_row__col--6{width:100%}.gspb_row #gspb_col-id-gsbp-7e5e3cf.gspb_row__col--6{margin-top:64px}}body #gspb_col-id-gsbp-0947b42.gspb_row__col--6,body #gspb_col-id-gsbp-2580ae6.gspb_row__col--12,body #gspb_col-id-gsbp-7e5e3cf.gspb_row__col--6{display:flex;flex-direction:column;justify-content:center}#gspb_iconsList-id-gsbp-926f949.gspb_iconsList .gspb_iconsList__item__text{margin-left:15px}#gspb_iconsList-id-gsbp-926f949.gspb_iconsList{display:inline-flex;flex-wrap:wrap;display:flex;flex-direction:row}#gspb_iconsList-id-gsbp-926f949.gspb_iconsList .gspb_iconsList__item{display:flex;flex-direction:row;align-items:center;position:relative}#gspb_iconsList-id-gsbp-926f949.gspb_iconsList .gspb_iconsList__item svg path{fill:var(--theme-link-initial-color, #2184f9)!important}#gspb_iconsList-id-gsbp-926f949.gspb_iconsList [data-id='0'] svg,#gspb_iconsList-id-gsbp-926f949.gspb_iconsList [data-id='1'] svg,#gspb_iconsList-id-gsbp-926f949.gspb_iconsList [data-id='2'] svg,body #gspb_iconsList-id-gsbp-926f949.gspb_iconsList .gspb_iconsList__item img,body #gspb_iconsList-id-gsbp-926f949.gspb_iconsList .gspb_iconsList__item svg{margin:0!important}#gspb_iconsList-id-gsbp-926f949.gspb_iconsList .gspb_iconsList__link{position:absolute;top:0;left:0;right:0;bottom:0;z-index:1}#gspb_col-id-gsbp-0947b42.gspb_row__col--6{width:50%}@media (max-width:575.98px){#gspb_col-id-gsbp-0947b42.gspb_row__col--6{width:100%}.gspb_row #gspb_col-id-gsbp-0947b42.gspb_row__col--6{padding-top:64px}}","footnotes":""},"class_list":["post-26230","page","type-page","status-publish","hentry"],"blocksy_meta":{"has_hero_section":"disabled","styles_descriptor":{"styles":{"desktop":"","tablet":"","mobile":""},"google_fonts":[],"version":6}},"_links":{"self":[{"href":"https:\/\/monalashop.com\/lt\/wp-json\/wp\/v2\/pages\/26230","targetHints":{"allow":["GET"]}}],"collection":[{"href":"https:\/\/monalashop.com\/lt\/wp-json\/wp\/v2\/pages"}],"about":[{"href":"https:\/\/monalashop.com\/lt\/wp-json\/wp\/v2\/types\/page"}],"author":[{"embeddable":true,"href":"https:\/\/monalashop.com\/lt\/wp-json\/wp\/v2\/users\/5"}],"replies":[{"embeddable":true,"href":"https:\/\/monalashop.com\/lt\/wp-json\/wp\/v2\/comments?post=26230"}],"version-history":[{"count":1,"href":"https:\/\/monalashop.com\/lt\/wp-json\/wp\/v2\/pages\/26230\/revisions"}],"predecessor-version":[{"id":28907,"href":"https:\/\/monalashop.com\/lt\/wp-json\/wp\/v2\/pages\/26230\/revisions\/28907"}],"wp:attachment":[{"href":"https:\/\/monalashop.com\/lt\/wp-json\/wp\/v2\/media?parent=26230"}],"curies":[{"name":"wp","href":"https:\/\/api.w.org\/{rel}","templated":true}]}}